{"id":47,"date":"2024-04-04T06:11:38","date_gmt":"2024-04-04T03:11:38","guid":{"rendered":"https:\/\/sisu.ut.ee\/mineraalid-ja-kivimid\/setend\/"},"modified":"2024-04-04T06:13:07","modified_gmt":"2024-04-04T03:13:07","slug":"setend","status":"publish","type":"page","link":"https:\/\/sisu.ut.ee\/mineraalid-ja-kivimid\/setend\/","title":{"rendered":"Setend"},"content":{"rendered":"<p>\n\t<font face=\"Arial\"><font style=\"medium;font-style:normal;font-weight:400;letter-spacing:normal;text-align:start;text-indent:0px;text-transform:none\"><b>Setend<\/b>\u00a0on m\u00f5iste, mida kasutatakse nii\u00a0<\/font><\/font><a data-url=\"https:\/\/sisu.ut.ee\/mineraalid-ja-kivimid\/sete\" href=\"https:\/\/sisu.ut.ee\/mineraalid-ja-kivimid\/sete\" target=\"_blank\" title=\"\" rel=\"noopener\">setete<\/a><font face=\"Arial\"><font style=\"medium;font-style:normal;font-weight:400;letter-spacing:normal;text-align:start;text-indent:0px;text-transform:none\">\u00a0kui ka\u00a0<\/font><\/font><a data-url=\"https:\/\/sisu.ut.ee\/mineraalid-ja-kivimid\/settekivimid\" href=\"https:\/\/sisu.ut.ee\/mineraalid-ja-kivimid\/settekivimid\" target=\"_blank\" title=\"\" rel=\"noopener\">settekivimite<\/a><font face=\"Arial\"><font style=\"medium;font-style:normal;font-weight:400;letter-spacing:normal;text-align:start;text-indent:0px;text-transform:none\">\u00a0kohta. Setendite iseloomulik tunnus on kihilisus (foto 1), mis osutab nende kuhjumise perioodilisusele v\u00f5i r\u00fctmilisusele.<\/font><\/font>\n<\/p>\n<p>\n\t<img loading=\"lazy\" decoding=\"async\" width=\"120\" height=\"117\" class=\"alignnone wp-image-270\" src=\"https:\/\/sisu.ut.ee\/wp-content\/uploads\/sites\/431\/liivak1a_01.jpg\" title=\"liivak1a_01.jpg\" alt=\"liivakivi\">\n<\/p>\n<p>\n\t<font face=\"Arial\">Foto 1. Aruk\u00fcla lademe (Devon) kihiline liivakivi Tartus, Kalmistu paljandis<\/font>\n<\/p>\n<p style=\"text-align:start\">\n\t<span><span style=\"color:#000000\"><span><span style=\"font-style:normal\"><span><span><span style=\"font-weight:400\"><span style=\"letter-spacing:normal\"><span><span style=\"text-transform:none\"><span><span><span><span><span>Koostanud ja fotografeerinud \u00a9 2003 Mare Isakar<\/span><\/span><\/span><\/span><\/span><\/span><\/span><\/span><\/span><\/span><\/span><\/span><\/span><\/span><\/span><\/p>\n","protected":false},"excerpt":{"rendered":"<p>Setend\u00a0on m\u00f5iste, mida kasutatakse nii\u00a0setete\u00a0kui ka\u00a0settekivimite\u00a0kohta. Setendite iseloomulik tunnus on kihilisus (foto 1), mis osutab nende kuhjumise perioodilisusele v\u00f5i r\u00fctmilisusele. Foto 1. Aruk\u00fcla lademe (Devon) kihiline liivakivi Tartus, Kalmistu paljandis Koostanud ja fotografeerinud \u00a9 2003 Mare Isakar<\/p>\n","protected":false},"author":226,"featured_media":0,"parent":0,"menu_order":0,"comment_status":"closed","ping_status":"closed","template":"","meta":{"_acf_changed":false,"inline_featured_image":false,"footnotes":""},"class_list":["post-47","page","type-page","status-publish","hentry"],"acf":[],"_links":{"self":[{"href":"https:\/\/sisu.ut.ee\/mineraalid-ja-kivimid\/wp-json\/wp\/v2\/pages\/47","targetHints":{"allow":["GET"]}}],"collection":[{"href":"https:\/\/sisu.ut.ee\/mineraalid-ja-kivimid\/wp-json\/wp\/v2\/pages"}],"about":[{"href":"https:\/\/sisu.ut.ee\/mineraalid-ja-kivimid\/wp-json\/wp\/v2\/types\/page"}],"author":[{"embeddable":true,"href":"https:\/\/sisu.ut.ee\/mineraalid-ja-kivimid\/wp-json\/wp\/v2\/users\/226"}],"replies":[{"embeddable":true,"href":"https:\/\/sisu.ut.ee\/mineraalid-ja-kivimid\/wp-json\/wp\/v2\/comments?post=47"}],"version-history":[{"count":1,"href":"https:\/\/sisu.ut.ee\/mineraalid-ja-kivimid\/wp-json\/wp\/v2\/pages\/47\/revisions"}],"predecessor-version":[{"id":813,"href":"https:\/\/sisu.ut.ee\/mineraalid-ja-kivimid\/wp-json\/wp\/v2\/pages\/47\/revisions\/813"}],"wp:attachment":[{"href":"https:\/\/sisu.ut.ee\/mineraalid-ja-kivimid\/wp-json\/wp\/v2\/media?parent=47"}],"curies":[{"name":"wp","href":"https:\/\/api.w.org\/{rel}","templated":true}]}}