{"id":40,"date":"2024-04-04T06:11:38","date_gmt":"2024-04-04T03:11:38","guid":{"rendered":"https:\/\/sisu.ut.ee\/mineraalid-ja-kivimid\/kuld\/"},"modified":"2024-04-04T06:13:06","modified_gmt":"2024-04-04T03:13:06","slug":"kuld","status":"publish","type":"page","link":"https:\/\/sisu.ut.ee\/mineraalid-ja-kivimid\/kuld\/","title":{"rendered":"Kuld"},"content":{"rendered":"<p>\n\t<font face=\"Arial\"><font style=\"medium;font-style:normal;font-weight:400;letter-spacing:normal;text-align:start;text-indent:0px;text-transform:none\"><b>Kuld<\/b>\u00a0\u2013 Au. Esineb korrap\u00e4ratute terakeste, lehekeste v\u00f5i dendriitidena, harva suurte, kuni mitme kilogrammi raskusega ehet\u00fckkidena. V\u00e4rvus kuldkollane, l\u00e4ige metalliline, kriipsu v\u00e4rvus kollane. Esineb kvartsisoontes ja murendsetetes.<\/font><\/font>\n<\/p>\n<p>\n\t<font face=\"Arial\"><b>K\u00f5vadus 2,5 \u2013 3<\/b><\/font>\n<\/p>\n<p>\n\t<img loading=\"lazy\" decoding=\"async\" width=\"109\" height=\"120\" class=\"alignnone wp-image-260\" src=\"https:\/\/sisu.ut.ee\/wp-content\/uploads\/sites\/431\/kuld1a.jpg\" title=\"kuld1a.jpg\" alt=\"kuld\"><br><font face=\"Arial\">Foto 1. Kuld<\/font>\n<\/p>\n<p>\n\t<img loading=\"lazy\" decoding=\"async\" width=\"120\" height=\"90\" class=\"alignnone wp-image-261\" src=\"https:\/\/sisu.ut.ee\/wp-content\/uploads\/sites\/431\/kuld2a.jpg\" title=\"kuld2a.jpg\" alt=\"kuld\"><br><font face=\"Arial\">Foto 2. Kuld<\/font>\n<\/p>\n<p style=\"text-align:start\">\n\t<br><span><span style=\"color:#000000\"><span><span style=\"font-style:normal\"><span><span><span style=\"font-weight:400\"><span style=\"letter-spacing:normal\"><span><span style=\"text-transform:none\"><span><span><span><span><span>Koostanud ja fotografeerinud \u00a9 2003 Mare Isakar<\/span><\/span><\/span><\/span><\/span><\/span><\/span><\/span><\/span><\/span><\/span><\/span><\/span><\/span><\/span><\/p>\n","protected":false},"excerpt":{"rendered":"<p>Kuld\u00a0\u2013 Au. Esineb korrap\u00e4ratute terakeste, lehekeste v\u00f5i dendriitidena, harva suurte, kuni mitme kilogrammi raskusega ehet\u00fckkidena. V\u00e4rvus kuldkollane, l\u00e4ige metalliline, kriipsu v\u00e4rvus kollane. Esineb kvartsisoontes ja murendsetetes. K\u00f5vadus 2,5 \u2013 3 Foto 1. Kuld Foto 2. Kuld Koostanud ja fotografeerinud \u00a9 &#8230;<\/p>\n","protected":false},"author":226,"featured_media":0,"parent":0,"menu_order":0,"comment_status":"closed","ping_status":"closed","template":"","meta":{"_acf_changed":false,"inline_featured_image":false,"footnotes":""},"class_list":["post-40","page","type-page","status-publish","hentry"],"acf":[],"_links":{"self":[{"href":"https:\/\/sisu.ut.ee\/mineraalid-ja-kivimid\/wp-json\/wp\/v2\/pages\/40","targetHints":{"allow":["GET"]}}],"collection":[{"href":"https:\/\/sisu.ut.ee\/mineraalid-ja-kivimid\/wp-json\/wp\/v2\/pages"}],"about":[{"href":"https:\/\/sisu.ut.ee\/mineraalid-ja-kivimid\/wp-json\/wp\/v2\/types\/page"}],"author":[{"embeddable":true,"href":"https:\/\/sisu.ut.ee\/mineraalid-ja-kivimid\/wp-json\/wp\/v2\/users\/226"}],"replies":[{"embeddable":true,"href":"https:\/\/sisu.ut.ee\/mineraalid-ja-kivimid\/wp-json\/wp\/v2\/comments?post=40"}],"version-history":[{"count":1,"href":"https:\/\/sisu.ut.ee\/mineraalid-ja-kivimid\/wp-json\/wp\/v2\/pages\/40\/revisions"}],"predecessor-version":[{"id":806,"href":"https:\/\/sisu.ut.ee\/mineraalid-ja-kivimid\/wp-json\/wp\/v2\/pages\/40\/revisions\/806"}],"wp:attachment":[{"href":"https:\/\/sisu.ut.ee\/mineraalid-ja-kivimid\/wp-json\/wp\/v2\/media?parent=40"}],"curies":[{"name":"wp","href":"https:\/\/api.w.org\/{rel}","templated":true}]}}