{"id":39,"date":"2024-04-04T06:11:38","date_gmt":"2024-04-04T03:11:38","guid":{"rendered":"https:\/\/sisu.ut.ee\/mineraalid-ja-kivimid\/marmor\/"},"modified":"2024-04-04T06:13:06","modified_gmt":"2024-04-04T03:13:06","slug":"marmor","status":"publish","type":"page","link":"https:\/\/sisu.ut.ee\/mineraalid-ja-kivimid\/marmor\/","title":{"rendered":"Marmor"},"content":{"rendered":"<p>\n\t<font face=\"Arial\"><font style=\"medium;font-style:normal;font-weight:400;letter-spacing:normal;text-align:start;text-indent:0px;text-transform:none\"><b>Marmorid<\/b>\u00a0tekivad lubjakivide moondel ning koosnevad ainult \u00fchest mineraalist \u2013\u00a0<\/font><\/font><a data-url=\"https:\/\/sisu.ut.ee\/mineraalid-ja-kivimid\/kaltsiit\" href=\"https:\/\/sisu.ut.ee\/mineraalid-ja-kivimid\/kaltsiit\" target=\"_blank\" title=\"\" rel=\"noopener\">kaltsiidist<\/a><font face=\"Arial\"><font style=\"medium;font-style:normal;font-weight:400;letter-spacing:normal;text-align:start;text-indent:0px;text-transform:none\">. Nad on teralise ehitusega valged (foto 1), sinakashallid (fotod 5, 6), roosad (fotod 2, 3), pruunid, kirjuv\u00e4rvilised-laigulised (fotod 7, 8) v\u00f5i v\u00f6\u00f6lised kivimid. Marmorid on h\u00e4sti poleeritavad, ning seet\u00f5ttu kasutatakse neid laialdaselt nii arhitektuuris kui ka skulptuuris.<\/font><\/font>\n<\/p>\n<p>\n\t<img loading=\"lazy\" decoding=\"async\" width=\"120\" height=\"56\" class=\"alignnone wp-image-252\" src=\"https:\/\/sisu.ut.ee\/wp-content\/uploads\/sites\/431\/marmor2a.jpg\" title=\"marmor2a.jpg\" alt=\"marmor\"><br><font face=\"Arial\">Foto 1. Marmor<\/font>\n<\/p>\n<p>\n\t<img loading=\"lazy\" decoding=\"async\" width=\"120\" height=\"78\" class=\"alignnone wp-image-253\" src=\"https:\/\/sisu.ut.ee\/wp-content\/uploads\/sites\/431\/marmor4a.jpg\" title=\"marmor4a.jpg\" alt=\"marmor\">\u00a0<img loading=\"lazy\" decoding=\"async\" width=\"120\" height=\"114\" class=\"alignnone wp-image-254\" src=\"https:\/\/sisu.ut.ee\/wp-content\/uploads\/sites\/431\/marmor3a.jpg\" title=\"marmor3a.jpg\" alt=\"marmor\">\u00a0<img loading=\"lazy\" decoding=\"async\" width=\"120\" height=\"106\" class=\"alignnone wp-image-255\" src=\"https:\/\/sisu.ut.ee\/wp-content\/uploads\/sites\/431\/marmor7a.jpg\" title=\"marmor7a.jpg\" alt=\"marmor\"><br><font face=\"Arial\">Fotod 2, 3, 4. Marmor, Bernina, Schveits<\/font>\n<\/p>\n<p>\n\t<img loading=\"lazy\" decoding=\"async\" width=\"120\" height=\"75\" class=\"alignnone wp-image-256\" src=\"https:\/\/sisu.ut.ee\/wp-content\/uploads\/sites\/431\/marmor5a.jpg\" title=\"marmor5a.jpg\" alt=\"marmor\">\u00a0<img loading=\"lazy\" decoding=\"async\" width=\"111\" height=\"120\" class=\"alignnone wp-image-257\" src=\"https:\/\/sisu.ut.ee\/wp-content\/uploads\/sites\/431\/marmor6a.jpg\" title=\"marmor6a.jpg\" alt=\"marmor\"><br><font face=\"Arial\">Fotod 5 (belemniitmarmor), 6. Marmor, Windg\u00fclle, Schveits<\/font>\n<\/p>\n<p>\n\t<img loading=\"lazy\" decoding=\"async\" width=\"114\" height=\"120\" class=\"alignnone wp-image-258\" src=\"https:\/\/sisu.ut.ee\/wp-content\/uploads\/sites\/431\/marmor8a.jpg\" title=\"marmor8a.jpg\" alt=\"marmor\"><br><font face=\"Arial\">Fotod 7. Marmor, Arzo, Itaalia<\/font>\n<\/p>\n<p>\n\t<img loading=\"lazy\" decoding=\"async\" width=\"69\" height=\"120\" class=\"alignnone wp-image-259\" src=\"https:\/\/sisu.ut.ee\/wp-content\/uploads\/sites\/431\/marmor9a.jpg\" title=\"marmor9a.jpg\" alt=\"marmor\"><br><font face=\"Arial\">Foto 8. Marmor, Grindelwald, Schveits<\/font>\n<\/p>\n<p style=\"text-align:start\">\n\t<br><span><span style=\"color:#000000\"><span><span style=\"font-style:normal\"><span><span><span style=\"font-weight:400\"><span style=\"letter-spacing:normal\"><span><span style=\"text-transform:none\"><span><span><span><span><span>Koostanud ja fotografeerinud \u00a9 2003 Mare Isakar<\/span><\/span><\/span><\/span><\/span><\/span><\/span><\/span><\/span><\/span><\/span><\/span><\/span><\/span><\/span><\/p>\n","protected":false},"excerpt":{"rendered":"<p>Marmorid\u00a0tekivad lubjakivide moondel ning koosnevad ainult \u00fchest mineraalist \u2013\u00a0kaltsiidist. Nad on teralise ehitusega valged (foto 1), sinakashallid (fotod 5, 6), roosad (fotod 2, 3), pruunid, kirjuv\u00e4rvilised-laigulised (fotod 7, 8) v\u00f5i v\u00f6\u00f6lised kivimid. Marmorid on h\u00e4sti poleeritavad, ning seet\u00f5ttu kasutatakse neid &#8230;<\/p>\n","protected":false},"author":226,"featured_media":0,"parent":0,"menu_order":0,"comment_status":"closed","ping_status":"closed","template":"","meta":{"_acf_changed":false,"inline_featured_image":false,"footnotes":""},"class_list":["post-39","page","type-page","status-publish","hentry"],"acf":[],"_links":{"self":[{"href":"https:\/\/sisu.ut.ee\/mineraalid-ja-kivimid\/wp-json\/wp\/v2\/pages\/39","targetHints":{"allow":["GET"]}}],"collection":[{"href":"https:\/\/sisu.ut.ee\/mineraalid-ja-kivimid\/wp-json\/wp\/v2\/pages"}],"about":[{"href":"https:\/\/sisu.ut.ee\/mineraalid-ja-kivimid\/wp-json\/wp\/v2\/types\/page"}],"author":[{"embeddable":true,"href":"https:\/\/sisu.ut.ee\/mineraalid-ja-kivimid\/wp-json\/wp\/v2\/users\/226"}],"replies":[{"embeddable":true,"href":"https:\/\/sisu.ut.ee\/mineraalid-ja-kivimid\/wp-json\/wp\/v2\/comments?post=39"}],"version-history":[{"count":1,"href":"https:\/\/sisu.ut.ee\/mineraalid-ja-kivimid\/wp-json\/wp\/v2\/pages\/39\/revisions"}],"predecessor-version":[{"id":805,"href":"https:\/\/sisu.ut.ee\/mineraalid-ja-kivimid\/wp-json\/wp\/v2\/pages\/39\/revisions\/805"}],"wp:attachment":[{"href":"https:\/\/sisu.ut.ee\/mineraalid-ja-kivimid\/wp-json\/wp\/v2\/media?parent=39"}],"curies":[{"name":"wp","href":"https:\/\/api.w.org\/{rel}","templated":true}]}}