{"id":37,"date":"2024-04-04T06:11:38","date_gmt":"2024-04-04T03:11:38","guid":{"rendered":"https:\/\/sisu.ut.ee\/mineraalid-ja-kivimid\/kvartsiit\/"},"modified":"2024-04-04T06:13:06","modified_gmt":"2024-04-04T03:13:06","slug":"kvartsiit","status":"publish","type":"page","link":"https:\/\/sisu.ut.ee\/mineraalid-ja-kivimid\/kvartsiit\/","title":{"rendered":"Kvartsiit"},"content":{"rendered":"<p>\n\t<font face=\"Arial\"><font style=\"medium;font-style:normal;font-weight:400;letter-spacing:normal;text-align:start;text-indent:0px;text-transform:none\"><b>Kvartsiidid<\/b>\u00a0on massiivsed hallid v\u00f5i pruunikad kivimid, mis on tekkinud liivakivide moondumisel (fotod 1, 2, 3). Nad on v\u00e4ga k\u00f5vad ja vastupidavad murenemisele.<\/font><\/font>\n<\/p>\n<p>\n\t<img loading=\"lazy\" decoding=\"async\" width=\"105\" height=\"120\" class=\"alignnone wp-image-244\" src=\"https:\/\/sisu.ut.ee\/wp-content\/uploads\/sites\/431\/kvartsiit1a.jpg\" title=\"kvartsiit1a.jpg\" alt=\"kvartsiit\"><font face=\"Arial\">\u00a0a\u00a0<\/font><img loading=\"lazy\" decoding=\"async\" width=\"120\" height=\"101\" class=\"alignnone wp-image-245\" src=\"https:\/\/sisu.ut.ee\/wp-content\/uploads\/sites\/431\/kvartsiit2a.jpg\" title=\"kvartsiit2a.jpg\" alt=\"kvartsiit\"><font face=\"Arial\">\u00a0b\u00a0<\/font><img loading=\"lazy\" decoding=\"async\" width=\"112\" height=\"120\" class=\"alignnone wp-image-246\" src=\"https:\/\/sisu.ut.ee\/wp-content\/uploads\/sites\/431\/kvartsiit3a.jpg\" title=\"kvartsiit3a.jpg\" alt=\"kvartsiit\"><font face=\"Arial\">\u00a0c\u00a0<\/font><img loading=\"lazy\" decoding=\"async\" width=\"107\" height=\"120\" class=\"alignnone wp-image-247\" src=\"https:\/\/sisu.ut.ee\/wp-content\/uploads\/sites\/431\/kvartsiit4a_01.jpg\" title=\"kvartsiit4a_01.jpg\" alt=\"kvartsiit\"><font face=\"Arial\">d<br>Foto 1. Kvartsiit: a \u2013 Altmugberg; b \u2013 Alta, Norra; c \u2013 Bahia, Brasiilia; d \u2013 Elva<\/font>\n<\/p>\n<p>\n\t<img loading=\"lazy\" decoding=\"async\" width=\"96\" height=\"120\" class=\"alignnone wp-image-248\" src=\"https:\/\/sisu.ut.ee\/wp-content\/uploads\/sites\/431\/jotnia_lk1a.jpg\" title=\"jotnia_lk1a.jpg\" alt=\"jotnia_liivakivi\">\u00a0<img loading=\"lazy\" decoding=\"async\" width=\"120\" height=\"90\" class=\"alignnone wp-image-249\" src=\"https:\/\/sisu.ut.ee\/wp-content\/uploads\/sites\/431\/jotnia_lk2a.jpg\" title=\"jotnia_lk2a.jpg\" alt=\"jotnia_liivakivi\"><br><font face=\"Arial\">Foto 2. Kvartsiit, nn jotnia liivakivi, Utria<\/font>\n<\/p>\n<p>\n\t<img loading=\"lazy\" decoding=\"async\" width=\"120\" height=\"115\" class=\"alignnone wp-image-250\" src=\"https:\/\/sisu.ut.ee\/wp-content\/uploads\/sites\/431\/jotnia_ark1a.jpg\" title=\"jotnia_ark1a.jpg\" alt=\"jotnia_arkoosliivakivi\">\u00a0<img loading=\"lazy\" decoding=\"async\" width=\"120\" height=\"90\" class=\"alignnone wp-image-251\" src=\"https:\/\/sisu.ut.ee\/wp-content\/uploads\/sites\/431\/jotnia_ark2a.jpg\" title=\"jotnia_ark2a.jpg\" alt=\"jotnia_arkoosliivakivi\"><br><font face=\"Arial\">Foto 3. Kvartsiit, nn jotnia arkoosliivakivi, Kose<\/font>\n<\/p>\n<p style=\"text-align:start\">\n\t<span><span style=\"color:#000000\"><span><span style=\"font-style:normal\"><span><span><span style=\"font-weight:400\"><span style=\"letter-spacing:normal\"><span><span style=\"text-transform:none\"><span><span><span><span><span>Koostanud ja fotografeerinud \u00a9 2003 Mare Isakar<\/span><\/span><\/span><\/span><\/span><\/span><\/span><\/span><\/span><\/span><\/span><\/span><\/span><\/span><\/span><\/p>\n","protected":false},"excerpt":{"rendered":"<p>Kvartsiidid\u00a0on massiivsed hallid v\u00f5i pruunikad kivimid, mis on tekkinud liivakivide moondumisel (fotod 1, 2, 3). Nad on v\u00e4ga k\u00f5vad ja vastupidavad murenemisele. \u00a0a\u00a0\u00a0b\u00a0\u00a0c\u00a0dFoto 1. Kvartsiit: a \u2013 Altmugberg; b \u2013 Alta, Norra; c \u2013 Bahia, Brasiilia; d \u2013 Elva \u00a0Foto &#8230;<\/p>\n","protected":false},"author":226,"featured_media":0,"parent":0,"menu_order":0,"comment_status":"closed","ping_status":"closed","template":"","meta":{"_acf_changed":false,"inline_featured_image":false,"footnotes":""},"class_list":["post-37","page","type-page","status-publish","hentry"],"acf":[],"_links":{"self":[{"href":"https:\/\/sisu.ut.ee\/mineraalid-ja-kivimid\/wp-json\/wp\/v2\/pages\/37","targetHints":{"allow":["GET"]}}],"collection":[{"href":"https:\/\/sisu.ut.ee\/mineraalid-ja-kivimid\/wp-json\/wp\/v2\/pages"}],"about":[{"href":"https:\/\/sisu.ut.ee\/mineraalid-ja-kivimid\/wp-json\/wp\/v2\/types\/page"}],"author":[{"embeddable":true,"href":"https:\/\/sisu.ut.ee\/mineraalid-ja-kivimid\/wp-json\/wp\/v2\/users\/226"}],"replies":[{"embeddable":true,"href":"https:\/\/sisu.ut.ee\/mineraalid-ja-kivimid\/wp-json\/wp\/v2\/comments?post=37"}],"version-history":[{"count":1,"href":"https:\/\/sisu.ut.ee\/mineraalid-ja-kivimid\/wp-json\/wp\/v2\/pages\/37\/revisions"}],"predecessor-version":[{"id":803,"href":"https:\/\/sisu.ut.ee\/mineraalid-ja-kivimid\/wp-json\/wp\/v2\/pages\/37\/revisions\/803"}],"wp:attachment":[{"href":"https:\/\/sisu.ut.ee\/mineraalid-ja-kivimid\/wp-json\/wp\/v2\/media?parent=37"}],"curies":[{"name":"wp","href":"https:\/\/api.w.org\/{rel}","templated":true}]}}