{"id":31,"date":"2024-04-04T06:11:37","date_gmt":"2024-04-04T03:11:37","guid":{"rendered":"https:\/\/sisu.ut.ee\/mineraalid-ja-kivimid\/grafiit\/"},"modified":"2024-04-04T06:13:07","modified_gmt":"2024-04-04T03:13:07","slug":"grafiit","status":"publish","type":"page","link":"https:\/\/sisu.ut.ee\/mineraalid-ja-kivimid\/grafiit\/","title":{"rendered":"Grafiit"},"content":{"rendered":"<p>\n\t<font face=\"Arial\"><font style=\"medium;font-style:normal;font-weight:400;letter-spacing:normal;text-align:start;text-indent:0px;text-transform:none\"><b>Grafiit<\/b>\u00a0\u2013 C. Esineb enamasti libleliste massidena. V\u00e4rvus tumehall kuni must. L\u00e4ige metallitaoline v\u00f5i tuhm. Kriipsu v\u00e4rvus hallikasmust, l\u00e4ikiv. M\u00e4\u00e4rib k\u00e4si. Esineb moondekivimites.<\/font><\/font>\n<\/p>\n<p>\n\t<font face=\"Arial\"><b>K\u00f5vadus 1<\/b><\/font>\n<\/p>\n<p>\n\t<img loading=\"lazy\" decoding=\"async\" width=\"110\" height=\"120\" class=\"alignnone wp-image-237\" src=\"https:\/\/sisu.ut.ee\/wp-content\/uploads\/sites\/431\/grafiit1a.jpg\" title=\"grafiit1a.jpg\" alt=\"grafiit\"><br><font face=\"Arial\">Foto 1. Grafiit<\/font>\n<\/p>\n<p style=\"text-align:start\">\n\t<br><span><span style=\"color:#000000\"><span><span style=\"font-style:normal\"><span><span><span style=\"font-weight:400\"><span style=\"letter-spacing:normal\"><span><span style=\"text-transform:none\"><span><span><span><span><span>Koostanud ja fotografeerinud \u00a9 2003 Mare Isakar<\/span><\/span><\/span><\/span><\/span><\/span><\/span><\/span><\/span><\/span><\/span><\/span><\/span><\/span><\/span><\/p>\n","protected":false},"excerpt":{"rendered":"<p>Grafiit\u00a0\u2013 C. Esineb enamasti libleliste massidena. V\u00e4rvus tumehall kuni must. L\u00e4ige metallitaoline v\u00f5i tuhm. Kriipsu v\u00e4rvus hallikasmust, l\u00e4ikiv. M\u00e4\u00e4rib k\u00e4si. Esineb moondekivimites. K\u00f5vadus 1 Foto 1. Grafiit Koostanud ja fotografeerinud \u00a9 2003 Mare Isakar<\/p>\n","protected":false},"author":226,"featured_media":0,"parent":0,"menu_order":0,"comment_status":"closed","ping_status":"closed","template":"","meta":{"_acf_changed":false,"inline_featured_image":false,"footnotes":""},"class_list":["post-31","page","type-page","status-publish","hentry"],"acf":[],"_links":{"self":[{"href":"https:\/\/sisu.ut.ee\/mineraalid-ja-kivimid\/wp-json\/wp\/v2\/pages\/31","targetHints":{"allow":["GET"]}}],"collection":[{"href":"https:\/\/sisu.ut.ee\/mineraalid-ja-kivimid\/wp-json\/wp\/v2\/pages"}],"about":[{"href":"https:\/\/sisu.ut.ee\/mineraalid-ja-kivimid\/wp-json\/wp\/v2\/types\/page"}],"author":[{"embeddable":true,"href":"https:\/\/sisu.ut.ee\/mineraalid-ja-kivimid\/wp-json\/wp\/v2\/users\/226"}],"replies":[{"embeddable":true,"href":"https:\/\/sisu.ut.ee\/mineraalid-ja-kivimid\/wp-json\/wp\/v2\/comments?post=31"}],"version-history":[{"count":1,"href":"https:\/\/sisu.ut.ee\/mineraalid-ja-kivimid\/wp-json\/wp\/v2\/pages\/31\/revisions"}],"predecessor-version":[{"id":818,"href":"https:\/\/sisu.ut.ee\/mineraalid-ja-kivimid\/wp-json\/wp\/v2\/pages\/31\/revisions\/818"}],"wp:attachment":[{"href":"https:\/\/sisu.ut.ee\/mineraalid-ja-kivimid\/wp-json\/wp\/v2\/media?parent=31"}],"curies":[{"name":"wp","href":"https:\/\/api.w.org\/{rel}","templated":true}]}}