{"id":30,"date":"2024-04-04T06:11:37","date_gmt":"2024-04-04T03:11:37","guid":{"rendered":"https:\/\/sisu.ut.ee\/mineraalid-ja-kivimid\/kips\/"},"modified":"2024-04-04T06:13:07","modified_gmt":"2024-04-04T03:13:07","slug":"kips","status":"publish","type":"page","link":"https:\/\/sisu.ut.ee\/mineraalid-ja-kivimid\/kips\/","title":{"rendered":"Kips"},"content":{"rendered":"<p>\n\t<font face=\"Arial\"><font style=\"medium;font-style:normal;font-weight:400;letter-spacing:normal;text-align:start;text-indent:0px;text-transform:none\"><b>Kips<\/b>\u00a0\u2013 CaSO<sub>4<\/sub>\u00a0* 2H<sub>2<\/sub>O. Kipsi kristallid on tahveljad v\u00f5i prismalised, v\u00e4ga t\u00e4iusliku l\u00f5henevusega. Esineb samuti tiheda marmorja massina v\u00f5i kiulise agregaadina (kiudkips) (fotod 2 \u2013 4). V\u00e4rvus valge, hall v\u00f5i punakas. L\u00e4ige klaasjas. Esineb ka l\u00e4bipaistvaid v\u00e4rvituid kristalle (foto1).<\/font><\/font>\n<\/p>\n<p>\n\t<font face=\"Arial\"><b>K\u00f5vadus 2<\/b><\/font>\n<\/p>\n<p>\n\t<img loading=\"lazy\" decoding=\"async\" width=\"112\" height=\"120\" class=\"alignnone wp-image-227\" src=\"https:\/\/sisu.ut.ee\/wp-content\/uploads\/sites\/431\/kips_kr1a_01.jpg\" title=\"kips_kr1a_01.jpg\" alt=\"kipsikristall\"><br><font face=\"Arial\">Foto 1. Peaaegu l\u00e4bipaistev kipsi kristall, Ballestar, Castellon, Hispaania<\/font>\n<\/p>\n<p>\n\t<img loading=\"lazy\" decoding=\"async\" width=\"120\" height=\"119\" class=\"alignnone wp-image-228\" src=\"https:\/\/sisu.ut.ee\/wp-content\/uploads\/sites\/431\/kips8a.jpg\" title=\"kips8a.jpg\" alt=\"kips\">\u00a0<img loading=\"lazy\" decoding=\"async\" width=\"120\" height=\"29\" class=\"alignnone wp-image-229\" src=\"https:\/\/sisu.ut.ee\/wp-content\/uploads\/sites\/431\/kips7a.jpg\" title=\"kips7a.jpg\" alt=\"kips\">\n<\/p>\n<p>\n\t<font face=\"Arial\">Foto 2, 3. Kips, l\u00e4bikumav, Sitsiilia<\/font>\n<\/p>\n<p>\n\t<img loading=\"lazy\" decoding=\"async\" width=\"120\" height=\"115\" class=\"alignnone wp-image-230\" src=\"https:\/\/sisu.ut.ee\/wp-content\/uploads\/sites\/431\/kips_4a.jpg\" title=\"kips_4a.jpg\" alt=\"kips\">\u00a0<img loading=\"lazy\" decoding=\"async\" width=\"120\" height=\"115\" class=\"alignnone wp-image-231\" src=\"https:\/\/sisu.ut.ee\/wp-content\/uploads\/sites\/431\/kips_5a.jpg\" title=\"kips_5a.jpg\" alt=\"kips\">\u00a0<img loading=\"lazy\" decoding=\"async\" width=\"120\" height=\"90\" class=\"alignnone wp-image-232\" src=\"https:\/\/sisu.ut.ee\/wp-content\/uploads\/sites\/431\/kips_6a.jpg\" title=\"kips_6a.jpg\" alt=\"kips\">\n<\/p>\n<p>\n\t<font face=\"Arial\">Foto 4, 5, 6. Kiudkips<\/font>\n<\/p>\n<p>\n\t<img loading=\"lazy\" decoding=\"async\" width=\"120\" height=\"77\" class=\"alignnone wp-image-233\" src=\"https:\/\/sisu.ut.ee\/wp-content\/uploads\/sites\/431\/kips9a.jpg\" title=\"kips9a.jpg\" alt=\"kips\">\n<\/p>\n<p>\n\t<font face=\"Arial\">Foto 7. Kips, Hiiem\u00e4e, Eesti<\/font>\n<\/p>\n<p>\n\t<img loading=\"lazy\" decoding=\"async\" width=\"78\" height=\"120\" class=\"alignnone wp-image-234\" src=\"https:\/\/sisu.ut.ee\/wp-content\/uploads\/sites\/431\/kips_2a.jpg\" title=\"kips_2a.jpg\" alt=\"kips\">\u00a0<img loading=\"lazy\" decoding=\"async\" width=\"92\" height=\"120\" class=\"alignnone wp-image-235\" src=\"https:\/\/sisu.ut.ee\/wp-content\/uploads\/sites\/431\/kips_3a.jpg\" title=\"kips_3a.jpg\" alt=\"kips\">\u00a0<img loading=\"lazy\" decoding=\"async\" width=\"120\" height=\"84\" class=\"alignnone wp-image-236\" src=\"https:\/\/sisu.ut.ee\/wp-content\/uploads\/sites\/431\/kips_1a.jpg\" title=\"kips_1a.jpg\" alt=\"kips\">\n<\/p>\n<p>\n\t<font face=\"Arial\">Foto 8, 9, 10. Plaatjate kipsi kristallide agregaadid \u2013 liivaroosid<\/font>\n<\/p>\n<p style=\"text-align:start\">\n\t<br><span><span style=\"color:#000000\"><span><span style=\"font-style:normal\"><span><span><span style=\"font-weight:400\"><span style=\"letter-spacing:normal\"><span><span style=\"text-transform:none\"><span><span><span><span><span>Koostanud ja fotografeerinud \u00a9 2003 Mare Isakar<\/span><\/span><\/span><\/span><\/span><\/span><\/span><\/span><\/span><\/span><\/span><\/span><\/span><\/span><\/span><\/p>\n","protected":false},"excerpt":{"rendered":"<p>Kips\u00a0\u2013 CaSO4\u00a0* 2H2O. Kipsi kristallid on tahveljad v\u00f5i prismalised, v\u00e4ga t\u00e4iusliku l\u00f5henevusega. Esineb samuti tiheda marmorja massina v\u00f5i kiulise agregaadina (kiudkips) (fotod 2 \u2013 4). V\u00e4rvus valge, hall v\u00f5i punakas. L\u00e4ige klaasjas. Esineb ka l\u00e4bipaistvaid v\u00e4rvituid kristalle (foto1). K\u00f5vadus 2 &#8230;<\/p>\n","protected":false},"author":226,"featured_media":0,"parent":0,"menu_order":0,"comment_status":"closed","ping_status":"closed","template":"","meta":{"_acf_changed":false,"inline_featured_image":false,"footnotes":""},"class_list":["post-30","page","type-page","status-publish","hentry"],"acf":[],"_links":{"self":[{"href":"https:\/\/sisu.ut.ee\/mineraalid-ja-kivimid\/wp-json\/wp\/v2\/pages\/30","targetHints":{"allow":["GET"]}}],"collection":[{"href":"https:\/\/sisu.ut.ee\/mineraalid-ja-kivimid\/wp-json\/wp\/v2\/pages"}],"about":[{"href":"https:\/\/sisu.ut.ee\/mineraalid-ja-kivimid\/wp-json\/wp\/v2\/types\/page"}],"author":[{"embeddable":true,"href":"https:\/\/sisu.ut.ee\/mineraalid-ja-kivimid\/wp-json\/wp\/v2\/users\/226"}],"replies":[{"embeddable":true,"href":"https:\/\/sisu.ut.ee\/mineraalid-ja-kivimid\/wp-json\/wp\/v2\/comments?post=30"}],"version-history":[{"count":1,"href":"https:\/\/sisu.ut.ee\/mineraalid-ja-kivimid\/wp-json\/wp\/v2\/pages\/30\/revisions"}],"predecessor-version":[{"id":817,"href":"https:\/\/sisu.ut.ee\/mineraalid-ja-kivimid\/wp-json\/wp\/v2\/pages\/30\/revisions\/817"}],"wp:attachment":[{"href":"https:\/\/sisu.ut.ee\/mineraalid-ja-kivimid\/wp-json\/wp\/v2\/media?parent=30"}],"curies":[{"name":"wp","href":"https:\/\/api.w.org\/{rel}","templated":true}]}}