{"id":27,"date":"2024-04-04T06:11:37","date_gmt":"2024-04-04T03:11:37","guid":{"rendered":"https:\/\/sisu.ut.ee\/mineraalid-ja-kivimid\/nefeliin\/"},"modified":"2024-04-04T06:13:07","modified_gmt":"2024-04-04T03:13:07","slug":"nefeliin","status":"publish","type":"page","link":"https:\/\/sisu.ut.ee\/mineraalid-ja-kivimid\/nefeliin\/","title":{"rendered":"Nefeliin"},"content":{"rendered":"<p>\n\t<font face=\"Arial\"><font style=\"medium;font-style:normal;font-weight:400;letter-spacing:normal;text-align:start;text-indent:0px;text-transform:none\"><b>Nefeliin<\/b>\u00a0\u2013 Na[AlSiO<sub>4<\/sub>]. Nefeliin esineb tiheda massina, harva kristallidena. V\u00e4rvus hall (foto 1b), m\u00e4\u00e4rdunud kollane, roosa (foto 1a) v\u00f5i rohekas. Kriipsu v\u00e4rvus valge. Murdepind karpjas. L\u00f5henevus ebat\u00e4iuslik. L\u00e4ige rasvane.<\/font><\/font>\n<\/p>\n<p>\n\t<font face=\"Arial\"><b>K\u00f5vadus 5,5<\/b><\/font>\n<\/p>\n<p>\n\t<font face=\"Arial\">Nefeliin on kivimit moodustavaks mineraaliks feldspatoidides, kus puudub kvarts.<\/font>\n<\/p>\n<p>\n\t<img loading=\"lazy\" decoding=\"async\" width=\"120\" height=\"111\" class=\"alignnone wp-image-215\" src=\"https:\/\/sisu.ut.ee\/wp-content\/uploads\/sites\/431\/nefeliin1a.jpg\" title=\"nefeliin1a.jpg\" alt=\"nefeliin\"><font face=\"Arial\">\u00a0a\u00a0<\/font><img loading=\"lazy\" decoding=\"async\" width=\"120\" height=\"116\" class=\"alignnone wp-image-216\" src=\"https:\/\/sisu.ut.ee\/wp-content\/uploads\/sites\/431\/nefeliin2a.jpg\" title=\"nefeliin2a.jpg\" alt=\"nefeliin\"><font face=\"Arial\">\u00a0b<br>Foto 1. Nefeliin<\/font>\n<\/p>\n<p style=\"text-align:start\">\n\t<br><span><span style=\"color:#000000\"><span><span style=\"font-style:normal\"><span><span><span style=\"font-weight:400\"><span style=\"letter-spacing:normal\"><span><span style=\"text-transform:none\"><span><span><span><span><span>Koostanud ja fotografeerinud \u00a9 2003 Mare Isakar<\/span><\/span><\/span><\/span><\/span><\/span><\/span><\/span><\/span><\/span><\/span><\/span><\/span><\/span><\/span><\/p>\n","protected":false},"excerpt":{"rendered":"<p>Nefeliin\u00a0\u2013 Na[AlSiO4]. Nefeliin esineb tiheda massina, harva kristallidena. V\u00e4rvus hall (foto 1b), m\u00e4\u00e4rdunud kollane, roosa (foto 1a) v\u00f5i rohekas. Kriipsu v\u00e4rvus valge. Murdepind karpjas. L\u00f5henevus ebat\u00e4iuslik. L\u00e4ige rasvane. K\u00f5vadus 5,5 Nefeliin on kivimit moodustavaks mineraaliks feldspatoidides, kus puudub kvarts. \u00a0a\u00a0\u00a0bFoto &#8230;<\/p>\n","protected":false},"author":226,"featured_media":0,"parent":0,"menu_order":0,"comment_status":"closed","ping_status":"closed","template":"","meta":{"_acf_changed":false,"inline_featured_image":false,"footnotes":""},"class_list":["post-27","page","type-page","status-publish","hentry"],"acf":[],"_links":{"self":[{"href":"https:\/\/sisu.ut.ee\/mineraalid-ja-kivimid\/wp-json\/wp\/v2\/pages\/27","targetHints":{"allow":["GET"]}}],"collection":[{"href":"https:\/\/sisu.ut.ee\/mineraalid-ja-kivimid\/wp-json\/wp\/v2\/pages"}],"about":[{"href":"https:\/\/sisu.ut.ee\/mineraalid-ja-kivimid\/wp-json\/wp\/v2\/types\/page"}],"author":[{"embeddable":true,"href":"https:\/\/sisu.ut.ee\/mineraalid-ja-kivimid\/wp-json\/wp\/v2\/users\/226"}],"replies":[{"embeddable":true,"href":"https:\/\/sisu.ut.ee\/mineraalid-ja-kivimid\/wp-json\/wp\/v2\/comments?post=27"}],"version-history":[{"count":1,"href":"https:\/\/sisu.ut.ee\/mineraalid-ja-kivimid\/wp-json\/wp\/v2\/pages\/27\/revisions"}],"predecessor-version":[{"id":814,"href":"https:\/\/sisu.ut.ee\/mineraalid-ja-kivimid\/wp-json\/wp\/v2\/pages\/27\/revisions\/814"}],"wp:attachment":[{"href":"https:\/\/sisu.ut.ee\/mineraalid-ja-kivimid\/wp-json\/wp\/v2\/media?parent=27"}],"curies":[{"name":"wp","href":"https:\/\/api.w.org\/{rel}","templated":true}]}}