{"id":25,"date":"2024-04-04T06:11:36","date_gmt":"2024-04-04T03:11:36","guid":{"rendered":"https:\/\/sisu.ut.ee\/mineraalid-ja-kivimid\/kaoliniit\/"},"modified":"2024-04-04T06:13:08","modified_gmt":"2024-04-04T03:13:08","slug":"kaoliniit","status":"publish","type":"page","link":"https:\/\/sisu.ut.ee\/mineraalid-ja-kivimid\/kaoliniit\/","title":{"rendered":"Kaoliniit"},"content":{"rendered":"<p>\n\t<font face=\"Arial\"><font style=\"medium;font-style:normal;font-weight:400;letter-spacing:normal;text-align:start;text-indent:0px;text-transform:none\"><b>Kaoliniit<\/b>\u00a0\u2013 Al<sub>4<\/sub>(OH)<sub>8<\/sub>[Si<sub>4<\/sub>O<sub>10<\/sub>]. Kaoliniit esineb puhtal kujul tiheda v\u00f5i pudeda muldja valge v\u00e4rvusega massina. Lisandite m\u00f5jul v\u00f5ib olla v\u00e4rvunud hallikaks, kollakaks jne. Kuivalt kleepub keelele. M\u00e4rjalt moodustab plastilise massi. Tekib peamiselt p\u00e4evakivide porsumisel.<\/font><\/font>\n<\/p>\n<p>\n\t<font face=\"Arial\"><b>K\u00f5vadus 1 \u2013 2,5<\/b><\/font>\n<\/p>\n<p>\n\t<img loading=\"lazy\" decoding=\"async\" width=\"120\" height=\"86\" class=\"alignnone wp-image-214\" src=\"https:\/\/sisu.ut.ee\/wp-content\/uploads\/sites\/431\/kaoliin1a.jpg\" title=\"kaoliin1a.jpg\" alt=\"kaoliin\">\n<\/p>\n<p>\n\t<font face=\"Arial\">Foto 1. Kaoliin, valge savi, mis koosneb peamiselt kaoliniidist<\/font>\n<\/p>\n<p style=\"text-align:start\">\n\t<br><span><span style=\"color:#000000\"><span><span style=\"font-style:normal\"><span><span><span style=\"font-weight:400\"><span style=\"letter-spacing:normal\"><span><span style=\"text-transform:none\"><span><span><span><span><span>Koostanud ja fotografeerinud \u00a9 2003 Mare Isakar<\/span><\/span><\/span><\/span><\/span><\/span><\/span><\/span><\/span><\/span><\/span><\/span><\/span><\/span><\/span><\/p>\n","protected":false},"excerpt":{"rendered":"<p>Kaoliniit\u00a0\u2013 Al4(OH)8[Si4O10]. Kaoliniit esineb puhtal kujul tiheda v\u00f5i pudeda muldja valge v\u00e4rvusega massina. Lisandite m\u00f5jul v\u00f5ib olla v\u00e4rvunud hallikaks, kollakaks jne. Kuivalt kleepub keelele. M\u00e4rjalt moodustab plastilise massi. Tekib peamiselt p\u00e4evakivide porsumisel. K\u00f5vadus 1 \u2013 2,5 Foto 1. Kaoliin, valge &#8230;<\/p>\n","protected":false},"author":226,"featured_media":0,"parent":0,"menu_order":0,"comment_status":"closed","ping_status":"closed","template":"","meta":{"_acf_changed":false,"inline_featured_image":false,"footnotes":""},"class_list":["post-25","page","type-page","status-publish","hentry"],"acf":[],"_links":{"self":[{"href":"https:\/\/sisu.ut.ee\/mineraalid-ja-kivimid\/wp-json\/wp\/v2\/pages\/25","targetHints":{"allow":["GET"]}}],"collection":[{"href":"https:\/\/sisu.ut.ee\/mineraalid-ja-kivimid\/wp-json\/wp\/v2\/pages"}],"about":[{"href":"https:\/\/sisu.ut.ee\/mineraalid-ja-kivimid\/wp-json\/wp\/v2\/types\/page"}],"author":[{"embeddable":true,"href":"https:\/\/sisu.ut.ee\/mineraalid-ja-kivimid\/wp-json\/wp\/v2\/users\/226"}],"replies":[{"embeddable":true,"href":"https:\/\/sisu.ut.ee\/mineraalid-ja-kivimid\/wp-json\/wp\/v2\/comments?post=25"}],"version-history":[{"count":1,"href":"https:\/\/sisu.ut.ee\/mineraalid-ja-kivimid\/wp-json\/wp\/v2\/pages\/25\/revisions"}],"predecessor-version":[{"id":833,"href":"https:\/\/sisu.ut.ee\/mineraalid-ja-kivimid\/wp-json\/wp\/v2\/pages\/25\/revisions\/833"}],"wp:attachment":[{"href":"https:\/\/sisu.ut.ee\/mineraalid-ja-kivimid\/wp-json\/wp\/v2\/media?parent=25"}],"curies":[{"name":"wp","href":"https:\/\/api.w.org\/{rel}","templated":true}]}}