{"id":24,"date":"2024-04-04T06:11:36","date_gmt":"2024-04-04T03:11:36","guid":{"rendered":"https:\/\/sisu.ut.ee\/mineraalid-ja-kivimid\/savimineraalid\/"},"modified":"2024-04-04T06:13:08","modified_gmt":"2024-04-04T03:13:08","slug":"savimineraalid","status":"publish","type":"page","link":"https:\/\/sisu.ut.ee\/mineraalid-ja-kivimid\/savimineraalid\/","title":{"rendered":"Savimineraalid"},"content":{"rendered":"<p>\n\t<font face=\"Arial\"><font style=\"medium;font-style:normal;font-weight:400;letter-spacing:normal;text-align:start;text-indent:0px;text-transform:none\"><b>Savimineraalid<\/b>\u00a0on muutliku keemilise koostisega \u00fcliv\u00e4ikeste libledena (l\u00e4bim\u00f5\u00f5duga tavaliselt alla 0,005 mm) esinevad mineraalid. Savimineraalid tekivad peamiselt murenemiskoorikus ja mullas tard- ja moondekivimite porsumisel. Peene h\u00f5ljumina vees edasikantuna setivad nad veekogu p\u00f5hja ja moodustavad savi v\u00f5i teiste setete peenima fraktsiooni.<\/font><\/font>\n<\/p>\n<p>\n\t<font face=\"Arial\">Tavalisimad savimineraalid on\u00a0<b>illiit<\/b>,\u00a0<\/font><a data-url=\"https:\/\/sisu.ut.ee\/mineraalid-ja-kivimid\/kaoliniit\" href=\"https:\/\/sisu.ut.ee\/mineraalid-ja-kivimid\/kaoliniit\" target=\"_blank\" title=\"\" rel=\"noopener\">kaoliniit<\/a><font face=\"Arial\">\u00a0(foto 2), montmorilloniit.<\/font>\n<\/p>\n<p>\n\t<img loading=\"lazy\" decoding=\"async\" width=\"120\" height=\"89\" class=\"alignnone wp-image-213\" src=\"https:\/\/sisu.ut.ee\/wp-content\/uploads\/sites\/431\/savimin1a.jpg\" title=\"savimin1a.jpg\" alt=\"savimineraalid\"><br><font face=\"Arial\">Foto 1. Elektronmikroskoobis pildistatud savimineraalid S\u00f5ru kihistu aleuroliidist, Eikla puurs\u00fcdamikust, 446.3 meetri s\u00fcgavuselt<\/font>\n<\/p>\n<p style=\"text-align:start\">\n\t<br><span><span style=\"color:#000000\"><span><span style=\"font-style:normal\"><span><span><span style=\"font-weight:400\"><span style=\"letter-spacing:normal\"><span><span style=\"text-transform:none\"><span><span><span><span><span>Foto: J. K\u00e4rner<\/span><\/span><\/span><\/span><\/span><\/span><\/span><\/span><\/span><\/span><\/span><\/span><\/span><\/span><\/span>\n<\/p>\n<p style=\"text-align:start\">\n\t<span><span style=\"color:#000000\"><span><span style=\"font-style:normal\"><span><span><span style=\"font-weight:400\"><span style=\"letter-spacing:normal\"><span><span style=\"text-transform:none\"><span><span><span><span><span>Koostanud \u00a9 2003 Mare Isakar<\/span><\/span><\/span><\/span><\/span><\/span><\/span><\/span><\/span><\/span><\/span><\/span><\/span><\/span><\/span><\/p>\n","protected":false},"excerpt":{"rendered":"<p>Savimineraalid\u00a0on muutliku keemilise koostisega \u00fcliv\u00e4ikeste libledena (l\u00e4bim\u00f5\u00f5duga tavaliselt alla 0,005 mm) esinevad mineraalid. Savimineraalid tekivad peamiselt murenemiskoorikus ja mullas tard- ja moondekivimite porsumisel. Peene h\u00f5ljumina vees edasikantuna setivad nad veekogu p\u00f5hja ja moodustavad savi v\u00f5i teiste setete peenima fraktsiooni. Tavalisimad &#8230;<\/p>\n","protected":false},"author":226,"featured_media":0,"parent":0,"menu_order":0,"comment_status":"closed","ping_status":"closed","template":"","meta":{"_acf_changed":false,"inline_featured_image":false,"footnotes":""},"class_list":["post-24","page","type-page","status-publish","hentry"],"acf":[],"_links":{"self":[{"href":"https:\/\/sisu.ut.ee\/mineraalid-ja-kivimid\/wp-json\/wp\/v2\/pages\/24","targetHints":{"allow":["GET"]}}],"collection":[{"href":"https:\/\/sisu.ut.ee\/mineraalid-ja-kivimid\/wp-json\/wp\/v2\/pages"}],"about":[{"href":"https:\/\/sisu.ut.ee\/mineraalid-ja-kivimid\/wp-json\/wp\/v2\/types\/page"}],"author":[{"embeddable":true,"href":"https:\/\/sisu.ut.ee\/mineraalid-ja-kivimid\/wp-json\/wp\/v2\/users\/226"}],"replies":[{"embeddable":true,"href":"https:\/\/sisu.ut.ee\/mineraalid-ja-kivimid\/wp-json\/wp\/v2\/comments?post=24"}],"version-history":[{"count":1,"href":"https:\/\/sisu.ut.ee\/mineraalid-ja-kivimid\/wp-json\/wp\/v2\/pages\/24\/revisions"}],"predecessor-version":[{"id":832,"href":"https:\/\/sisu.ut.ee\/mineraalid-ja-kivimid\/wp-json\/wp\/v2\/pages\/24\/revisions\/832"}],"wp:attachment":[{"href":"https:\/\/sisu.ut.ee\/mineraalid-ja-kivimid\/wp-json\/wp\/v2\/media?parent=24"}],"curies":[{"name":"wp","href":"https:\/\/api.w.org\/{rel}","templated":true}]}}