{"id":23,"date":"2024-04-04T06:11:36","date_gmt":"2024-04-04T03:11:36","guid":{"rendered":"https:\/\/sisu.ut.ee\/mineraalid-ja-kivimid\/talk\/"},"modified":"2024-04-04T06:13:08","modified_gmt":"2024-04-04T03:13:08","slug":"talk","status":"publish","type":"page","link":"https:\/\/sisu.ut.ee\/mineraalid-ja-kivimid\/talk\/","title":{"rendered":"Talk"},"content":{"rendered":"<p>\n\t<font face=\"Arial\"><font style=\"medium;font-style:normal;font-weight:400;letter-spacing:normal;text-align:start;text-indent:0px;text-transform:none\"><b>Talk<\/b>\u00a0\u2013 Mg<sub>3<\/sub>(OH)<sub>2<\/sub>\/Si<sub>4<\/sub>O<sub>10<\/sub>. Esineb soomusjate v\u00f5i lehtjate agregaatidena (foto 1), v\u00f5i tiheda massina. V\u00e4ga pehme, katsumisel rasvane. V\u00e4rvus valge, heleroheline v\u00f5i helekollane. Leidub moondekivimites.<\/font><\/font>\n<\/p>\n<p>\n\t<font face=\"Arial\"><b>K\u00f5vadus 1<\/b><\/font>\n<\/p>\n<p>\n\t\u00a0\n<\/p>\n<p>\n\t<img loading=\"lazy\" decoding=\"async\" width=\"120\" height=\"83\" class=\"alignnone wp-image-212\" src=\"https:\/\/sisu.ut.ee\/wp-content\/uploads\/sites\/431\/talk1a.jpg\" title=\"talk1a.jpg\" alt=\"talk\"><br><font face=\"Arial\">Foto 1. Talk<\/font>\n<\/p>\n<p style=\"text-align:start\">\n\t<br><span><span style=\"color:#000000\"><span><span style=\"font-style:normal\"><span><span><span style=\"font-weight:400\"><span style=\"letter-spacing:normal\"><span><span style=\"text-transform:none\"><span><span><span><span><span>Koostanud ja fotografeerinud \u00a9 2003 Mare Isakar<\/span><\/span><\/span><\/span><\/span><\/span><\/span><\/span><\/span><\/span><\/span><\/span><\/span><\/span><\/span><\/p>\n","protected":false},"excerpt":{"rendered":"<p>Talk\u00a0\u2013 Mg3(OH)2\/Si4O10. Esineb soomusjate v\u00f5i lehtjate agregaatidena (foto 1), v\u00f5i tiheda massina. V\u00e4ga pehme, katsumisel rasvane. V\u00e4rvus valge, heleroheline v\u00f5i helekollane. Leidub moondekivimites. K\u00f5vadus 1 \u00a0 Foto 1. Talk Koostanud ja fotografeerinud \u00a9 2003 Mare Isakar<\/p>\n","protected":false},"author":226,"featured_media":0,"parent":0,"menu_order":0,"comment_status":"closed","ping_status":"closed","template":"","meta":{"_acf_changed":false,"inline_featured_image":false,"footnotes":""},"class_list":["post-23","page","type-page","status-publish","hentry"],"acf":[],"_links":{"self":[{"href":"https:\/\/sisu.ut.ee\/mineraalid-ja-kivimid\/wp-json\/wp\/v2\/pages\/23","targetHints":{"allow":["GET"]}}],"collection":[{"href":"https:\/\/sisu.ut.ee\/mineraalid-ja-kivimid\/wp-json\/wp\/v2\/pages"}],"about":[{"href":"https:\/\/sisu.ut.ee\/mineraalid-ja-kivimid\/wp-json\/wp\/v2\/types\/page"}],"author":[{"embeddable":true,"href":"https:\/\/sisu.ut.ee\/mineraalid-ja-kivimid\/wp-json\/wp\/v2\/users\/226"}],"replies":[{"embeddable":true,"href":"https:\/\/sisu.ut.ee\/mineraalid-ja-kivimid\/wp-json\/wp\/v2\/comments?post=23"}],"version-history":[{"count":1,"href":"https:\/\/sisu.ut.ee\/mineraalid-ja-kivimid\/wp-json\/wp\/v2\/pages\/23\/revisions"}],"predecessor-version":[{"id":831,"href":"https:\/\/sisu.ut.ee\/mineraalid-ja-kivimid\/wp-json\/wp\/v2\/pages\/23\/revisions\/831"}],"wp:attachment":[{"href":"https:\/\/sisu.ut.ee\/mineraalid-ja-kivimid\/wp-json\/wp\/v2\/media?parent=23"}],"curies":[{"name":"wp","href":"https:\/\/api.w.org\/{rel}","templated":true}]}}