{"id":21,"date":"2024-04-04T06:11:36","date_gmt":"2024-04-04T03:11:36","guid":{"rendered":"https:\/\/sisu.ut.ee\/mineraalid-ja-kivimid\/topaas\/"},"modified":"2024-04-04T06:13:07","modified_gmt":"2024-04-04T03:13:07","slug":"topaas","status":"publish","type":"page","link":"https:\/\/sisu.ut.ee\/mineraalid-ja-kivimid\/topaas\/","title":{"rendered":"Topaas"},"content":{"rendered":"<p>\n\t<font face=\"Arial\"><font style=\"medium;font-style:normal;font-weight:400;letter-spacing:normal;text-align:start;text-indent:0px;text-transform:none\"><b>Topaas<\/b>\u00a0\u2013 Al<sub>2<\/sub>(SiO<sub>4<\/sub>)(OH, F)<sub>2<\/sub>. Esineb l\u00fchiprismaliste kristallidena (fotod 1, 2) v\u00f5i teraliste agregaatidena. Kristallide l\u00e4bil\u00f5ige on rombiline, kristallide pinnal on j\u00e4lgitav pikiviirutus. V\u00e4rvitu v\u00f5i kollane.<\/font><\/font>\n<\/p>\n<p>\n\t<font face=\"Arial\"><b>K\u00f5vadus 8<\/b><\/font>\n<\/p>\n<p>\n\t\u00a0\n<\/p>\n<p>\n\t<img loading=\"lazy\" decoding=\"async\" width=\"120\" height=\"61\" class=\"alignnone wp-image-206\" src=\"https:\/\/sisu.ut.ee\/wp-content\/uploads\/sites\/431\/topaas2a.jpg\" title=\"topaas2a.jpg\" alt=\"topaas2\"><img loading=\"lazy\" decoding=\"async\" width=\"120\" height=\"90\" class=\"alignnone wp-image-208\" src=\"https:\/\/sisu.ut.ee\/wp-content\/uploads\/sites\/431\/topaas1a.jpg\" title=\"topaas1a.jpg\" alt=\"topaas\">\u00a0<img loading=\"lazy\" decoding=\"async\" width=\"120\" height=\"90\" class=\"alignnone wp-image-207\" src=\"https:\/\/sisu.ut.ee\/wp-content\/uploads\/sites\/431\/topaas3a.jpg\" title=\"topaas3a.jpg\" alt=\"topaas\">\u00a0<br><font face=\"Arial\">Foto 1. Topaas<\/font>\n<\/p>\n<p>\n\t<img loading=\"lazy\" decoding=\"async\" width=\"117\" height=\"120\" class=\"alignnone wp-image-209\" src=\"https:\/\/sisu.ut.ee\/wp-content\/uploads\/sites\/431\/topaas4a.jpg\" title=\"topaas4a.jpg\" alt=\"topaas\">\u00a0<img loading=\"lazy\" decoding=\"async\" width=\"120\" height=\"93\" class=\"alignnone wp-image-210\" src=\"https:\/\/sisu.ut.ee\/wp-content\/uploads\/sites\/431\/topaas5a.jpg\" title=\"topaas5a.jpg\" alt=\"topaas\"><br><font face=\"Arial\">Foto 2. Topaas<\/font>\n<\/p>\n<p style=\"text-align:start\">\n\t<br><span><span style=\"color:#000000\"><span><span style=\"font-style:normal\"><span><span><span style=\"font-weight:400\"><span style=\"letter-spacing:normal\"><span><span style=\"text-transform:none\"><span><span><span><span><span>Koostanud ja fotografeerinud \u00a9 2003 Mare Isakar<\/span><\/span><\/span><\/span><\/span><\/span><\/span><\/span><\/span><\/span><\/span><\/span><\/span><\/span><\/span><\/p>\n","protected":false},"excerpt":{"rendered":"<p>Topaas\u00a0\u2013 Al2(SiO4)(OH, F)2. Esineb l\u00fchiprismaliste kristallidena (fotod 1, 2) v\u00f5i teraliste agregaatidena. Kristallide l\u00e4bil\u00f5ige on rombiline, kristallide pinnal on j\u00e4lgitav pikiviirutus. V\u00e4rvitu v\u00f5i kollane. K\u00f5vadus 8 \u00a0 \u00a0\u00a0Foto 1. Topaas \u00a0Foto 2. Topaas Koostanud ja fotografeerinud \u00a9 2003 Mare Isakar<\/p>\n","protected":false},"author":226,"featured_media":0,"parent":0,"menu_order":0,"comment_status":"closed","ping_status":"closed","template":"","meta":{"_acf_changed":false,"inline_featured_image":false,"footnotes":""},"class_list":["post-21","page","type-page","status-publish","hentry"],"acf":[],"_links":{"self":[{"href":"https:\/\/sisu.ut.ee\/mineraalid-ja-kivimid\/wp-json\/wp\/v2\/pages\/21","targetHints":{"allow":["GET"]}}],"collection":[{"href":"https:\/\/sisu.ut.ee\/mineraalid-ja-kivimid\/wp-json\/wp\/v2\/pages"}],"about":[{"href":"https:\/\/sisu.ut.ee\/mineraalid-ja-kivimid\/wp-json\/wp\/v2\/types\/page"}],"author":[{"embeddable":true,"href":"https:\/\/sisu.ut.ee\/mineraalid-ja-kivimid\/wp-json\/wp\/v2\/users\/226"}],"replies":[{"embeddable":true,"href":"https:\/\/sisu.ut.ee\/mineraalid-ja-kivimid\/wp-json\/wp\/v2\/comments?post=21"}],"version-history":[{"count":1,"href":"https:\/\/sisu.ut.ee\/mineraalid-ja-kivimid\/wp-json\/wp\/v2\/pages\/21\/revisions"}],"predecessor-version":[{"id":829,"href":"https:\/\/sisu.ut.ee\/mineraalid-ja-kivimid\/wp-json\/wp\/v2\/pages\/21\/revisions\/829"}],"wp:attachment":[{"href":"https:\/\/sisu.ut.ee\/mineraalid-ja-kivimid\/wp-json\/wp\/v2\/media?parent=21"}],"curies":[{"name":"wp","href":"https:\/\/api.w.org\/{rel}","templated":true}]}}