{"id":20,"date":"2024-04-04T06:11:36","date_gmt":"2024-04-04T03:11:36","guid":{"rendered":"https:\/\/sisu.ut.ee\/mineraalid-ja-kivimid\/psilomelaan\/"},"modified":"2024-04-04T06:13:07","modified_gmt":"2024-04-04T03:13:07","slug":"psilomelaan","status":"publish","type":"page","link":"https:\/\/sisu.ut.ee\/mineraalid-ja-kivimid\/psilomelaan\/","title":{"rendered":"Psilomelaan"},"content":{"rendered":"<p>\n\t<font face=\"Arial\"><font style=\"medium;font-style:normal;font-weight:400;letter-spacing:normal;text-align:start;text-indent:0px;text-transform:none\"><b>Psilomelaan<\/b>\u00a0\u2013 (Ba, Mn<sub>2<\/sub>+)<sub>3<\/sub>Mn<sub>4<\/sub>+<sub>8<\/sub>O<sub>16<\/sub>(O, OH)<sub>6<\/sub>. Esineb peitkristalsete agregaatidena, koorikutena, v\u00f5i dendriitidena (foto 1). V\u00e4rvus must. Leidub murenemiskoorikutes.<\/font><\/font>\n<\/p>\n<p>\n\t<font face=\"Arial\"><b>K\u00f5vadus 5 \u2013 6<\/b><\/font>\n<\/p>\n<p>\n\t\u00a0\n<\/p>\n<p>\n\t<img loading=\"lazy\" decoding=\"async\" width=\"120\" height=\"80\" class=\"alignnone wp-image-204\" src=\"https:\/\/sisu.ut.ee\/wp-content\/uploads\/sites\/431\/psilomelaan2a.jpg\" title=\"psilomelaan2a.jpg\" alt=\"psilomelaan\">\u00a0<img loading=\"lazy\" decoding=\"async\" width=\"102\" height=\"120\" class=\"alignnone wp-image-205\" src=\"https:\/\/sisu.ut.ee\/wp-content\/uploads\/sites\/431\/psilomelaan1a.jpg\" title=\"psilomelaan1a.jpg\" alt=\"psilomelaan\"><br><font face=\"Arial\">Foto 1. Psilomelaan<\/font>\n<\/p>\n<p style=\"text-align:start\">\n\t<br><span><span style=\"color:#000000\"><span><span style=\"font-style:normal\"><span><span><span style=\"font-weight:400\"><span style=\"letter-spacing:normal\"><span><span style=\"text-transform:none\"><span><span><span><span><span>Koostanud \u00a9 2003 Mare Isakar; fotografeerinud Martin Liira<\/span><\/span><\/span><\/span><\/span><\/span><\/span><\/span><\/span><\/span><\/span><\/span><\/span><\/span><\/span><\/p>\n","protected":false},"excerpt":{"rendered":"<p>Psilomelaan\u00a0\u2013 (Ba, Mn2+)3Mn4+8O16(O, OH)6. Esineb peitkristalsete agregaatidena, koorikutena, v\u00f5i dendriitidena (foto 1). V\u00e4rvus must. Leidub murenemiskoorikutes. K\u00f5vadus 5 \u2013 6 \u00a0 \u00a0Foto 1. Psilomelaan Koostanud \u00a9 2003 Mare Isakar; fotografeerinud Martin Liira<\/p>\n","protected":false},"author":226,"featured_media":0,"parent":0,"menu_order":0,"comment_status":"closed","ping_status":"closed","template":"","meta":{"_acf_changed":false,"inline_featured_image":false,"footnotes":""},"class_list":["post-20","page","type-page","status-publish","hentry"],"acf":[],"_links":{"self":[{"href":"https:\/\/sisu.ut.ee\/mineraalid-ja-kivimid\/wp-json\/wp\/v2\/pages\/20","targetHints":{"allow":["GET"]}}],"collection":[{"href":"https:\/\/sisu.ut.ee\/mineraalid-ja-kivimid\/wp-json\/wp\/v2\/pages"}],"about":[{"href":"https:\/\/sisu.ut.ee\/mineraalid-ja-kivimid\/wp-json\/wp\/v2\/types\/page"}],"author":[{"embeddable":true,"href":"https:\/\/sisu.ut.ee\/mineraalid-ja-kivimid\/wp-json\/wp\/v2\/users\/226"}],"replies":[{"embeddable":true,"href":"https:\/\/sisu.ut.ee\/mineraalid-ja-kivimid\/wp-json\/wp\/v2\/comments?post=20"}],"version-history":[{"count":1,"href":"https:\/\/sisu.ut.ee\/mineraalid-ja-kivimid\/wp-json\/wp\/v2\/pages\/20\/revisions"}],"predecessor-version":[{"id":828,"href":"https:\/\/sisu.ut.ee\/mineraalid-ja-kivimid\/wp-json\/wp\/v2\/pages\/20\/revisions\/828"}],"wp:attachment":[{"href":"https:\/\/sisu.ut.ee\/mineraalid-ja-kivimid\/wp-json\/wp\/v2\/media?parent=20"}],"curies":[{"name":"wp","href":"https:\/\/api.w.org\/{rel}","templated":true}]}}