{"id":171,"date":"2024-04-04T06:11:51","date_gmt":"2024-04-04T03:11:51","guid":{"rendered":"https:\/\/sisu.ut.ee\/mineraalid-ja-kivimid\/fluoriit\/"},"modified":"2024-04-04T06:13:00","modified_gmt":"2024-04-04T03:13:00","slug":"fluoriit","status":"publish","type":"page","link":"https:\/\/sisu.ut.ee\/mineraalid-ja-kivimid\/fluoriit\/","title":{"rendered":"Fluoriit"},"content":{"rendered":"<p>\n\t<font face=\"Arial\"><font style=\"medium;font-style:normal;font-weight:400;letter-spacing:normal;text-align:start;text-indent:0px;text-transform:none\"><b>Fluoriit<\/b>\u00a0\u2013 CaF<sub>2<\/sub>. Fluoriidi kristallid on tavaliselt kuubikujulised (foto 1), harvem oktaeedrid. Esineb vahest ka tihedate teraliste v\u00f5i muldjate massidena. V\u00e4rvus varieerub (fotod 2, 3). V\u00f5ib-olla violetikas, kollane, helesinine, roosa, roheline v\u00f5i v\u00e4rvitu. L\u00e4ige klaasjas. Kriips valge. L\u00f5henevus t\u00e4iuslik neljas suunas. Esineb peamiselt mitmesugustes soontes.<\/font><\/font>\n<\/p>\n<p>\n\t<font face=\"Arial\"><b>K\u00f5vadus 4<\/b><\/font>\n<\/p>\n<p>\n\t<img loading=\"lazy\" decoding=\"async\" width=\"120\" height=\"115\" class=\"alignnone wp-image-497\" src=\"https:\/\/sisu.ut.ee\/wp-content\/uploads\/sites\/431\/fluoriit1a.jpg\" title=\"fluoriit1a.jpg\" alt=\"fluoriit\"><br><font face=\"Arial\">Foto 1. Fluoriit<\/font>\n<\/p>\n<p>\n\t<img loading=\"lazy\" decoding=\"async\" width=\"120\" height=\"103\" class=\"alignnone wp-image-498\" src=\"https:\/\/sisu.ut.ee\/wp-content\/uploads\/sites\/431\/fluoriit2a.jpg\" title=\"fluoriit2a.jpg\" alt=\"fluoriit\"><br><font face=\"Arial\">Foto 2. Fluoriit, Saksamaa, Sch\u00f6nau, F\u00fcrstengrund<\/font>\n<\/p>\n<p>\n\t<img loading=\"lazy\" decoding=\"async\" width=\"120\" height=\"112\" class=\"alignnone wp-image-499\" src=\"https:\/\/sisu.ut.ee\/wp-content\/uploads\/sites\/431\/fluoriit3a.jpg\" title=\"fluoriit3a.jpg\" alt=\"fluoriit\">\u00a0<img loading=\"lazy\" decoding=\"async\" width=\"101\" height=\"120\" class=\"alignnone wp-image-500\" src=\"https:\/\/sisu.ut.ee\/wp-content\/uploads\/sites\/431\/fluoriit4a.jpg\" title=\"fluoriit4a.jpg\" alt=\"fluoriit\"><br><font face=\"Arial\">Foto 3. Kollakas pruun fluoriit koos valge kaltsiidiga k\u00e4sijalgse poolmes, Vormsi<\/font>\n<\/p>\n<p style=\"text-align:start\">\n\t<br><span><span style=\"color:#000000\"><span><span style=\"font-style:normal\"><span><span><span style=\"font-weight:400\"><span style=\"letter-spacing:normal\"><span><span style=\"text-transform:none\"><span><span><span><span><span>Koostanud ja fotografeerinud \u00a9 2003 Mare Isakar<\/span><\/span><\/span><\/span><\/span><\/span><\/span><\/span><\/span><\/span><\/span><\/span><\/span><\/span><\/span><\/p>\n","protected":false},"excerpt":{"rendered":"<p>Fluoriit\u00a0\u2013 CaF2. Fluoriidi kristallid on tavaliselt kuubikujulised (foto 1), harvem oktaeedrid. Esineb vahest ka tihedate teraliste v\u00f5i muldjate massidena. V\u00e4rvus varieerub (fotod 2, 3). V\u00f5ib-olla violetikas, kollane, helesinine, roosa, roheline v\u00f5i v\u00e4rvitu. L\u00e4ige klaasjas. Kriips valge. L\u00f5henevus t\u00e4iuslik neljas suunas. &#8230;<\/p>\n","protected":false},"author":226,"featured_media":0,"parent":0,"menu_order":0,"comment_status":"closed","ping_status":"closed","template":"","meta":{"_acf_changed":false,"inline_featured_image":false,"footnotes":""},"class_list":["post-171","page","type-page","status-publish","hentry"],"acf":[],"_links":{"self":[{"href":"https:\/\/sisu.ut.ee\/mineraalid-ja-kivimid\/wp-json\/wp\/v2\/pages\/171","targetHints":{"allow":["GET"]}}],"collection":[{"href":"https:\/\/sisu.ut.ee\/mineraalid-ja-kivimid\/wp-json\/wp\/v2\/pages"}],"about":[{"href":"https:\/\/sisu.ut.ee\/mineraalid-ja-kivimid\/wp-json\/wp\/v2\/types\/page"}],"author":[{"embeddable":true,"href":"https:\/\/sisu.ut.ee\/mineraalid-ja-kivimid\/wp-json\/wp\/v2\/users\/226"}],"replies":[{"embeddable":true,"href":"https:\/\/sisu.ut.ee\/mineraalid-ja-kivimid\/wp-json\/wp\/v2\/comments?post=171"}],"version-history":[{"count":1,"href":"https:\/\/sisu.ut.ee\/mineraalid-ja-kivimid\/wp-json\/wp\/v2\/pages\/171\/revisions"}],"predecessor-version":[{"id":678,"href":"https:\/\/sisu.ut.ee\/mineraalid-ja-kivimid\/wp-json\/wp\/v2\/pages\/171\/revisions\/678"}],"wp:attachment":[{"href":"https:\/\/sisu.ut.ee\/mineraalid-ja-kivimid\/wp-json\/wp\/v2\/media?parent=171"}],"curies":[{"name":"wp","href":"https:\/\/api.w.org\/{rel}","templated":true}]}}