{"id":17,"date":"2024-04-04T06:11:36","date_gmt":"2024-04-04T03:11:36","guid":{"rendered":"https:\/\/sisu.ut.ee\/mineraalid-ja-kivimid\/magnetiit\/"},"modified":"2024-04-04T06:13:07","modified_gmt":"2024-04-04T03:13:07","slug":"magnetiit","status":"publish","type":"page","link":"https:\/\/sisu.ut.ee\/mineraalid-ja-kivimid\/magnetiit\/","title":{"rendered":"Magnetiit"},"content":{"rendered":"<p>\n\t<font face=\"Arial\"><font style=\"medium;font-style:normal;font-weight:400;letter-spacing:normal;text-align:start;text-indent:0px;text-transform:none\"><b>Magnetiit<\/b>\u00a0\u2013 FeFe<sub>2<\/sub>O<sub>4<\/sub>. Esineb oktaeedritena (foto 1, 2) v\u00f5i tiheda massina. V\u00e4rvus raudmust, kriipsu v\u00e4rvus must, l\u00e4ige metalliline. Tugeva magnetilise omadusega.<\/font><\/font>\n<\/p>\n<p>\n\t<font face=\"Arial\">K\u00f5vadus 5.5 \u2013 6<\/font>\n<\/p>\n<p>\n\t<img loading=\"lazy\" decoding=\"async\" width=\"103\" height=\"120\" class=\"alignnone wp-image-195\" src=\"https:\/\/sisu.ut.ee\/wp-content\/uploads\/sites\/431\/magnetiit2a.jpg\" title=\"magnetiit2a.jpg\" alt=\"magnetiit2\">\n<\/p>\n<p>\n\t<font face=\"Arial\">Foto 1. Magnetiit, Philipstadt<\/font>\n<\/p>\n<p>\n\t<img loading=\"lazy\" decoding=\"async\" width=\"120\" height=\"115\" class=\"alignnone wp-image-196\" src=\"https:\/\/sisu.ut.ee\/wp-content\/uploads\/sites\/431\/magnetiit3a.jpg\" title=\"magnetiit3a.jpg\" alt=\"magnetiit4\"><img loading=\"lazy\" decoding=\"async\" width=\"120\" height=\"117\" class=\"alignnone wp-image-197\" src=\"https:\/\/sisu.ut.ee\/wp-content\/uploads\/sites\/431\/magnetiit4a.jpg\" title=\"magnetiit4a.jpg\" alt=\"magnetiit3\">\n<\/p>\n<p>\n\t<font face=\"Arial\">Foto 2. Magnetiit, Traversella<\/font>\n<\/p>\n<p style=\"text-align:start\">\n\t<br><span><span style=\"color:#000000\"><span><span style=\"font-style:normal\"><span><span><span style=\"font-weight:400\"><span style=\"letter-spacing:normal\"><span><span style=\"text-transform:none\"><span><span><span><span><span>Koostanud ja fotografeerinud \u00a9 2003 Mare Isakar<\/span><\/span><\/span><\/span><\/span><\/span><\/span><\/span><\/span><\/span><\/span><\/span><\/span><\/span><\/span><\/p>\n","protected":false},"excerpt":{"rendered":"<p>Magnetiit\u00a0\u2013 FeFe2O4. Esineb oktaeedritena (foto 1, 2) v\u00f5i tiheda massina. V\u00e4rvus raudmust, kriipsu v\u00e4rvus must, l\u00e4ige metalliline. Tugeva magnetilise omadusega. K\u00f5vadus 5.5 \u2013 6 Foto 1. Magnetiit, Philipstadt Foto 2. Magnetiit, Traversella Koostanud ja fotografeerinud \u00a9 2003 Mare Isakar<\/p>\n","protected":false},"author":226,"featured_media":0,"parent":0,"menu_order":0,"comment_status":"closed","ping_status":"closed","template":"","meta":{"_acf_changed":false,"inline_featured_image":false,"footnotes":""},"class_list":["post-17","page","type-page","status-publish","hentry"],"acf":[],"_links":{"self":[{"href":"https:\/\/sisu.ut.ee\/mineraalid-ja-kivimid\/wp-json\/wp\/v2\/pages\/17","targetHints":{"allow":["GET"]}}],"collection":[{"href":"https:\/\/sisu.ut.ee\/mineraalid-ja-kivimid\/wp-json\/wp\/v2\/pages"}],"about":[{"href":"https:\/\/sisu.ut.ee\/mineraalid-ja-kivimid\/wp-json\/wp\/v2\/types\/page"}],"author":[{"embeddable":true,"href":"https:\/\/sisu.ut.ee\/mineraalid-ja-kivimid\/wp-json\/wp\/v2\/users\/226"}],"replies":[{"embeddable":true,"href":"https:\/\/sisu.ut.ee\/mineraalid-ja-kivimid\/wp-json\/wp\/v2\/comments?post=17"}],"version-history":[{"count":1,"href":"https:\/\/sisu.ut.ee\/mineraalid-ja-kivimid\/wp-json\/wp\/v2\/pages\/17\/revisions"}],"predecessor-version":[{"id":825,"href":"https:\/\/sisu.ut.ee\/mineraalid-ja-kivimid\/wp-json\/wp\/v2\/pages\/17\/revisions\/825"}],"wp:attachment":[{"href":"https:\/\/sisu.ut.ee\/mineraalid-ja-kivimid\/wp-json\/wp\/v2\/media?parent=17"}],"curies":[{"name":"wp","href":"https:\/\/api.w.org\/{rel}","templated":true}]}}