{"id":169,"date":"2024-04-04T06:11:50","date_gmt":"2024-04-04T03:11:50","guid":{"rendered":"https:\/\/sisu.ut.ee\/mineraalid-ja-kivimid\/dolomiit\/"},"modified":"2024-04-04T06:13:01","modified_gmt":"2024-04-04T03:13:01","slug":"dolomiit","status":"publish","type":"page","link":"https:\/\/sisu.ut.ee\/mineraalid-ja-kivimid\/dolomiit\/","title":{"rendered":"Dolomiit"},"content":{"rendered":"<p>\n\t<font face=\"Arial\"><font style=\"medium;font-style:normal;font-weight:400;letter-spacing:normal;text-align:start;text-indent:0px;text-transform:none\"><b>Dolomiit<\/b>\u00a0\u2013 CaMg(CO<sub>3<\/sub>)<sub>2<\/sub>. Esineb enamasti tiheda massina, harvem romboeedriliste kristallidena (fotod 1, 2). V\u00e4rvus valge, kollakas (fotod 3, 4) v\u00f5i hall. L\u00f5henevus v\u00e4ga t\u00e4iuslik. Esineb peamiselt settekivimites.<\/font><\/font>\n<\/p>\n<p>\n\t<font face=\"Arial\"><b>K\u00f5vadus 3.5 \u2013 4<\/b><\/font>\n<\/p>\n<p>\n\t<font face=\"Arial\"><a href=\"http:\/\/www.ut.ee\/BGGM\/miner\/dolomiit1.jpg\"><img decoding=\"async\" src=\"http:\/\/www.ut.ee\/BGGM\/miner\/dolomiit1a.jpg\"><\/a>\u00a0<a href=\"http:\/\/www.ut.ee\/BGGM\/miner\/dolomiit2.jpg\"><img decoding=\"async\" src=\"http:\/\/www.ut.ee\/BGGM\/miner\/dolomiit2a.jpg\"><\/a><br>Foto 1, 2. Dolomiit<\/font>\n<\/p>\n<p>\n\t<font face=\"Arial\"><a href=\"http:\/\/www.ut.ee\/BGGM\/miner\/dolomiit3.jpg\"><img decoding=\"async\" src=\"http:\/\/www.ut.ee\/BGGM\/miner\/dolomiit3a.jpg\"><\/a>\u00a0<a href=\"http:\/\/www.ut.ee\/BGGM\/miner\/dolomiit4.jpg\"><img decoding=\"async\" src=\"http:\/\/www.ut.ee\/BGGM\/miner\/dolomiit4a.jpg\"><\/a><br>Foto 3, 4. Dolomiit, Navesti<\/font>\n<\/p>\n<p style=\"text-align:start\">\n\t<br><span><span style=\"color:#000000\"><span><span style=\"font-style:normal\"><span><span><span style=\"font-weight:400\"><span style=\"letter-spacing:normal\"><span><span style=\"text-transform:none\"><span><span><span><span><span>Koostanud ja fotografeerinud \u00a9 2003 Mare Isakar<\/span><\/span><\/span><\/span><\/span><\/span><\/span><\/span><\/span><\/span><\/span><\/span><\/span><\/span><\/span><\/p>\n","protected":false},"excerpt":{"rendered":"<p>Dolomiit\u00a0\u2013 CaMg(CO3)2. Esineb enamasti tiheda massina, harvem romboeedriliste kristallidena (fotod 1, 2). V\u00e4rvus valge, kollakas (fotod 3, 4) v\u00f5i hall. L\u00f5henevus v\u00e4ga t\u00e4iuslik. Esineb peamiselt settekivimites. K\u00f5vadus 3.5 \u2013 4 \u00a0Foto 1, 2. Dolomiit \u00a0Foto 3, 4. Dolomiit, Navesti Koostanud &#8230;<\/p>\n","protected":false},"author":226,"featured_media":0,"parent":0,"menu_order":0,"comment_status":"closed","ping_status":"closed","template":"","meta":{"_acf_changed":false,"inline_featured_image":false,"footnotes":""},"class_list":["post-169","page","type-page","status-publish","hentry"],"acf":[],"_links":{"self":[{"href":"https:\/\/sisu.ut.ee\/mineraalid-ja-kivimid\/wp-json\/wp\/v2\/pages\/169","targetHints":{"allow":["GET"]}}],"collection":[{"href":"https:\/\/sisu.ut.ee\/mineraalid-ja-kivimid\/wp-json\/wp\/v2\/pages"}],"about":[{"href":"https:\/\/sisu.ut.ee\/mineraalid-ja-kivimid\/wp-json\/wp\/v2\/types\/page"}],"author":[{"embeddable":true,"href":"https:\/\/sisu.ut.ee\/mineraalid-ja-kivimid\/wp-json\/wp\/v2\/users\/226"}],"replies":[{"embeddable":true,"href":"https:\/\/sisu.ut.ee\/mineraalid-ja-kivimid\/wp-json\/wp\/v2\/comments?post=169"}],"version-history":[{"count":1,"href":"https:\/\/sisu.ut.ee\/mineraalid-ja-kivimid\/wp-json\/wp\/v2\/pages\/169\/revisions"}],"predecessor-version":[{"id":690,"href":"https:\/\/sisu.ut.ee\/mineraalid-ja-kivimid\/wp-json\/wp\/v2\/pages\/169\/revisions\/690"}],"wp:attachment":[{"href":"https:\/\/sisu.ut.ee\/mineraalid-ja-kivimid\/wp-json\/wp\/v2\/media?parent=169"}],"curies":[{"name":"wp","href":"https:\/\/api.w.org\/{rel}","templated":true}]}}