{"id":167,"date":"2024-04-04T06:11:50","date_gmt":"2024-04-04T03:11:50","guid":{"rendered":"https:\/\/sisu.ut.ee\/mineraalid-ja-kivimid\/disteen\/"},"modified":"2024-04-04T06:13:01","modified_gmt":"2024-04-04T03:13:01","slug":"disteen","status":"publish","type":"page","link":"https:\/\/sisu.ut.ee\/mineraalid-ja-kivimid\/disteen\/","title":{"rendered":"K\u00fcaniit ehk disteen"},"content":{"rendered":"<p>\n\t<font face=\"Arial\"><font style=\"medium;font-style:normal;font-weight:400;letter-spacing:normal;text-align:start;text-indent:0px;text-transform:none\"><b>K\u00fcaniit ehk disteen<\/b>\u00a0\u2013 Al<sub>2<\/sub>(SiO<sub>4<\/sub>)O. Esineb pikkade prismaliste, plaatjate kristallidena (foto 1) v\u00f5i plaatjate-n\u00f5eljate agregaatidena. V\u00e4rvus helesinine v\u00f5i v\u00e4rvitu.<\/font><\/font>\n<\/p>\n<p>\n\t<font face=\"Arial\"><b>K\u00f5vadus \u2013 piki kristalli 5, risti kristalli 7<\/b><\/font>\n<\/p>\n<p>\n\t\u00a0\n<\/p>\n<p>\n\t<img loading=\"lazy\" decoding=\"async\" width=\"100\" height=\"120\" class=\"alignnone wp-image-490\" src=\"https:\/\/sisu.ut.ee\/wp-content\/uploads\/sites\/431\/kyaniit1a.jpg\" title=\"kyaniit1a.jpg\" alt=\"kyaniit\"><br><font face=\"Arial\">Foto 1. K\u00fcaniit ehk disteen, Trondelag, Norra<\/font>\n<\/p>\n<p style=\"text-align:start\">\n\t<br><span><span style=\"color:#000000\"><span><span style=\"font-style:normal\"><span><span><span style=\"font-weight:400\"><span style=\"letter-spacing:normal\"><span><span style=\"text-transform:none\"><span><span><span><span><span>Koostanud ja fotografeerinud \u00a9 2003 Mare Isakar<\/span><\/span><\/span><\/span><\/span><\/span><\/span><\/span><\/span><\/span><\/span><\/span><\/span><\/span><\/span><\/p>\n","protected":false},"excerpt":{"rendered":"<p>K\u00fcaniit ehk disteen\u00a0\u2013 Al2(SiO4)O. Esineb pikkade prismaliste, plaatjate kristallidena (foto 1) v\u00f5i plaatjate-n\u00f5eljate agregaatidena. V\u00e4rvus helesinine v\u00f5i v\u00e4rvitu. K\u00f5vadus \u2013 piki kristalli 5, risti kristalli 7 \u00a0 Foto 1. K\u00fcaniit ehk disteen, Trondelag, Norra Koostanud ja fotografeerinud \u00a9 2003 Mare &#8230;<\/p>\n","protected":false},"author":226,"featured_media":0,"parent":0,"menu_order":0,"comment_status":"closed","ping_status":"closed","template":"","meta":{"_acf_changed":false,"inline_featured_image":false,"footnotes":""},"class_list":["post-167","page","type-page","status-publish","hentry"],"acf":[],"_links":{"self":[{"href":"https:\/\/sisu.ut.ee\/mineraalid-ja-kivimid\/wp-json\/wp\/v2\/pages\/167","targetHints":{"allow":["GET"]}}],"collection":[{"href":"https:\/\/sisu.ut.ee\/mineraalid-ja-kivimid\/wp-json\/wp\/v2\/pages"}],"about":[{"href":"https:\/\/sisu.ut.ee\/mineraalid-ja-kivimid\/wp-json\/wp\/v2\/types\/page"}],"author":[{"embeddable":true,"href":"https:\/\/sisu.ut.ee\/mineraalid-ja-kivimid\/wp-json\/wp\/v2\/users\/226"}],"replies":[{"embeddable":true,"href":"https:\/\/sisu.ut.ee\/mineraalid-ja-kivimid\/wp-json\/wp\/v2\/comments?post=167"}],"version-history":[{"count":1,"href":"https:\/\/sisu.ut.ee\/mineraalid-ja-kivimid\/wp-json\/wp\/v2\/pages\/167\/revisions"}],"predecessor-version":[{"id":688,"href":"https:\/\/sisu.ut.ee\/mineraalid-ja-kivimid\/wp-json\/wp\/v2\/pages\/167\/revisions\/688"}],"wp:attachment":[{"href":"https:\/\/sisu.ut.ee\/mineraalid-ja-kivimid\/wp-json\/wp\/v2\/media?parent=167"}],"curies":[{"name":"wp","href":"https:\/\/api.w.org\/{rel}","templated":true}]}}