{"id":166,"date":"2024-04-04T06:11:50","date_gmt":"2024-04-04T03:11:50","guid":{"rendered":"https:\/\/sisu.ut.ee\/mineraalid-ja-kivimid\/baryyt\/"},"modified":"2024-04-04T06:13:01","modified_gmt":"2024-04-04T03:13:01","slug":"baryyt","status":"publish","type":"page","link":"https:\/\/sisu.ut.ee\/mineraalid-ja-kivimid\/baryyt\/","title":{"rendered":"Bar\u00fc\u00fct"},"content":{"rendered":"<p>\n\t<font face=\"Arial\"><font style=\"medium;font-style:normal;font-weight:400;letter-spacing:normal;text-align:start;text-indent:0px;text-transform:none\"><b>Bar\u00fc\u00fct<\/b>\u00a0\u2013 BaSO<sub>4<\/sub>. Esineb t\u00e4iusliku l\u00f5henevusega tahveljate kristallidena (foto 1, 2) v\u00f5i tiheda j\u00e4medateralise massina. V\u00e4rvus valge, hall, roosakas (foto 3, 4) v\u00f5i sinakas.<\/font><\/font>\n<\/p>\n<p>\n\t<font face=\"Arial\">K\u00f5vadus 3,0 \u2013 3,5<\/font>\n<\/p>\n<p>\n\t<img loading=\"lazy\" decoding=\"async\" width=\"120\" height=\"108\" class=\"alignnone wp-image-484\" src=\"https:\/\/sisu.ut.ee\/wp-content\/uploads\/sites\/431\/baryyt1a.jpg\" title=\"baryyt1a.jpg\" alt=\"bar\u00fc\u00fct\">\u00a0<img loading=\"lazy\" decoding=\"async\" width=\"120\" height=\"114\" class=\"alignnone wp-image-485\" src=\"https:\/\/sisu.ut.ee\/wp-content\/uploads\/sites\/431\/baryyt2a.jpg\" title=\"baryyt2a.jpg\" alt=\"bar\u00fc\u00fct\"><br><font face=\"Arial\">Foto 1, 2. Bar\u00fc\u00fct, Rammelsberg<\/font>\n<\/p>\n<p>\n\t<img loading=\"lazy\" decoding=\"async\" width=\"120\" height=\"90\" class=\"alignnone wp-image-486\" src=\"https:\/\/sisu.ut.ee\/wp-content\/uploads\/sites\/431\/baryyt4a.jpg\" title=\"baryyt4a.jpg\" alt=\"bar\u00fc\u00fct\"><font face=\"Arial\">\u00a0a\u00a0<\/font><img loading=\"lazy\" decoding=\"async\" width=\"120\" height=\"108\" class=\"alignnone wp-image-487\" src=\"https:\/\/sisu.ut.ee\/wp-content\/uploads\/sites\/431\/baryyt3a.jpg\" title=\"baryyt3a.jpg\" alt=\"bar\u00fc\u00fct\"><font face=\"Arial\">\u00a0b\u00a0<\/font><img loading=\"lazy\" decoding=\"async\" width=\"120\" height=\"91\" class=\"alignnone wp-image-488\" src=\"https:\/\/sisu.ut.ee\/wp-content\/uploads\/sites\/431\/baryyt5a.jpg\" title=\"baryyt5a.jpg\" alt=\"bar\u00fc\u00fct\"><font face=\"Arial\">\u00a0c\u00a0<\/font><img loading=\"lazy\" decoding=\"async\" width=\"120\" height=\"100\" class=\"alignnone wp-image-489\" src=\"https:\/\/sisu.ut.ee\/wp-content\/uploads\/sites\/431\/baryyt6a.jpg\" title=\"baryyt6a.jpg\" alt=\"bar\u00fc\u00fct\"><font face=\"Arial\">\u00a0d<br>Foto 3, 4. Bar\u00fc\u00fct, a, b \u2013 Lasnam\u00e4e, c, d \u2013 Kuressaare<\/font>\n<\/p>\n<p style=\"text-align:start\">\n\t<br><span><span style=\"color:#000000\"><span><span style=\"font-style:normal\"><span><span><span style=\"font-weight:400\"><span style=\"letter-spacing:normal\"><span><span style=\"text-transform:none\"><span><span><span><span><span>Koostanud ja fotografeerinud \u00a9 2003 Mare Isakar<\/span><\/span><\/span><\/span><\/span><\/span><\/span><\/span><\/span><\/span><\/span><\/span><\/span><\/span><\/span><\/p>\n","protected":false},"excerpt":{"rendered":"<p>Bar\u00fc\u00fct\u00a0\u2013 BaSO4. Esineb t\u00e4iusliku l\u00f5henevusega tahveljate kristallidena (foto 1, 2) v\u00f5i tiheda j\u00e4medateralise massina. V\u00e4rvus valge, hall, roosakas (foto 3, 4) v\u00f5i sinakas. K\u00f5vadus 3,0 \u2013 3,5 \u00a0Foto 1, 2. Bar\u00fc\u00fct, Rammelsberg \u00a0a\u00a0\u00a0b\u00a0\u00a0c\u00a0\u00a0dFoto 3, 4. Bar\u00fc\u00fct, a, b \u2013 Lasnam\u00e4e, &#8230;<\/p>\n","protected":false},"author":226,"featured_media":0,"parent":0,"menu_order":0,"comment_status":"closed","ping_status":"closed","template":"","meta":{"_acf_changed":false,"inline_featured_image":false,"footnotes":""},"class_list":["post-166","page","type-page","status-publish","hentry"],"acf":[],"_links":{"self":[{"href":"https:\/\/sisu.ut.ee\/mineraalid-ja-kivimid\/wp-json\/wp\/v2\/pages\/166","targetHints":{"allow":["GET"]}}],"collection":[{"href":"https:\/\/sisu.ut.ee\/mineraalid-ja-kivimid\/wp-json\/wp\/v2\/pages"}],"about":[{"href":"https:\/\/sisu.ut.ee\/mineraalid-ja-kivimid\/wp-json\/wp\/v2\/types\/page"}],"author":[{"embeddable":true,"href":"https:\/\/sisu.ut.ee\/mineraalid-ja-kivimid\/wp-json\/wp\/v2\/users\/226"}],"replies":[{"embeddable":true,"href":"https:\/\/sisu.ut.ee\/mineraalid-ja-kivimid\/wp-json\/wp\/v2\/comments?post=166"}],"version-history":[{"count":1,"href":"https:\/\/sisu.ut.ee\/mineraalid-ja-kivimid\/wp-json\/wp\/v2\/pages\/166\/revisions"}],"predecessor-version":[{"id":687,"href":"https:\/\/sisu.ut.ee\/mineraalid-ja-kivimid\/wp-json\/wp\/v2\/pages\/166\/revisions\/687"}],"wp:attachment":[{"href":"https:\/\/sisu.ut.ee\/mineraalid-ja-kivimid\/wp-json\/wp\/v2\/media?parent=166"}],"curies":[{"name":"wp","href":"https:\/\/api.w.org\/{rel}","templated":true}]}}