{"id":164,"date":"2024-04-04T06:11:50","date_gmt":"2024-04-04T03:11:50","guid":{"rendered":"https:\/\/sisu.ut.ee\/mineraalid-ja-kivimid\/apatiit\/"},"modified":"2024-04-04T06:13:01","modified_gmt":"2024-04-04T03:13:01","slug":"apatiit","status":"publish","type":"page","link":"https:\/\/sisu.ut.ee\/mineraalid-ja-kivimid\/apatiit\/","title":{"rendered":"Apatiit"},"content":{"rendered":"<p>\n\t<font face=\"Arial\"><font style=\"medium;font-style:normal;font-weight:400;letter-spacing:normal;text-align:start;text-indent:0px;text-transform:none\"><b>Apatiit<\/b>\u00a0\u2013 Ca<sub>5<\/sub>(PO<sub>4<\/sub>)<sub>3<\/sub>F,Cl. Apatiidi kristallid on n\u00f5eljad v\u00f5i sammasjad heksagonaalsed prismad (foto 1). Sageli esineb ka teralise suhkurja massina. V\u00e4rvus roheline, kollane, valge, pruun, violetjas. L\u00e4ige klaasjas, murdepinnal rasvane. Murdepind karpjas, l\u00f5henevus ebat\u00e4iuslik. Esineb v\u00e4hesel hulgal k\u00f5ikides tardkivimites.<\/font><\/font>\n<\/p>\n<p>\n\t<font face=\"Arial\"><b>K\u00f5vadus 5<\/b><\/font>\n<\/p>\n<p>\n\t<img loading=\"lazy\" decoding=\"async\" width=\"120\" height=\"120\" class=\"alignnone wp-image-482\" src=\"https:\/\/sisu.ut.ee\/wp-content\/uploads\/sites\/431\/apatiit1a.jpg\" title=\"apatiit1a.jpg\" alt=\"apatiit\"><br><font face=\"Arial\">Foto 1. Apatiit, Canada, Ontario<\/font>\n<\/p>\n<p style=\"text-align:start\">\n\t<br><span><span style=\"color:#000000\"><span><span style=\"font-style:normal\"><span><span><span style=\"font-weight:400\"><span style=\"letter-spacing:normal\"><span><span style=\"text-transform:none\"><span><span><span><span><span>Koostanud ja fotografeerinud \u00a9 2003 Mare Isakar<\/span><\/span><\/span><\/span><\/span><\/span><\/span><\/span><\/span><\/span><\/span><\/span><\/span><\/span><\/span><\/p>\n","protected":false},"excerpt":{"rendered":"<p>Apatiit\u00a0\u2013 Ca5(PO4)3F,Cl. Apatiidi kristallid on n\u00f5eljad v\u00f5i sammasjad heksagonaalsed prismad (foto 1). Sageli esineb ka teralise suhkurja massina. V\u00e4rvus roheline, kollane, valge, pruun, violetjas. L\u00e4ige klaasjas, murdepinnal rasvane. Murdepind karpjas, l\u00f5henevus ebat\u00e4iuslik. Esineb v\u00e4hesel hulgal k\u00f5ikides tardkivimites. K\u00f5vadus 5 Foto &#8230;<\/p>\n","protected":false},"author":226,"featured_media":0,"parent":0,"menu_order":0,"comment_status":"closed","ping_status":"closed","template":"","meta":{"_acf_changed":false,"inline_featured_image":false,"footnotes":""},"class_list":["post-164","page","type-page","status-publish","hentry"],"acf":[],"_links":{"self":[{"href":"https:\/\/sisu.ut.ee\/mineraalid-ja-kivimid\/wp-json\/wp\/v2\/pages\/164","targetHints":{"allow":["GET"]}}],"collection":[{"href":"https:\/\/sisu.ut.ee\/mineraalid-ja-kivimid\/wp-json\/wp\/v2\/pages"}],"about":[{"href":"https:\/\/sisu.ut.ee\/mineraalid-ja-kivimid\/wp-json\/wp\/v2\/types\/page"}],"author":[{"embeddable":true,"href":"https:\/\/sisu.ut.ee\/mineraalid-ja-kivimid\/wp-json\/wp\/v2\/users\/226"}],"replies":[{"embeddable":true,"href":"https:\/\/sisu.ut.ee\/mineraalid-ja-kivimid\/wp-json\/wp\/v2\/comments?post=164"}],"version-history":[{"count":1,"href":"https:\/\/sisu.ut.ee\/mineraalid-ja-kivimid\/wp-json\/wp\/v2\/pages\/164\/revisions"}],"predecessor-version":[{"id":685,"href":"https:\/\/sisu.ut.ee\/mineraalid-ja-kivimid\/wp-json\/wp\/v2\/pages\/164\/revisions\/685"}],"wp:attachment":[{"href":"https:\/\/sisu.ut.ee\/mineraalid-ja-kivimid\/wp-json\/wp\/v2\/media?parent=164"}],"curies":[{"name":"wp","href":"https:\/\/api.w.org\/{rel}","templated":true}]}}