{"id":159,"date":"2024-04-04T06:11:49","date_gmt":"2024-04-04T03:11:49","guid":{"rendered":"https:\/\/sisu.ut.ee\/mineraalid-ja-kivimid\/puroklastilised-kivimid\/"},"modified":"2024-04-04T06:13:01","modified_gmt":"2024-04-04T03:13:01","slug":"puroklastilised-kivimid","status":"publish","type":"page","link":"https:\/\/sisu.ut.ee\/mineraalid-ja-kivimid\/puroklastilised-kivimid\/","title":{"rendered":"P\u00fcroklastilised kivimid"},"content":{"rendered":"<p>\n\t<font face=\"Arial\"><font style=\"medium;font-style:normal;font-weight:400;letter-spacing:normal;text-align:start;text-indent:0px;text-transform:none\"><b>P\u00fcroklastilised kivimid<\/b>\u00a0on tekkinud vulkaani l\u00f5\u00f5rist v\u00e4lja lennanud ja tahkestunud kivimitest (laavapommid). Pommid tahkestuvad l\u00e4bi \u00f5hu lendamisel.<\/font><\/font>\n<\/p>\n<p>\n\t\u00a0\n<\/p>\n<p>\n\t<img loading=\"lazy\" decoding=\"async\" width=\"120\" height=\"107\" class=\"alignnone wp-image-466\" src=\"https:\/\/sisu.ut.ee\/wp-content\/uploads\/sites\/431\/laava1a_01.jpg\" title=\"laava1a_01.jpg\" alt=\"laava\"><br><font face=\"Arial\">Foto 1. P\u00fcroklastilised kivimid<\/font>\n<\/p>\n<p style=\"text-align:start\">\n\t<br><span><span style=\"color:#000000\"><span><span style=\"font-style:normal\"><span><span><span style=\"font-weight:400\"><span style=\"letter-spacing:normal\"><span><span style=\"text-transform:none\"><span><span><span><span><span>Koostanud ja fotografeerinud \u00a9 2003 Mare Isakar<\/span><\/span><\/span><\/span><\/span><\/span><\/span><\/span><\/span><\/span><\/span><\/span><\/span><\/span><\/span><\/p>\n","protected":false},"excerpt":{"rendered":"<p>P\u00fcroklastilised kivimid\u00a0on tekkinud vulkaani l\u00f5\u00f5rist v\u00e4lja lennanud ja tahkestunud kivimitest (laavapommid). Pommid tahkestuvad l\u00e4bi \u00f5hu lendamisel. \u00a0 Foto 1. P\u00fcroklastilised kivimid Koostanud ja fotografeerinud \u00a9 2003 Mare Isakar<\/p>\n","protected":false},"author":226,"featured_media":0,"parent":0,"menu_order":0,"comment_status":"closed","ping_status":"closed","template":"","meta":{"_acf_changed":false,"inline_featured_image":false,"footnotes":""},"class_list":["post-159","page","type-page","status-publish","hentry"],"acf":[],"_links":{"self":[{"href":"https:\/\/sisu.ut.ee\/mineraalid-ja-kivimid\/wp-json\/wp\/v2\/pages\/159","targetHints":{"allow":["GET"]}}],"collection":[{"href":"https:\/\/sisu.ut.ee\/mineraalid-ja-kivimid\/wp-json\/wp\/v2\/pages"}],"about":[{"href":"https:\/\/sisu.ut.ee\/mineraalid-ja-kivimid\/wp-json\/wp\/v2\/types\/page"}],"author":[{"embeddable":true,"href":"https:\/\/sisu.ut.ee\/mineraalid-ja-kivimid\/wp-json\/wp\/v2\/users\/226"}],"replies":[{"embeddable":true,"href":"https:\/\/sisu.ut.ee\/mineraalid-ja-kivimid\/wp-json\/wp\/v2\/comments?post=159"}],"version-history":[{"count":1,"href":"https:\/\/sisu.ut.ee\/mineraalid-ja-kivimid\/wp-json\/wp\/v2\/pages\/159\/revisions"}],"predecessor-version":[{"id":701,"href":"https:\/\/sisu.ut.ee\/mineraalid-ja-kivimid\/wp-json\/wp\/v2\/pages\/159\/revisions\/701"}],"wp:attachment":[{"href":"https:\/\/sisu.ut.ee\/mineraalid-ja-kivimid\/wp-json\/wp\/v2\/media?parent=159"}],"curies":[{"name":"wp","href":"https:\/\/api.w.org\/{rel}","templated":true}]}}