{"id":158,"date":"2024-04-04T06:11:49","date_gmt":"2024-04-04T03:11:49","guid":{"rendered":"https:\/\/sisu.ut.ee\/mineraalid-ja-kivimid\/vulkaanilised-kivimid\/"},"modified":"2024-04-04T06:13:01","modified_gmt":"2024-04-04T03:13:01","slug":"vulkaanilised-kivimid","status":"publish","type":"page","link":"https:\/\/sisu.ut.ee\/mineraalid-ja-kivimid\/vulkaanilised-kivimid\/","title":{"rendered":"Vulkaanilised kivimid"},"content":{"rendered":"<p>\n\t<font face=\"Arial\"><font style=\"medium;font-style:normal;font-weight:400;letter-spacing:normal;text-align:start;text-indent:0px;text-transform:none\"><b>Vulkaanilised ehk purskekivimid<\/b>\u00a0on kivimid, mis on tekkinud vulkaanilisel tegevusel. Neid jagatakse\u00a0<\/font><\/font><a data-url=\"https:\/\/sisu.ut.ee\/mineraalid-ja-kivimid\/p%C3%BCroklastilised-kivimid\" href=\"https:\/\/sisu.ut.ee\/mineraalid-ja-kivimid\/p%C3%BCroklastilised-kivimid\" target=\"_blank\" title=\"\" rel=\"noopener\">p\u00fcroklastilisteks kivimiteks<\/a><font face=\"Arial\"><font style=\"medium;font-style:normal;font-weight:400;letter-spacing:normal;text-align:start;text-indent:0px;text-transform:none\">\u00a0ja\u00a0<\/font><\/font><a data-url=\"https:\/\/sisu.ut.ee\/mineraalid-ja-kivimid\/laava\" href=\"https:\/\/sisu.ut.ee\/mineraalid-ja-kivimid\/laava\" target=\"_blank\" title=\"\" rel=\"noopener\">laavadeks<\/a><font face=\"Arial\"><font style=\"medium;font-style:normal;font-weight:400;letter-spacing:normal;text-align:start;text-indent:0px;text-transform:none\">.<\/font><\/font>\n<\/p>\n<p>\n\t<font face=\"Arial\">Vulkaanilised kivimid on tiheda v\u00f5i v\u00e4ga peeneteralise ehitusega, mis viitab nende kiirele jahtumisele maapinna l\u00e4hedal. Iseloomulik on kivimite porf\u00fc\u00fcriline struktuur.<\/font>\n<\/p>\n<p>\n\t<font face=\"Arial\">T\u00fc\u00fcpilisteks purskekivimiteks\u00a0<b>Eestis<\/b>\u00a0on\u00a0<\/font><a data-url=\"https:\/\/sisu.ut.ee\/mineraalid-ja-kivimid\/l_mereq_porf1-jpg\" href=\"https:\/\/sisu.ut.ee\/mineraalid-ja-kivimid\/l_mereq_porf1-jpg\" target=\"_blank\" title=\"\" rel=\"noopener\">L\u00e4\u00e4nemere punane kvartsporf\u00fc\u00fcr<\/a><font face=\"Arial\">\u00a0ja\u00a0<\/font><a data-url=\"https:\/\/sisu.ut.ee\/mineraalid-ja-kivimid\/diabaas\" href=\"https:\/\/sisu.ut.ee\/mineraalid-ja-kivimid\/diabaas\" target=\"_blank\" title=\"\" rel=\"noopener\">diabaas<\/a><font face=\"Arial\">.<\/font>\n<\/p>\n<p style=\"text-align:start\">\n\t<br><span><span style=\"color:#000000\"><span><span style=\"font-style:normal\"><span><span><span style=\"font-weight:400\"><span style=\"letter-spacing:normal\"><span><span style=\"text-transform:none\"><span><span><span><span><span>Koostanud ja fotografeerinud \u00a9 2003 Mare Isakar<\/span><\/span><\/span><\/span><\/span><\/span><\/span><\/span><\/span><\/span><\/span><\/span><\/span><\/span><\/span><\/p>\n","protected":false},"excerpt":{"rendered":"<p>Vulkaanilised ehk purskekivimid\u00a0on kivimid, mis on tekkinud vulkaanilisel tegevusel. Neid jagatakse\u00a0p\u00fcroklastilisteks kivimiteks\u00a0ja\u00a0laavadeks. Vulkaanilised kivimid on tiheda v\u00f5i v\u00e4ga peeneteralise ehitusega, mis viitab nende kiirele jahtumisele maapinna l\u00e4hedal. Iseloomulik on kivimite porf\u00fc\u00fcriline struktuur. T\u00fc\u00fcpilisteks purskekivimiteks\u00a0Eestis\u00a0on\u00a0L\u00e4\u00e4nemere punane kvartsporf\u00fc\u00fcr\u00a0ja\u00a0diabaas. Koostanud ja fotografeerinud \u00a9 &#8230;<\/p>\n","protected":false},"author":226,"featured_media":0,"parent":0,"menu_order":0,"comment_status":"closed","ping_status":"closed","template":"","meta":{"_acf_changed":false,"inline_featured_image":false,"footnotes":""},"class_list":["post-158","page","type-page","status-publish","hentry"],"acf":[],"_links":{"self":[{"href":"https:\/\/sisu.ut.ee\/mineraalid-ja-kivimid\/wp-json\/wp\/v2\/pages\/158","targetHints":{"allow":["GET"]}}],"collection":[{"href":"https:\/\/sisu.ut.ee\/mineraalid-ja-kivimid\/wp-json\/wp\/v2\/pages"}],"about":[{"href":"https:\/\/sisu.ut.ee\/mineraalid-ja-kivimid\/wp-json\/wp\/v2\/types\/page"}],"author":[{"embeddable":true,"href":"https:\/\/sisu.ut.ee\/mineraalid-ja-kivimid\/wp-json\/wp\/v2\/users\/226"}],"replies":[{"embeddable":true,"href":"https:\/\/sisu.ut.ee\/mineraalid-ja-kivimid\/wp-json\/wp\/v2\/comments?post=158"}],"version-history":[{"count":1,"href":"https:\/\/sisu.ut.ee\/mineraalid-ja-kivimid\/wp-json\/wp\/v2\/pages\/158\/revisions"}],"predecessor-version":[{"id":700,"href":"https:\/\/sisu.ut.ee\/mineraalid-ja-kivimid\/wp-json\/wp\/v2\/pages\/158\/revisions\/700"}],"wp:attachment":[{"href":"https:\/\/sisu.ut.ee\/mineraalid-ja-kivimid\/wp-json\/wp\/v2\/media?parent=158"}],"curies":[{"name":"wp","href":"https:\/\/api.w.org\/{rel}","templated":true}]}}