{"id":156,"date":"2024-04-04T06:11:49","date_gmt":"2024-04-04T03:11:49","guid":{"rendered":"https:\/\/sisu.ut.ee\/mineraalid-ja-kivimid\/irisatsioon\/"},"modified":"2024-04-04T06:13:01","modified_gmt":"2024-04-04T03:13:01","slug":"irisatsioon","status":"publish","type":"page","link":"https:\/\/sisu.ut.ee\/mineraalid-ja-kivimid\/irisatsioon\/","title":{"rendered":"Irisatsioon"},"content":{"rendered":"<p>\n\t<font face=\"Arial\"><font style=\"medium;font-style:normal;font-weight:400;letter-spacing:normal;text-align:start;text-indent:0px;text-transform:none\"><b>Irisatsioon<\/b>\u00a0on kristallipindadel j\u00e4lgitav loodusliku valguse jagunemine interferentsv\u00e4rvusteks. Siledad ja lihvitud iriseeruva v\u00e4\u00e4risplagioklassi (spektroliidi) \u2013 labradori \u2013 kristallid toovad esile suurep\u00e4rase v\u00e4rvidem\u00e4ngu (fotod 1-3).<\/font><\/font>\n<\/p>\n<p>\n\t<img loading=\"lazy\" decoding=\"async\" width=\"120\" height=\"109\" class=\"alignnone wp-image-462\" src=\"https:\/\/sisu.ut.ee\/wp-content\/uploads\/sites\/431\/labrador2a_01.jpg\" title=\"labrador2a_01.jpg\" alt=\"labrador\">\u00a0<img loading=\"lazy\" decoding=\"async\" width=\"120\" height=\"90\" class=\"alignnone wp-image-463\" src=\"https:\/\/sisu.ut.ee\/wp-content\/uploads\/sites\/431\/labrador1a_01.jpg\" title=\"labrador1a_01.jpg\" alt=\"labrador\"><br><font face=\"Arial\">Foto 1, 2. Iriseeruv labrador<\/font>\n<\/p>\n<p>\n\t<img loading=\"lazy\" decoding=\"async\" width=\"120\" height=\"95\" class=\"alignnone wp-image-464\" src=\"https:\/\/sisu.ut.ee\/wp-content\/uploads\/sites\/431\/spektroliit1a_01.jpg\" title=\"spektroliit1a_01.jpg\" alt=\"spektoliit\"><br><font face=\"Arial\">Foto 3. Spektroliit<\/font>\n<\/p>\n<p style=\"text-align:start\">\n\t<br><span><span style=\"color:#000000\"><span><span style=\"font-style:normal\"><span><span><span style=\"font-weight:400\"><span style=\"letter-spacing:normal\"><span><span style=\"text-transform:none\"><span><span><span><span><span>Koostanud ja fotografeerinud \u00a9 2003 Mare Isakar<\/span><\/span><\/span><\/span><\/span><\/span><\/span><\/span><\/span><\/span><\/span><\/span><\/span><\/span><\/span><\/p>\n","protected":false},"excerpt":{"rendered":"<p>Irisatsioon\u00a0on kristallipindadel j\u00e4lgitav loodusliku valguse jagunemine interferentsv\u00e4rvusteks. Siledad ja lihvitud iriseeruva v\u00e4\u00e4risplagioklassi (spektroliidi) \u2013 labradori \u2013 kristallid toovad esile suurep\u00e4rase v\u00e4rvidem\u00e4ngu (fotod 1-3). \u00a0Foto 1, 2. Iriseeruv labrador Foto 3. Spektroliit Koostanud ja fotografeerinud \u00a9 2003 Mare Isakar<\/p>\n","protected":false},"author":226,"featured_media":0,"parent":0,"menu_order":0,"comment_status":"closed","ping_status":"closed","template":"","meta":{"_acf_changed":false,"inline_featured_image":false,"footnotes":""},"class_list":["post-156","page","type-page","status-publish","hentry"],"acf":[],"_links":{"self":[{"href":"https:\/\/sisu.ut.ee\/mineraalid-ja-kivimid\/wp-json\/wp\/v2\/pages\/156","targetHints":{"allow":["GET"]}}],"collection":[{"href":"https:\/\/sisu.ut.ee\/mineraalid-ja-kivimid\/wp-json\/wp\/v2\/pages"}],"about":[{"href":"https:\/\/sisu.ut.ee\/mineraalid-ja-kivimid\/wp-json\/wp\/v2\/types\/page"}],"author":[{"embeddable":true,"href":"https:\/\/sisu.ut.ee\/mineraalid-ja-kivimid\/wp-json\/wp\/v2\/users\/226"}],"replies":[{"embeddable":true,"href":"https:\/\/sisu.ut.ee\/mineraalid-ja-kivimid\/wp-json\/wp\/v2\/comments?post=156"}],"version-history":[{"count":1,"href":"https:\/\/sisu.ut.ee\/mineraalid-ja-kivimid\/wp-json\/wp\/v2\/pages\/156\/revisions"}],"predecessor-version":[{"id":698,"href":"https:\/\/sisu.ut.ee\/mineraalid-ja-kivimid\/wp-json\/wp\/v2\/pages\/156\/revisions\/698"}],"wp:attachment":[{"href":"https:\/\/sisu.ut.ee\/mineraalid-ja-kivimid\/wp-json\/wp\/v2\/media?parent=156"}],"curies":[{"name":"wp","href":"https:\/\/api.w.org\/{rel}","templated":true}]}}