{"id":154,"date":"2024-04-04T06:11:49","date_gmt":"2024-04-04T03:11:49","guid":{"rendered":"https:\/\/sisu.ut.ee\/mineraalid-ja-kivimid\/galeniit\/"},"modified":"2024-04-04T06:13:01","modified_gmt":"2024-04-04T03:13:01","slug":"galeniit","status":"publish","type":"page","link":"https:\/\/sisu.ut.ee\/mineraalid-ja-kivimid\/galeniit\/","title":{"rendered":"Galeniit"},"content":{"rendered":"<p>\n\t<font face=\"Arial\"><font style=\"medium;font-style:normal;font-weight:400;letter-spacing:normal;text-align:start;text-indent:0px;text-transform:none\"><b>Galeniit<\/b>\u00a0\u2013 PbS. Esineb kuubiliste kristallidena v\u00f5i tiheda teralise massina. V\u00e4rvus seatinahall, metallilise l\u00e4ikega (foto 1-4). Galeniit on raske, erikaal on \u00fcle 7.<\/font><\/font>\n<\/p>\n<p>\n\t<font face=\"Arial\"><b>K\u00f5vadus 2,5<\/b><\/font>\n<\/p>\n<p>\n\t<font face=\"Arial\">Eestis leidub galeniiti Alam-Siluri dolomiitides V\u00f5hma \u00fcmbruses, kus pol\u00fcmetalne maagistumine on seotud tektooniliste l\u00f5hedega (fotod 5, 6, 7).<\/font>\n<\/p>\n<p>\n\t<img loading=\"lazy\" decoding=\"async\" width=\"120\" height=\"84\" class=\"alignnone wp-image-455\" src=\"https:\/\/sisu.ut.ee\/wp-content\/uploads\/sites\/431\/galeniit1a.jpg\" title=\"galeniit1a.jpg\" alt=\"galeniit\"><font face=\"Arial\">\u00a0a\u00a0<\/font><img loading=\"lazy\" decoding=\"async\" width=\"120\" height=\"90\" class=\"alignnone wp-image-456\" src=\"https:\/\/sisu.ut.ee\/wp-content\/uploads\/sites\/431\/galeniit2a.jpg\" title=\"galeniit2a.jpg\" alt=\"galeniit\"><font face=\"Arial\">\u00a0b<br>Foto 1, 2. Galeniit, Freiberg; b \u2013 l\u00e4hivaade<\/font>\n<\/p>\n<p>\n\t<img loading=\"lazy\" decoding=\"async\" width=\"120\" height=\"99\" class=\"alignnone wp-image-457\" src=\"https:\/\/sisu.ut.ee\/wp-content\/uploads\/sites\/431\/galeniit3a.jpg\" title=\"galeniit3a.jpg\" alt=\"galeniit\"><font face=\"Arial\">\u00a0a\u00a0<\/font><img loading=\"lazy\" decoding=\"async\" width=\"120\" height=\"90\" class=\"alignnone wp-image-458\" src=\"https:\/\/sisu.ut.ee\/wp-content\/uploads\/sites\/431\/galeniit4a.jpg\" title=\"galeniit4a.jpg\" alt=\"galeniit\"><font face=\"Arial\">\u00a0b<br>Foto 3. Galeniit, Sachsen; b \u2013 l\u00e4hivaade<\/font>\n<\/p>\n<p>\n\t<img loading=\"lazy\" decoding=\"async\" width=\"120\" height=\"91\" class=\"alignnone wp-image-459\" src=\"https:\/\/sisu.ut.ee\/wp-content\/uploads\/sites\/431\/pyriit_gal1a_01.jpg\" title=\"pyriit_gal1a_01.jpg\" alt=\"galeniit\"><font face=\"Arial\">\u00a0a\u00a0<\/font><img loading=\"lazy\" decoding=\"async\" width=\"120\" height=\"90\" class=\"alignnone wp-image-460\" src=\"https:\/\/sisu.ut.ee\/wp-content\/uploads\/sites\/431\/pyriit_gal2a.jpg\" title=\"pyriit_gal2a.jpg\" alt=\"galeniit\"><font face=\"Arial\">\u00a0a\u00a0<\/font><img loading=\"lazy\" decoding=\"async\" width=\"120\" height=\"90\" class=\"alignnone wp-image-461\" src=\"https:\/\/sisu.ut.ee\/wp-content\/uploads\/sites\/431\/pyriit_gal3a.jpg\" title=\"pyriit_gal3a.jpg\" alt=\"galeniit\"><font face=\"Arial\">\u00a0a<br>Foto 4. Galeniit, Navesti<\/font>\n<\/p>\n<p style=\"text-align:start\">\n\t<br><span><span style=\"color:#000000\"><span><span style=\"font-style:normal\"><span><span><span style=\"font-weight:400\"><span style=\"letter-spacing:normal\"><span><span style=\"text-transform:none\"><span><span><span><span><span>Koostanud ja fotografeerinud \u00a9 2003 Mare Isakar<\/span><\/span><\/span><\/span><\/span><\/span><\/span><\/span><\/span><\/span><\/span><\/span><\/span><\/span><\/span><\/p>\n","protected":false},"excerpt":{"rendered":"<p>Galeniit\u00a0\u2013 PbS. Esineb kuubiliste kristallidena v\u00f5i tiheda teralise massina. V\u00e4rvus seatinahall, metallilise l\u00e4ikega (foto 1-4). Galeniit on raske, erikaal on \u00fcle 7. K\u00f5vadus 2,5 Eestis leidub galeniiti Alam-Siluri dolomiitides V\u00f5hma \u00fcmbruses, kus pol\u00fcmetalne maagistumine on seotud tektooniliste l\u00f5hedega (fotod 5, &#8230;<\/p>\n","protected":false},"author":226,"featured_media":0,"parent":0,"menu_order":0,"comment_status":"closed","ping_status":"closed","template":"","meta":{"_acf_changed":false,"inline_featured_image":false,"footnotes":""},"class_list":["post-154","page","type-page","status-publish","hentry"],"acf":[],"_links":{"self":[{"href":"https:\/\/sisu.ut.ee\/mineraalid-ja-kivimid\/wp-json\/wp\/v2\/pages\/154","targetHints":{"allow":["GET"]}}],"collection":[{"href":"https:\/\/sisu.ut.ee\/mineraalid-ja-kivimid\/wp-json\/wp\/v2\/pages"}],"about":[{"href":"https:\/\/sisu.ut.ee\/mineraalid-ja-kivimid\/wp-json\/wp\/v2\/types\/page"}],"author":[{"embeddable":true,"href":"https:\/\/sisu.ut.ee\/mineraalid-ja-kivimid\/wp-json\/wp\/v2\/users\/226"}],"replies":[{"embeddable":true,"href":"https:\/\/sisu.ut.ee\/mineraalid-ja-kivimid\/wp-json\/wp\/v2\/comments?post=154"}],"version-history":[{"count":1,"href":"https:\/\/sisu.ut.ee\/mineraalid-ja-kivimid\/wp-json\/wp\/v2\/pages\/154\/revisions"}],"predecessor-version":[{"id":696,"href":"https:\/\/sisu.ut.ee\/mineraalid-ja-kivimid\/wp-json\/wp\/v2\/pages\/154\/revisions\/696"}],"wp:attachment":[{"href":"https:\/\/sisu.ut.ee\/mineraalid-ja-kivimid\/wp-json\/wp\/v2\/media?parent=154"}],"curies":[{"name":"wp","href":"https:\/\/api.w.org\/{rel}","templated":true}]}}