{"id":15,"date":"2024-04-04T06:11:35","date_gmt":"2024-04-04T03:11:35","guid":{"rendered":"https:\/\/sisu.ut.ee\/mineraalid-ja-kivimid\/sylviin\/"},"modified":"2024-04-04T06:13:08","modified_gmt":"2024-04-04T03:13:08","slug":"sylviin","status":"publish","type":"page","link":"https:\/\/sisu.ut.ee\/mineraalid-ja-kivimid\/sylviin\/","title":{"rendered":"S\u00fclviin"},"content":{"rendered":"<p>\n\t<font face=\"Arial\"><font style=\"medium;font-style:normal;font-weight:400;letter-spacing:normal;text-align:start;text-indent:0px;text-transform:none\"><b>S\u00fclviin<\/b>\u00a0\u2013 KCl. S\u00fclviin esinev enamasti teraliste (foto 1) v\u00f5i tihedate massidena. V\u00e4rvitu, piimvalge v\u00f5i lisandite m\u00f5jul pruunikas. Maitse kibesoolane.<\/font><\/font>\n<\/p>\n<p>\n\t<font face=\"Arial\"><b>K\u00f5vadus 2<\/b><\/font>\n<\/p>\n<p>\n\t<img loading=\"lazy\" decoding=\"async\" width=\"120\" height=\"111\" class=\"alignnone wp-image-190\" src=\"https:\/\/sisu.ut.ee\/wp-content\/uploads\/sites\/431\/sylviin1a.jpg\" title=\"sylviin1a.jpg\" alt=\"sylviin\">\u00a0<img loading=\"lazy\" decoding=\"async\" width=\"120\" height=\"90\" class=\"alignnone wp-image-191\" src=\"https:\/\/sisu.ut.ee\/wp-content\/uploads\/sites\/431\/sylviin2a.jpg\" title=\"sylviin2a.jpg\" alt=\"sylviin\"><br><font face=\"Arial\">Foto 1. S\u00fclviin punaste hematiidi koorikutega<\/font>\n<\/p>\n<p style=\"text-align:start\">\n\t<br><span><span style=\"color:#000000\"><span><span style=\"font-style:normal\"><span><span><span style=\"font-weight:400\"><span style=\"letter-spacing:normal\"><span><span style=\"text-transform:none\"><span><span><span><span><span>Koostanud ja fotografeerinud \u00a9 2003 Mare Isakar<\/span><\/span><\/span><\/span><\/span><\/span><\/span><\/span><\/span><\/span><\/span><\/span><\/span><\/span><\/span><\/p>\n","protected":false},"excerpt":{"rendered":"<p>S\u00fclviin\u00a0\u2013 KCl. S\u00fclviin esinev enamasti teraliste (foto 1) v\u00f5i tihedate massidena. V\u00e4rvitu, piimvalge v\u00f5i lisandite m\u00f5jul pruunikas. Maitse kibesoolane. K\u00f5vadus 2 \u00a0Foto 1. S\u00fclviin punaste hematiidi koorikutega Koostanud ja fotografeerinud \u00a9 2003 Mare Isakar<\/p>\n","protected":false},"author":226,"featured_media":0,"parent":0,"menu_order":0,"comment_status":"closed","ping_status":"closed","template":"","meta":{"_acf_changed":false,"inline_featured_image":false,"footnotes":""},"class_list":["post-15","page","type-page","status-publish","hentry"],"acf":[],"_links":{"self":[{"href":"https:\/\/sisu.ut.ee\/mineraalid-ja-kivimid\/wp-json\/wp\/v2\/pages\/15","targetHints":{"allow":["GET"]}}],"collection":[{"href":"https:\/\/sisu.ut.ee\/mineraalid-ja-kivimid\/wp-json\/wp\/v2\/pages"}],"about":[{"href":"https:\/\/sisu.ut.ee\/mineraalid-ja-kivimid\/wp-json\/wp\/v2\/types\/page"}],"author":[{"embeddable":true,"href":"https:\/\/sisu.ut.ee\/mineraalid-ja-kivimid\/wp-json\/wp\/v2\/users\/226"}],"replies":[{"embeddable":true,"href":"https:\/\/sisu.ut.ee\/mineraalid-ja-kivimid\/wp-json\/wp\/v2\/comments?post=15"}],"version-history":[{"count":1,"href":"https:\/\/sisu.ut.ee\/mineraalid-ja-kivimid\/wp-json\/wp\/v2\/pages\/15\/revisions"}],"predecessor-version":[{"id":844,"href":"https:\/\/sisu.ut.ee\/mineraalid-ja-kivimid\/wp-json\/wp\/v2\/pages\/15\/revisions\/844"}],"wp:attachment":[{"href":"https:\/\/sisu.ut.ee\/mineraalid-ja-kivimid\/wp-json\/wp\/v2\/media?parent=15"}],"curies":[{"name":"wp","href":"https:\/\/api.w.org\/{rel}","templated":true}]}}