{"id":148,"date":"2024-04-04T06:11:48","date_gmt":"2024-04-04T03:11:48","guid":{"rendered":"https:\/\/sisu.ut.ee\/mineraalid-ja-kivimid\/mikrokliin\/"},"modified":"2024-04-04T06:13:02","modified_gmt":"2024-04-04T03:13:02","slug":"mikrokliin","status":"publish","type":"page","link":"https:\/\/sisu.ut.ee\/mineraalid-ja-kivimid\/mikrokliin\/","title":{"rendered":"Mikrokliin"},"content":{"rendered":"<p>\n\t<font face=\"Arial\"><font style=\"medium;font-style:normal;font-weight:400;letter-spacing:normal;text-align:start;text-indent:0px;text-transform:none\"><b>Mikrokliin<\/b>\u00a0\u2013 K[AlSi<sub>3<\/sub>O<sub>8<\/sub>]. Kristallid plokilised v\u00f5i tahveljad, tihti moodustavad kaksikuid. T\u00fc\u00fcpiliselt lihapunase v\u00e4rvusega (fotod 1, 2). Rohelist mikrokliini nimetatakse\u00a0<b>amasoniidiks<\/b>\u00a0\u2013 fotod 3, 4.<\/font><\/font>\n<\/p>\n<p>\n\t<font face=\"Arial\"><b>K\u00f5vadus 6<\/b><\/font>\n<\/p>\n<p>\n\t\u00a0\n<\/p>\n<p>\n\t<img loading=\"lazy\" decoding=\"async\" width=\"120\" height=\"109\" class=\"alignnone wp-image-428\" src=\"https:\/\/sisu.ut.ee\/wp-content\/uploads\/sites\/431\/mikrokliin1a.jpg\" title=\"mikrokliin1a.jpg\" alt=\"mikrokliin\">\u00a0<img loading=\"lazy\" decoding=\"async\" width=\"120\" height=\"90\" class=\"alignnone wp-image-429\" src=\"https:\/\/sisu.ut.ee\/wp-content\/uploads\/sites\/431\/mikrokliin2a.jpg\" title=\"mikrokliin2a.jpg\" alt=\"mikrokliin\"><font face=\"Arial\">\u00a0l\u00e4hivaade<br>Fotod 1, 2. Mikrokliin, Sillb\u00f6len<\/font>\n<\/p>\n<p>\n\t<img loading=\"lazy\" decoding=\"async\" width=\"108\" height=\"120\" class=\"alignnone wp-image-430\" src=\"https:\/\/sisu.ut.ee\/wp-content\/uploads\/sites\/431\/amasoniit1a_01.jpg\" title=\"amasoniit1a_01.jpg\" alt=\"amasoniit\">\u00a0<img loading=\"lazy\" decoding=\"async\" width=\"120\" height=\"120\" class=\"alignnone wp-image-431\" src=\"https:\/\/sisu.ut.ee\/wp-content\/uploads\/sites\/431\/amasoniit2a.jpg\" title=\"amasoniit2a.jpg\" alt=\"amasoniit\"><br><font face=\"Arial\">Fotod 3, 4. Mikrokliini roheline erim amasoniit<\/font>\n<\/p>\n<p style=\"text-align:start\">\n\t<br><span><span style=\"color:#000000\"><span><span style=\"font-style:normal\"><span><span><span style=\"font-weight:400\"><span style=\"letter-spacing:normal\"><span><span style=\"text-transform:none\"><span><span><span><span><span>Koostanud ja fotografeerinud \u00a9 2003 Mare Isakar<\/span><\/span><\/span><\/span><\/span><\/span><\/span><\/span><\/span><\/span><\/span><\/span><\/span><\/span><\/span><\/p>\n","protected":false},"excerpt":{"rendered":"<p>Mikrokliin\u00a0\u2013 K[AlSi3O8]. Kristallid plokilised v\u00f5i tahveljad, tihti moodustavad kaksikuid. T\u00fc\u00fcpiliselt lihapunase v\u00e4rvusega (fotod 1, 2). Rohelist mikrokliini nimetatakse\u00a0amasoniidiks\u00a0\u2013 fotod 3, 4. K\u00f5vadus 6 \u00a0 \u00a0\u00a0l\u00e4hivaadeFotod 1, 2. Mikrokliin, Sillb\u00f6len \u00a0Fotod 3, 4. Mikrokliini roheline erim amasoniit Koostanud ja fotografeerinud \u00a9 &#8230;<\/p>\n","protected":false},"author":226,"featured_media":0,"parent":0,"menu_order":0,"comment_status":"closed","ping_status":"closed","template":"","meta":{"_acf_changed":false,"inline_featured_image":false,"footnotes":""},"class_list":["post-148","page","type-page","status-publish","hentry"],"acf":[],"_links":{"self":[{"href":"https:\/\/sisu.ut.ee\/mineraalid-ja-kivimid\/wp-json\/wp\/v2\/pages\/148","targetHints":{"allow":["GET"]}}],"collection":[{"href":"https:\/\/sisu.ut.ee\/mineraalid-ja-kivimid\/wp-json\/wp\/v2\/pages"}],"about":[{"href":"https:\/\/sisu.ut.ee\/mineraalid-ja-kivimid\/wp-json\/wp\/v2\/types\/page"}],"author":[{"embeddable":true,"href":"https:\/\/sisu.ut.ee\/mineraalid-ja-kivimid\/wp-json\/wp\/v2\/users\/226"}],"replies":[{"embeddable":true,"href":"https:\/\/sisu.ut.ee\/mineraalid-ja-kivimid\/wp-json\/wp\/v2\/comments?post=148"}],"version-history":[{"count":1,"href":"https:\/\/sisu.ut.ee\/mineraalid-ja-kivimid\/wp-json\/wp\/v2\/pages\/148\/revisions"}],"predecessor-version":[{"id":711,"href":"https:\/\/sisu.ut.ee\/mineraalid-ja-kivimid\/wp-json\/wp\/v2\/pages\/148\/revisions\/711"}],"wp:attachment":[{"href":"https:\/\/sisu.ut.ee\/mineraalid-ja-kivimid\/wp-json\/wp\/v2\/media?parent=148"}],"curies":[{"name":"wp","href":"https:\/\/api.w.org\/{rel}","templated":true}]}}