{"id":147,"date":"2024-04-04T06:11:48","date_gmt":"2024-04-04T03:11:48","guid":{"rendered":"https:\/\/sisu.ut.ee\/mineraalid-ja-kivimid\/kaaliump2evakivi\/"},"modified":"2024-04-04T06:13:02","modified_gmt":"2024-04-04T03:13:02","slug":"kaaliump2evakivi","status":"publish","type":"page","link":"https:\/\/sisu.ut.ee\/mineraalid-ja-kivimid\/kaaliump2evakivi\/","title":{"rendered":"Kaaliump\u00e4evakivi"},"content":{"rendered":"<p>\n\t<font face=\"Arial\"><font style=\"medium;font-style:normal;font-weight:400;letter-spacing:normal;text-align:start;text-indent:0px;text-transform:none\"><b>Kaaliump\u00e4evakivid<\/b>\u00a0on t\u00fc\u00fcpiliselt punasev\u00e4rvilised. K\u00f5rgematemperatuurilist\u00a0<\/font><\/font><a data-url=\"https:\/\/sisu.ut.ee\/mineraalid-ja-kivimid\/ortoklass\" href=\"https:\/\/sisu.ut.ee\/mineraalid-ja-kivimid\/ortoklass\" target=\"_blank\" title=\"\" rel=\"noopener\">ortoklassi<\/a><font face=\"Arial\"><font style=\"medium;font-style:normal;font-weight:400;letter-spacing:normal;text-align:start;text-indent:0px;text-transform:none\">\u00a0esineb paljudes tard- ja moondekivimites, kuna madalatemperatuuriline\u00a0<\/font><\/font><a data-url=\"https:\/\/sisu.ut.ee\/mineraalid-ja-kivimid\/mikrokliin\" href=\"https:\/\/sisu.ut.ee\/mineraalid-ja-kivimid\/mikrokliin\" target=\"_blank\" title=\"\" rel=\"noopener\">mikrokliin<\/a><font face=\"Arial\"><font style=\"medium;font-style:normal;font-weight:400;letter-spacing:normal;text-align:start;text-indent:0px;text-transform:none\">\u00a0esineb laialt\u00a0<\/font><\/font><a data-url=\"https:\/\/sisu.ut.ee\/mineraalid-ja-kivimid\/graniit\" href=\"https:\/\/sisu.ut.ee\/mineraalid-ja-kivimid\/graniit\" target=\"_blank\" title=\"\" rel=\"noopener\">graniitides<\/a><font face=\"Arial\"><font style=\"medium;font-style:normal;font-weight:400;letter-spacing:normal;text-align:start;text-indent:0px;text-transform:none\">.<\/font><\/font>\n<\/p>\n<p style=\"text-align:start\">\n\t<br><span><span style=\"color:#000000\"><span><span style=\"font-style:normal\"><span><span><span style=\"font-weight:400\"><span style=\"letter-spacing:normal\"><span><span style=\"text-transform:none\"><span><span><span><span><span>Koostanud \u00a9 2003 Mare Isakar<\/span><\/span><\/span><\/span><\/span><\/span><\/span><\/span><\/span><\/span><\/span><\/span><\/span><\/span><\/span><\/p>\n","protected":false},"excerpt":{"rendered":"<p>Kaaliump\u00e4evakivid\u00a0on t\u00fc\u00fcpiliselt punasev\u00e4rvilised. K\u00f5rgematemperatuurilist\u00a0ortoklassi\u00a0esineb paljudes tard- ja moondekivimites, kuna madalatemperatuuriline\u00a0mikrokliin\u00a0esineb laialt\u00a0graniitides. Koostanud \u00a9 2003 Mare Isakar<\/p>\n","protected":false},"author":226,"featured_media":0,"parent":0,"menu_order":0,"comment_status":"closed","ping_status":"closed","template":"","meta":{"_acf_changed":false,"inline_featured_image":false,"footnotes":""},"class_list":["post-147","page","type-page","status-publish","hentry"],"acf":[],"_links":{"self":[{"href":"https:\/\/sisu.ut.ee\/mineraalid-ja-kivimid\/wp-json\/wp\/v2\/pages\/147","targetHints":{"allow":["GET"]}}],"collection":[{"href":"https:\/\/sisu.ut.ee\/mineraalid-ja-kivimid\/wp-json\/wp\/v2\/pages"}],"about":[{"href":"https:\/\/sisu.ut.ee\/mineraalid-ja-kivimid\/wp-json\/wp\/v2\/types\/page"}],"author":[{"embeddable":true,"href":"https:\/\/sisu.ut.ee\/mineraalid-ja-kivimid\/wp-json\/wp\/v2\/users\/226"}],"replies":[{"embeddable":true,"href":"https:\/\/sisu.ut.ee\/mineraalid-ja-kivimid\/wp-json\/wp\/v2\/comments?post=147"}],"version-history":[{"count":1,"href":"https:\/\/sisu.ut.ee\/mineraalid-ja-kivimid\/wp-json\/wp\/v2\/pages\/147\/revisions"}],"predecessor-version":[{"id":710,"href":"https:\/\/sisu.ut.ee\/mineraalid-ja-kivimid\/wp-json\/wp\/v2\/pages\/147\/revisions\/710"}],"wp:attachment":[{"href":"https:\/\/sisu.ut.ee\/mineraalid-ja-kivimid\/wp-json\/wp\/v2\/media?parent=147"}],"curies":[{"name":"wp","href":"https:\/\/api.w.org\/{rel}","templated":true}]}}