{"id":145,"date":"2024-04-04T06:11:48","date_gmt":"2024-04-04T03:11:48","guid":{"rendered":"https:\/\/sisu.ut.ee\/mineraalid-ja-kivimid\/limoniit\/"},"modified":"2024-04-04T06:13:02","modified_gmt":"2024-04-04T03:13:02","slug":"limoniit","status":"publish","type":"page","link":"https:\/\/sisu.ut.ee\/mineraalid-ja-kivimid\/limoniit\/","title":{"rendered":"Limoniit"},"content":{"rendered":"<p>\n\t<font face=\"Arial\"><font style=\"medium;font-style:normal;font-weight:400;letter-spacing:normal;text-align:start;text-indent:0px;text-transform:none\"><b>Limoniit<\/b>\u00a0\u2013 HFe<sub>2<\/sub>O<sub>3<\/sub>*nH<sub>2<\/sub>O. Esineb tavaliselt tiheda v\u00f5i muldse massina. Sisaldab alati lisanditena savi, liiva, Mn, P ja V. V\u00e4rvus roostepruun kuni tumepruun. Tekib mitmesuguste rauamineraalide lagunemisel, samuti setib merede v\u00f5i mageveekogude p\u00f5hjas (soo- ja j\u00e4rveraud) rauabakterite m\u00f5jul.<\/font><\/font>\n<\/p>\n<p>\n\t<font face=\"Arial\"><b>K\u00f5vadus 5 \u2013 5,5<\/b><\/font>\n<\/p>\n<p>\n\t\u00a0\n<\/p>\n<p>\n\t<img loading=\"lazy\" decoding=\"async\" width=\"163\" height=\"90\" class=\"alignnone wp-image-426\" src=\"https:\/\/sisu.ut.ee\/wp-content\/uploads\/sites\/431\/limoniit1a.jpg\" title=\"limoniit1a.jpg\" alt=\"limoniit\"><br><font face=\"Arial\">Foto 1. Limoniit<\/font>\n<\/p>\n<p style=\"text-align:start\">\n\t<br><span><span style=\"color:#000000\"><span><span style=\"font-style:normal\"><span><span><span style=\"font-weight:400\"><span style=\"letter-spacing:normal\"><span><span style=\"text-transform:none\"><span><span><span><span><span>Koostanud ja fotografeerinud \u00a9 2003 Mare Isakar<\/span><\/span><\/span><\/span><\/span><\/span><\/span><\/span><\/span><\/span><\/span><\/span><\/span><\/span><\/span><\/p>\n","protected":false},"excerpt":{"rendered":"<p>Limoniit\u00a0\u2013 HFe2O3*nH2O. Esineb tavaliselt tiheda v\u00f5i muldse massina. Sisaldab alati lisanditena savi, liiva, Mn, P ja V. V\u00e4rvus roostepruun kuni tumepruun. Tekib mitmesuguste rauamineraalide lagunemisel, samuti setib merede v\u00f5i mageveekogude p\u00f5hjas (soo- ja j\u00e4rveraud) rauabakterite m\u00f5jul. K\u00f5vadus 5 \u2013 5,5 &#8230;<\/p>\n","protected":false},"author":226,"featured_media":0,"parent":0,"menu_order":0,"comment_status":"closed","ping_status":"closed","template":"","meta":{"_acf_changed":false,"inline_featured_image":false,"footnotes":""},"class_list":["post-145","page","type-page","status-publish","hentry"],"acf":[],"_links":{"self":[{"href":"https:\/\/sisu.ut.ee\/mineraalid-ja-kivimid\/wp-json\/wp\/v2\/pages\/145","targetHints":{"allow":["GET"]}}],"collection":[{"href":"https:\/\/sisu.ut.ee\/mineraalid-ja-kivimid\/wp-json\/wp\/v2\/pages"}],"about":[{"href":"https:\/\/sisu.ut.ee\/mineraalid-ja-kivimid\/wp-json\/wp\/v2\/types\/page"}],"author":[{"embeddable":true,"href":"https:\/\/sisu.ut.ee\/mineraalid-ja-kivimid\/wp-json\/wp\/v2\/users\/226"}],"replies":[{"embeddable":true,"href":"https:\/\/sisu.ut.ee\/mineraalid-ja-kivimid\/wp-json\/wp\/v2\/comments?post=145"}],"version-history":[{"count":1,"href":"https:\/\/sisu.ut.ee\/mineraalid-ja-kivimid\/wp-json\/wp\/v2\/pages\/145\/revisions"}],"predecessor-version":[{"id":708,"href":"https:\/\/sisu.ut.ee\/mineraalid-ja-kivimid\/wp-json\/wp\/v2\/pages\/145\/revisions\/708"}],"wp:attachment":[{"href":"https:\/\/sisu.ut.ee\/mineraalid-ja-kivimid\/wp-json\/wp\/v2\/media?parent=145"}],"curies":[{"name":"wp","href":"https:\/\/api.w.org\/{rel}","templated":true}]}}