{"id":143,"date":"2024-04-04T06:11:48","date_gmt":"2024-04-04T03:11:48","guid":{"rendered":"https:\/\/sisu.ut.ee\/mineraalid-ja-kivimid\/oliviin\/"},"modified":"2024-04-04T06:13:01","modified_gmt":"2024-04-04T03:13:01","slug":"oliviin","status":"publish","type":"page","link":"https:\/\/sisu.ut.ee\/mineraalid-ja-kivimid\/oliviin\/","title":{"rendered":"Oliviin"},"content":{"rendered":"<p>\n\t<font face=\"Arial\"><font style=\"medium;font-style:normal;font-weight:400;letter-spacing:normal;text-align:start;text-indent:0px;text-transform:none\"><b>Oliviin<\/b>\u00a0\u2013 [Mg, Fe]<sub>2<\/sub>SiO<sub>4<\/sub>. Esineb enamasti v\u00e4ikeste oliivroheliste v\u00f5i rohekaspruunide terakesten (foto 1). L\u00e4bipaistev v\u00f5i l\u00e4bikumav. Murdepind ebatasane v\u00f5i karpjas, l\u00e4ige klaasjas. L\u00f5henevus ebat\u00e4iuslik.<\/font><\/font>\n<\/p>\n<p>\n\t<font face=\"Arial\"><b>K\u00f5vadus 6,5 \u2013 7<\/b><\/font>\n<\/p>\n<p>\n\t\u00a0\n<\/p>\n<p>\n\t<img loading=\"lazy\" decoding=\"async\" width=\"97\" height=\"120\" class=\"alignnone wp-image-424\" src=\"https:\/\/sisu.ut.ee\/wp-content\/uploads\/sites\/431\/oliviin1a.jpg\" title=\"oliviin1a.jpg\" alt=\"oliviin\"><br><font face=\"Arial\">Foto 1. Oliviin<\/font>\n<\/p>\n<p style=\"text-align:start\">\n\t<br><span><span style=\"color:#000000\"><span><span style=\"font-style:normal\"><span><span><span style=\"font-weight:400\"><span style=\"letter-spacing:normal\"><span><span style=\"text-transform:none\"><span><span><span><span><span>Koostanud ja fotografeerinud \u00a9 2003 Mare Isakar<\/span><\/span><\/span><\/span><\/span><\/span><\/span><\/span><\/span><\/span><\/span><\/span><\/span><\/span><\/span><\/p>\n","protected":false},"excerpt":{"rendered":"<p>Oliviin\u00a0\u2013 [Mg, Fe]2SiO4. Esineb enamasti v\u00e4ikeste oliivroheliste v\u00f5i rohekaspruunide terakesten (foto 1). L\u00e4bipaistev v\u00f5i l\u00e4bikumav. Murdepind ebatasane v\u00f5i karpjas, l\u00e4ige klaasjas. L\u00f5henevus ebat\u00e4iuslik. K\u00f5vadus 6,5 \u2013 7 \u00a0 Foto 1. Oliviin Koostanud ja fotografeerinud \u00a9 2003 Mare Isakar<\/p>\n","protected":false},"author":226,"featured_media":0,"parent":0,"menu_order":0,"comment_status":"closed","ping_status":"closed","template":"","meta":{"_acf_changed":false,"inline_featured_image":false,"footnotes":""},"class_list":["post-143","page","type-page","status-publish","hentry"],"acf":[],"_links":{"self":[{"href":"https:\/\/sisu.ut.ee\/mineraalid-ja-kivimid\/wp-json\/wp\/v2\/pages\/143","targetHints":{"allow":["GET"]}}],"collection":[{"href":"https:\/\/sisu.ut.ee\/mineraalid-ja-kivimid\/wp-json\/wp\/v2\/pages"}],"about":[{"href":"https:\/\/sisu.ut.ee\/mineraalid-ja-kivimid\/wp-json\/wp\/v2\/types\/page"}],"author":[{"embeddable":true,"href":"https:\/\/sisu.ut.ee\/mineraalid-ja-kivimid\/wp-json\/wp\/v2\/users\/226"}],"replies":[{"embeddable":true,"href":"https:\/\/sisu.ut.ee\/mineraalid-ja-kivimid\/wp-json\/wp\/v2\/comments?post=143"}],"version-history":[{"count":1,"href":"https:\/\/sisu.ut.ee\/mineraalid-ja-kivimid\/wp-json\/wp\/v2\/pages\/143\/revisions"}],"predecessor-version":[{"id":706,"href":"https:\/\/sisu.ut.ee\/mineraalid-ja-kivimid\/wp-json\/wp\/v2\/pages\/143\/revisions\/706"}],"wp:attachment":[{"href":"https:\/\/sisu.ut.ee\/mineraalid-ja-kivimid\/wp-json\/wp\/v2\/media?parent=143"}],"curies":[{"name":"wp","href":"https:\/\/api.w.org\/{rel}","templated":true}]}}