{"id":140,"date":"2024-04-04T06:11:48","date_gmt":"2024-04-04T03:11:48","guid":{"rendered":"https:\/\/sisu.ut.ee\/mineraalid-ja-kivimid\/kuubiline-syngoonia\/"},"modified":"2024-04-04T06:13:01","modified_gmt":"2024-04-04T03:13:01","slug":"kuubiline-syngoonia","status":"publish","type":"page","link":"https:\/\/sisu.ut.ee\/mineraalid-ja-kivimid\/kuubiline-syngoonia\/","title":{"rendered":"Kuubiline s\u00fcngoonia"},"content":{"rendered":"<p>\n\t<font face=\"Arial\"><font style=\"medium;font-style:normal;font-weight:400;letter-spacing:normal;text-align:start;text-indent:0px;text-transform:none\"><b>Kuubilisse s\u00fcngooniasse<\/b>\u00a0kuuluvad isomeetrilise v\u00e4liskujuga (k\u00f5ige s\u00fcmmeetrilisemad) kristallivormid, nagu kuup, oktaeeder, tetraeeder jt.<\/font><\/font>\n<\/p>\n<p>\n\t<font face=\"Arial\">Kuubikujuliste kristallidena esinevad n\u00e4iteks\u00a0<\/font><a data-url=\"https:\/\/sisu.ut.ee\/mineraalid-ja-kivimid\/pyriit\" href=\"https:\/\/sisu.ut.ee\/mineraalid-ja-kivimid\/pyriit\" target=\"_blank\" title=\"\" rel=\"noopener\">p\u00fcriit<\/a><font face=\"Arial\">,\u00a0<\/font><a data-url=\"https:\/\/sisu.ut.ee\/mineraalid-ja-kivimid\/kivisool3-jpg\" href=\"https:\/\/sisu.ut.ee\/mineraalid-ja-kivimid\/kivisool3-jpg\" target=\"_blank\" title=\"\" rel=\"noopener\">kivisool<\/a><font face=\"Arial\">\u00a0ja\u00a0<\/font><a data-url=\"https:\/\/sisu.ut.ee\/mineraalid-ja-kivimid\/galeniit\" href=\"https:\/\/sisu.ut.ee\/mineraalid-ja-kivimid\/galeniit\" target=\"_blank\" title=\"\" rel=\"noopener\">galeniit<\/a><font face=\"Arial\">, oktaeedritena teemant ja spinell, dodekaeedritena\u00a0<\/font><a data-url=\"https:\/\/sisu.ut.ee\/mineraalid-ja-kivimid\/granaat\" href=\"https:\/\/sisu.ut.ee\/mineraalid-ja-kivimid\/granaat\" target=\"_blank\" title=\"\" rel=\"noopener\">granaadid<\/a><font face=\"Arial\">.<\/font>\n<\/p>\n<p>\n\t<br><img loading=\"lazy\" decoding=\"async\" width=\"220\" height=\"201\" class=\"alignnone wp-image-418\" src=\"https:\/\/sisu.ut.ee\/wp-content\/uploads\/sites\/431\/kuubiline1.jpg\" title=\"kuubiline1.jpg\" alt=\"kuubiline\"><font face=\"Arial\">\u00a0a\u00a0<\/font><img loading=\"lazy\" decoding=\"async\" width=\"200\" height=\"201\" class=\"alignnone wp-image-419\" src=\"https:\/\/sisu.ut.ee\/wp-content\/uploads\/sites\/431\/kuubiline2.jpg\" title=\"kuubiline2.jpg\" alt=\"kuubiline\" srcset=\"https:\/\/sisu.ut.ee\/wp-content\/uploads\/sites\/431\/kuubiline2.jpg 200w, https:\/\/sisu.ut.ee\/wp-content\/uploads\/sites\/431\/kuubiline2-150x150.jpg 150w\" sizes=\"auto, (max-width: 200px) 100vw, 200px\"><font face=\"Arial\">\u00a0b\u00a0<\/font><img loading=\"lazy\" decoding=\"async\" width=\"181\" height=\"201\" class=\"alignnone wp-image-420\" src=\"https:\/\/sisu.ut.ee\/wp-content\/uploads\/sites\/431\/kuubiline3.jpg\" title=\"kuubiline3.jpg\" alt=\"kuubiline\"><font face=\"Arial\">\u00a0c<br>Joonis. Kuubiline s\u00fcngoonia: a \u2013 kuup; b \u2013 oktaeeder; c \u2013 dodekaeeder<\/font>\n<\/p>\n<p style=\"text-align:start\">\n\t<br><span><span style=\"color:#000000\"><span><span style=\"font-style:normal\"><span><span><span style=\"font-weight:400\"><span style=\"letter-spacing:normal\"><span><span style=\"text-transform:none\"><span><span><span><span><span>Koostanud \u00a9 2003 Mare Isakar<\/span><\/span><\/span><\/span><\/span><\/span><\/span><\/span><\/span><\/span><\/span><\/span><\/span><\/span><\/span><\/p>\n","protected":false},"excerpt":{"rendered":"<p>Kuubilisse s\u00fcngooniasse\u00a0kuuluvad isomeetrilise v\u00e4liskujuga (k\u00f5ige s\u00fcmmeetrilisemad) kristallivormid, nagu kuup, oktaeeder, tetraeeder jt. Kuubikujuliste kristallidena esinevad n\u00e4iteks\u00a0p\u00fcriit,\u00a0kivisool\u00a0ja\u00a0galeniit, oktaeedritena teemant ja spinell, dodekaeedritena\u00a0granaadid. \u00a0a\u00a0\u00a0b\u00a0\u00a0cJoonis. Kuubiline s\u00fcngoonia: a \u2013 kuup; b \u2013 oktaeeder; c \u2013 dodekaeeder Koostanud \u00a9 2003 Mare Isakar<\/p>\n","protected":false},"author":226,"featured_media":0,"parent":0,"menu_order":0,"comment_status":"closed","ping_status":"closed","template":"","meta":{"_acf_changed":false,"inline_featured_image":false,"footnotes":""},"class_list":["post-140","page","type-page","status-publish","hentry"],"acf":[],"_links":{"self":[{"href":"https:\/\/sisu.ut.ee\/mineraalid-ja-kivimid\/wp-json\/wp\/v2\/pages\/140","targetHints":{"allow":["GET"]}}],"collection":[{"href":"https:\/\/sisu.ut.ee\/mineraalid-ja-kivimid\/wp-json\/wp\/v2\/pages"}],"about":[{"href":"https:\/\/sisu.ut.ee\/mineraalid-ja-kivimid\/wp-json\/wp\/v2\/types\/page"}],"author":[{"embeddable":true,"href":"https:\/\/sisu.ut.ee\/mineraalid-ja-kivimid\/wp-json\/wp\/v2\/users\/226"}],"replies":[{"embeddable":true,"href":"https:\/\/sisu.ut.ee\/mineraalid-ja-kivimid\/wp-json\/wp\/v2\/comments?post=140"}],"version-history":[{"count":1,"href":"https:\/\/sisu.ut.ee\/mineraalid-ja-kivimid\/wp-json\/wp\/v2\/pages\/140\/revisions"}],"predecessor-version":[{"id":703,"href":"https:\/\/sisu.ut.ee\/mineraalid-ja-kivimid\/wp-json\/wp\/v2\/pages\/140\/revisions\/703"}],"wp:attachment":[{"href":"https:\/\/sisu.ut.ee\/mineraalid-ja-kivimid\/wp-json\/wp\/v2\/media?parent=140"}],"curies":[{"name":"wp","href":"https:\/\/api.w.org\/{rel}","templated":true}]}}