{"id":14,"date":"2024-04-04T06:11:35","date_gmt":"2024-04-04T03:11:35","guid":{"rendered":"https:\/\/sisu.ut.ee\/mineraalid-ja-kivimid\/haliit\/"},"modified":"2024-04-04T06:13:08","modified_gmt":"2024-04-04T03:13:08","slug":"haliit","status":"publish","type":"page","link":"https:\/\/sisu.ut.ee\/mineraalid-ja-kivimid\/haliit\/","title":{"rendered":"Haliit ehk kivisool"},"content":{"rendered":"<p>\n\t<font face=\"Arial\"><font style=\"medium;font-style:normal;font-weight:400;letter-spacing:normal;text-align:start;text-indent:0px;text-transform:none\"><b>Haliit ehk kivisool<\/b>\u00a0\u2013 NaCl. Esineb kuubiliste kristallidena (foto 3) ning teralise v\u00f5i tiheda massina settekivimites (foto 2). V\u00e4rvitu (foto 1) v\u00f5i lisandite t\u00f5ttu hall, kollane, pruun jne. L\u00e4ige klaasjas, porsunud pinnal rasvane. Soolane maitse. Kergesti lahustuv. Sadestub v\u00e4lja soolaj\u00e4rvedes.<\/font><\/font>\n<\/p>\n<p>\n\t<font face=\"Arial\"><b>K\u00f5vadus 2,5<\/b><\/font>\n<\/p>\n<p>\n\t<img loading=\"lazy\" decoding=\"async\" width=\"120\" height=\"90\" class=\"alignnone wp-image-186\" src=\"https:\/\/sisu.ut.ee\/wp-content\/uploads\/sites\/431\/kivisool1a.jpg\" title=\"kivisool1a.jpg\" alt=\"kivisool\"><br><font face=\"Arial\">Foto 1. Haliit ehk kivisool<\/font>\n<\/p>\n<p>\n\t<img loading=\"lazy\" decoding=\"async\" width=\"120\" height=\"85\" class=\"alignnone wp-image-187\" src=\"https:\/\/sisu.ut.ee\/wp-content\/uploads\/sites\/431\/kivisool2a.jpg\" title=\"kivisool2a.jpg\" alt=\"kivisool\"><br><font face=\"Arial\">Foto 2. Haliit ehk kivisool, Tadzikistan<\/font>\n<\/p>\n<p>\n\t<img loading=\"lazy\" decoding=\"async\" width=\"120\" height=\"90\" class=\"alignnone wp-image-188\" src=\"https:\/\/sisu.ut.ee\/wp-content\/uploads\/sites\/431\/kivisool3a.jpg\" title=\"kivisool3a.jpg\" alt=\"kivisool\">\u00a0<img loading=\"lazy\" decoding=\"async\" width=\"120\" height=\"102\" class=\"alignnone wp-image-189\" src=\"https:\/\/sisu.ut.ee\/wp-content\/uploads\/sites\/431\/kivisool4a.jpg\" title=\"kivisool4a.jpg\" alt=\"kivisool\"><br><font face=\"Arial\">Foto 3. \u00fclik\u00fcllastatud soola lahusest kasvatatud soola kristallid, Tartu, geoloogiamuuseum<\/font>\n<\/p>\n<p style=\"text-align:start\">\n\t<br><span><span style=\"color:#000000\"><span><span style=\"font-style:normal\"><span><span><span style=\"font-weight:400\"><span style=\"letter-spacing:normal\"><span><span style=\"text-transform:none\"><span><span><span><span><span>Koostanud ja fotografeerinud \u00a9 2003 Mare Isakar<\/span><\/span><\/span><\/span><\/span><\/span><\/span><\/span><\/span><\/span><\/span><\/span><\/span><\/span><\/span><\/p>\n","protected":false},"excerpt":{"rendered":"<p>Haliit ehk kivisool\u00a0\u2013 NaCl. Esineb kuubiliste kristallidena (foto 3) ning teralise v\u00f5i tiheda massina settekivimites (foto 2). V\u00e4rvitu (foto 1) v\u00f5i lisandite t\u00f5ttu hall, kollane, pruun jne. L\u00e4ige klaasjas, porsunud pinnal rasvane. Soolane maitse. Kergesti lahustuv. Sadestub v\u00e4lja soolaj\u00e4rvedes. K\u00f5vadus &#8230;<\/p>\n","protected":false},"author":226,"featured_media":0,"parent":0,"menu_order":0,"comment_status":"closed","ping_status":"closed","template":"","meta":{"_acf_changed":false,"inline_featured_image":false,"footnotes":""},"class_list":["post-14","page","type-page","status-publish","hentry"],"acf":[],"_links":{"self":[{"href":"https:\/\/sisu.ut.ee\/mineraalid-ja-kivimid\/wp-json\/wp\/v2\/pages\/14","targetHints":{"allow":["GET"]}}],"collection":[{"href":"https:\/\/sisu.ut.ee\/mineraalid-ja-kivimid\/wp-json\/wp\/v2\/pages"}],"about":[{"href":"https:\/\/sisu.ut.ee\/mineraalid-ja-kivimid\/wp-json\/wp\/v2\/types\/page"}],"author":[{"embeddable":true,"href":"https:\/\/sisu.ut.ee\/mineraalid-ja-kivimid\/wp-json\/wp\/v2\/users\/226"}],"replies":[{"embeddable":true,"href":"https:\/\/sisu.ut.ee\/mineraalid-ja-kivimid\/wp-json\/wp\/v2\/comments?post=14"}],"version-history":[{"count":1,"href":"https:\/\/sisu.ut.ee\/mineraalid-ja-kivimid\/wp-json\/wp\/v2\/pages\/14\/revisions"}],"predecessor-version":[{"id":843,"href":"https:\/\/sisu.ut.ee\/mineraalid-ja-kivimid\/wp-json\/wp\/v2\/pages\/14\/revisions\/843"}],"wp:attachment":[{"href":"https:\/\/sisu.ut.ee\/mineraalid-ja-kivimid\/wp-json\/wp\/v2\/media?parent=14"}],"curies":[{"name":"wp","href":"https:\/\/api.w.org\/{rel}","templated":true}]}}