{"id":134,"date":"2024-04-04T06:11:47","date_gmt":"2024-04-04T03:11:47","guid":{"rendered":"https:\/\/sisu.ut.ee\/mineraalid-ja-kivimid\/ringkaik\/"},"modified":"2024-04-04T06:13:02","modified_gmt":"2024-04-04T03:13:02","slug":"ringkaik","status":"publish","type":"page","link":"https:\/\/sisu.ut.ee\/mineraalid-ja-kivimid\/ringkaik\/","title":{"rendered":"Aine geoloogiline ringk\u00e4ik looduses"},"content":{"rendered":"<p><a data-url=\"https:\/\/sisu.ut.ee\/mineraalid-ja-kivimid\/tardkivimid\" href=\"https:\/\/sisu.ut.ee\/mineraalid-ja-kivimid\/tardkivimid\" target=\"_blank\" title=\"\" rel=\"noopener\">Tardkivimid<\/a>,\u00a0<a data-url=\"https:\/\/sisu.ut.ee\/mineraalid-ja-kivimid\/moondekivimid\" href=\"https:\/\/sisu.ut.ee\/mineraalid-ja-kivimid\/moondekivimid\" target=\"_blank\" title=\"\" rel=\"noopener\">moondekivimid<\/a>\u00a0ja\u00a0<a data-url=\"https:\/\/sisu.ut.ee\/mineraalid-ja-kivimid\/settekivimid\" href=\"https:\/\/sisu.ut.ee\/mineraalid-ja-kivimid\/settekivimid\" target=\"_blank\" title=\"\" rel=\"noopener\">settekivimid<\/a>\u00a0on omavahel seotud rohkete siirdevormide kaudu. N\u00e4iteks v\u00f5ib s\u00fcgavamale maakoorde vajunud moondekivim m\u00f5nikord sulada v\u00f5i \u00fcmber kristalliseeruda, mille tagaj\u00e4rjel tekib tardkivim. Samas v\u00f5ivad maapinnale ulatuvad tard- v\u00f5i moondekivimid mureneda ja laguneda rahnudeks, munakateks, liivaks, saviks jne. Sama v\u00f5ib juhtuda ka settekivimitega (n\u00e4iteks liivakivi pudeneb liivaks). Tekkinud pude materjal,\u00a0<b>murend<\/b>, kantuna edasi tuule, vooluvee v\u00f5i j\u00e4\u00e4ga, kuhjub teisal uuesti\u00a0<a data-url=\"https:\/\/sisu.ut.ee\/mineraalid-ja-kivimid\/sete\" href=\"https:\/\/sisu.ut.ee\/mineraalid-ja-kivimid\/sete\" target=\"_blank\" title=\"\" rel=\"noopener\">settena<\/a>, millest algab j\u00e4rgmine, miljoneid v\u00f5i isegi miljardeid aastaid kestev aine ringk\u00e4ik maakoores. Kivimite keerukaid suhteid ja ringk\u00e4iku looduses peegeldavadki skeemid 1 ja 2.<br><img loading=\"lazy\" decoding=\"async\" width=\"500\" height=\"381\" class=\"alignnone wp-image-397\" src=\"https:\/\/sisu.ut.ee\/wp-content\/uploads\/sites\/431\/kiviring1.gif\" title=\"kiviring1.gif\" alt=\"kiviring\"><br>Skeem 1. Kivimite r\u00fchmad<br><img loading=\"lazy\" decoding=\"async\" width=\"250\" height=\"156\" class=\"alignnone wp-image-398\" src=\"https:\/\/sisu.ut.ee\/wp-content\/uploads\/sites\/431\/metamorf2a.gif\" title=\"metamorf2a.gif\" alt=\"metamorf\"><br>Skeem 1. Aine geoloogiline ringk\u00e4ik looduses<\/p>\n","protected":false},"excerpt":{"rendered":"<p>Tardkivimid,\u00a0moondekivimid\u00a0ja\u00a0settekivimid\u00a0on omavahel seotud rohkete siirdevormide kaudu. N\u00e4iteks v\u00f5ib s\u00fcgavamale maakoorde vajunud moondekivim m\u00f5nikord sulada v\u00f5i \u00fcmber kristalliseeruda, mille tagaj\u00e4rjel tekib tardkivim. Samas v\u00f5ivad maapinnale ulatuvad tard- v\u00f5i moondekivimid mureneda ja laguneda rahnudeks, munakateks, liivaks, saviks jne. Sama v\u00f5ib juhtuda ka &#8230;<\/p>\n","protected":false},"author":226,"featured_media":0,"parent":0,"menu_order":0,"comment_status":"closed","ping_status":"closed","template":"","meta":{"_acf_changed":false,"inline_featured_image":false,"footnotes":""},"class_list":["post-134","page","type-page","status-publish","hentry"],"acf":[],"_links":{"self":[{"href":"https:\/\/sisu.ut.ee\/mineraalid-ja-kivimid\/wp-json\/wp\/v2\/pages\/134","targetHints":{"allow":["GET"]}}],"collection":[{"href":"https:\/\/sisu.ut.ee\/mineraalid-ja-kivimid\/wp-json\/wp\/v2\/pages"}],"about":[{"href":"https:\/\/sisu.ut.ee\/mineraalid-ja-kivimid\/wp-json\/wp\/v2\/types\/page"}],"author":[{"embeddable":true,"href":"https:\/\/sisu.ut.ee\/mineraalid-ja-kivimid\/wp-json\/wp\/v2\/users\/226"}],"replies":[{"embeddable":true,"href":"https:\/\/sisu.ut.ee\/mineraalid-ja-kivimid\/wp-json\/wp\/v2\/comments?post=134"}],"version-history":[{"count":1,"href":"https:\/\/sisu.ut.ee\/mineraalid-ja-kivimid\/wp-json\/wp\/v2\/pages\/134\/revisions"}],"predecessor-version":[{"id":717,"href":"https:\/\/sisu.ut.ee\/mineraalid-ja-kivimid\/wp-json\/wp\/v2\/pages\/134\/revisions\/717"}],"wp:attachment":[{"href":"https:\/\/sisu.ut.ee\/mineraalid-ja-kivimid\/wp-json\/wp\/v2\/media?parent=134"}],"curies":[{"name":"wp","href":"https:\/\/api.w.org\/{rel}","templated":true}]}}