{"id":12,"date":"2024-04-04T06:11:35","date_gmt":"2024-04-04T03:11:35","guid":{"rendered":"https:\/\/sisu.ut.ee\/mineraalid-ja-kivimid\/lubjakivi\/"},"modified":"2024-04-04T06:13:08","modified_gmt":"2024-04-04T03:13:08","slug":"lubjakivi","status":"publish","type":"page","link":"https:\/\/sisu.ut.ee\/mineraalid-ja-kivimid\/lubjakivi\/","title":{"rendered":"Lubjakivi"},"content":{"rendered":"<p>\n\t<font face=\"Arial\"><font style=\"medium;font-style:normal;font-weight:400;letter-spacing:normal;text-align:start;text-indent:0px;text-transform:none\"><b>Lubjakivi<\/b>\u00a0on enamasti \u00fchtaegu nii keemilise kui ka orgaanilise tekkega mereline settekivim. Ta koosneb suuremalt jaolt\u00a0<b>kaltsiidist<\/b>, lisandina veid savi v\u00f5i kvartsiteri, dolomiiti, glaukoniiti, p\u00fcriiti, raudoksiide ja -h\u00fcdroksiide. Paljud Eesti lubjakivid sisaldavad rikkalikult kivistisi (foto 1, 2) ja organismide elutegevuse j\u00e4lgi, n\u00e4iteks p\u00f5hjaeluviisiga loomade roomamis- ja kaevumisj\u00f5lgi.<\/font><\/font>\n<\/p>\n<p>\n\t<img loading=\"lazy\" decoding=\"async\" width=\"98\" height=\"120\" class=\"alignnone wp-image-182\" src=\"https:\/\/sisu.ut.ee\/wp-content\/uploads\/sites\/431\/lbjk_2a.jpg\" title=\"lbjk_2a.jpg\" alt=\"lubjakivi\">\u00a0<img loading=\"lazy\" decoding=\"async\" width=\"90\" height=\"120\" class=\"alignnone wp-image-183\" src=\"https:\/\/sisu.ut.ee\/wp-content\/uploads\/sites\/431\/lbjk_3a_01.jpg\" title=\"lbjk_3a_01.jpg\" alt=\"lubjakivi\"><br><font face=\"Arial\">Foto 1, 2. Rikkalikult kivistisi sisaldav lubjakivi, Silur, Juuru lade, Rohuk\u00fcla<\/font>\n<\/p>\n<p>\n\t<img loading=\"lazy\" decoding=\"async\" width=\"120\" height=\"115\" class=\"alignnone wp-image-184\" src=\"https:\/\/sisu.ut.ee\/wp-content\/uploads\/sites\/431\/lbjk_4a.jpg\" title=\"lbjk_4a.jpg\" alt=\"lubjakivi\"><br><font face=\"Arial\">Foto 3. Afaniitse lubjakivi (all) \u00fcleminek savikaks lubjakiviks, Ordoviitsium, Aulepa, Nabala ja Vormsi lademe piir<\/font>\n<\/p>\n<p style=\"text-align:start\">\n\t<br><span><span style=\"color:#000000\"><span><span style=\"font-style:normal\"><span><span><span style=\"font-weight:400\"><span style=\"letter-spacing:normal\"><span><span style=\"text-transform:none\"><span><span><span><span><span>Koostanud ja fotografeerinud \u00a9 2003 Mare Isakar<\/span><\/span><\/span><\/span><\/span><\/span><\/span><\/span><\/span><\/span><\/span><\/span><\/span><\/span><\/span><\/p>\n","protected":false},"excerpt":{"rendered":"<p>Lubjakivi\u00a0on enamasti \u00fchtaegu nii keemilise kui ka orgaanilise tekkega mereline settekivim. Ta koosneb suuremalt jaolt\u00a0kaltsiidist, lisandina veid savi v\u00f5i kvartsiteri, dolomiiti, glaukoniiti, p\u00fcriiti, raudoksiide ja -h\u00fcdroksiide. Paljud Eesti lubjakivid sisaldavad rikkalikult kivistisi (foto 1, 2) ja organismide elutegevuse j\u00e4lgi, n\u00e4iteks &#8230;<\/p>\n","protected":false},"author":226,"featured_media":0,"parent":0,"menu_order":0,"comment_status":"closed","ping_status":"closed","template":"","meta":{"_acf_changed":false,"inline_featured_image":false,"footnotes":""},"class_list":["post-12","page","type-page","status-publish","hentry"],"acf":[],"_links":{"self":[{"href":"https:\/\/sisu.ut.ee\/mineraalid-ja-kivimid\/wp-json\/wp\/v2\/pages\/12","targetHints":{"allow":["GET"]}}],"collection":[{"href":"https:\/\/sisu.ut.ee\/mineraalid-ja-kivimid\/wp-json\/wp\/v2\/pages"}],"about":[{"href":"https:\/\/sisu.ut.ee\/mineraalid-ja-kivimid\/wp-json\/wp\/v2\/types\/page"}],"author":[{"embeddable":true,"href":"https:\/\/sisu.ut.ee\/mineraalid-ja-kivimid\/wp-json\/wp\/v2\/users\/226"}],"replies":[{"embeddable":true,"href":"https:\/\/sisu.ut.ee\/mineraalid-ja-kivimid\/wp-json\/wp\/v2\/comments?post=12"}],"version-history":[{"count":1,"href":"https:\/\/sisu.ut.ee\/mineraalid-ja-kivimid\/wp-json\/wp\/v2\/pages\/12\/revisions"}],"predecessor-version":[{"id":841,"href":"https:\/\/sisu.ut.ee\/mineraalid-ja-kivimid\/wp-json\/wp\/v2\/pages\/12\/revisions\/841"}],"wp:attachment":[{"href":"https:\/\/sisu.ut.ee\/mineraalid-ja-kivimid\/wp-json\/wp\/v2\/media?parent=12"}],"curies":[{"name":"wp","href":"https:\/\/api.w.org\/{rel}","templated":true}]}}