{"id":117,"date":"2024-04-04T06:11:45","date_gmt":"2024-04-04T03:11:45","guid":{"rendered":"https:\/\/sisu.ut.ee\/mineraalid-ja-kivimid\/kyynekivi\/"},"modified":"2024-04-04T06:13:03","modified_gmt":"2024-04-04T03:13:03","slug":"kyynekivi","status":"publish","type":"page","link":"https:\/\/sisu.ut.ee\/mineraalid-ja-kivimid\/kyynekivi\/","title":{"rendered":"K\u00fc\u00fcnekivi"},"content":{"rendered":"<p>\n\t<font face=\"Arial\"><font style=\"medium;font-style:normal;font-weight:400;letter-spacing:normal;text-align:start;text-indent:0px;text-transform:none\"><b>K\u00fc\u00fcnekivi\u00a0<\/b>\u2013 (Ca, Na)<sub>2<\/sub>(Mg, Fe, Al, Mn, Ti)<sub>5<\/sub>[Si<sub>4<\/sub>O<sub>11<\/sub>]<sub>2<\/sub>(OH, F)<sub>2<\/sub>\u00a0kristallid on pikad prismalised, harvem isomeetrilise kujuga, kuuekandilise ristl\u00f5ikega. Esineb ka korrap\u00e4ratute terakestena. V\u00e4rvus rohekas v\u00f5i pruun kuni must, kriipsu v\u00e4rvus valge roheka varjundiga. L\u00e4ige klaasjas. Esineb paljudes tard- ja moondekivimites.<\/font><\/font>\n<\/p>\n<p>\n\t<font face=\"Arial\"><b>K\u00f5vadus 6 \u2013 6,5<\/b><\/font>\n<\/p>\n<p>\n\t<img loading=\"lazy\" decoding=\"async\" width=\"120\" height=\"107\" class=\"alignnone wp-image-375\" src=\"https:\/\/sisu.ut.ee\/wp-content\/uploads\/sites\/431\/kyynek1a.jpg\" title=\"kyynek1a.jpg\" alt=\"kyynekivi\"><br><font face=\"Arial\">Foto 1. K\u00fc\u00fcnekivi<\/font>\n<\/p>\n<p>\n\t<img loading=\"lazy\" decoding=\"async\" width=\"120\" height=\"106\" class=\"alignnone wp-image-376\" src=\"https:\/\/sisu.ut.ee\/wp-content\/uploads\/sites\/431\/kyynek2a.jpg\" title=\"kyynek2a.jpg\" alt=\"kyynekivi\">\u00a0<img loading=\"lazy\" decoding=\"async\" width=\"120\" height=\"71\" class=\"alignnone wp-image-377\" src=\"https:\/\/sisu.ut.ee\/wp-content\/uploads\/sites\/431\/kyynek3a.jpg\" title=\"kyynek3a.jpg\" alt=\"kyynekivi\"><br><font face=\"Arial\">Foto 2. K\u00fc\u00fcnekivi, Norra, Kragera<\/font>\n<\/p>\n<p style=\"text-align:start\">\n\t<br><span><span style=\"color:#000000\"><span><span style=\"font-style:normal\"><span><span><span style=\"font-weight:400\"><span style=\"letter-spacing:normal\"><span><span style=\"text-transform:none\"><span><span><span><span><span>Koostanud ja fotografeerinud \u00a9 2003 Mare Isakar<\/span><\/span><\/span><\/span><\/span><\/span><\/span><\/span><\/span><\/span><\/span><\/span><\/span><\/span><\/span><\/p>\n","protected":false},"excerpt":{"rendered":"<p>K\u00fc\u00fcnekivi\u00a0\u2013 (Ca, Na)2(Mg, Fe, Al, Mn, Ti)5[Si4O11]2(OH, F)2\u00a0kristallid on pikad prismalised, harvem isomeetrilise kujuga, kuuekandilise ristl\u00f5ikega. Esineb ka korrap\u00e4ratute terakestena. V\u00e4rvus rohekas v\u00f5i pruun kuni must, kriipsu v\u00e4rvus valge roheka varjundiga. L\u00e4ige klaasjas. Esineb paljudes tard- ja moondekivimites. K\u00f5vadus 6 &#8230;<\/p>\n","protected":false},"author":226,"featured_media":0,"parent":0,"menu_order":0,"comment_status":"closed","ping_status":"closed","template":"","meta":{"_acf_changed":false,"inline_featured_image":false,"footnotes":""},"class_list":["post-117","page","type-page","status-publish","hentry"],"acf":[],"_links":{"self":[{"href":"https:\/\/sisu.ut.ee\/mineraalid-ja-kivimid\/wp-json\/wp\/v2\/pages\/117","targetHints":{"allow":["GET"]}}],"collection":[{"href":"https:\/\/sisu.ut.ee\/mineraalid-ja-kivimid\/wp-json\/wp\/v2\/pages"}],"about":[{"href":"https:\/\/sisu.ut.ee\/mineraalid-ja-kivimid\/wp-json\/wp\/v2\/types\/page"}],"author":[{"embeddable":true,"href":"https:\/\/sisu.ut.ee\/mineraalid-ja-kivimid\/wp-json\/wp\/v2\/users\/226"}],"replies":[{"embeddable":true,"href":"https:\/\/sisu.ut.ee\/mineraalid-ja-kivimid\/wp-json\/wp\/v2\/comments?post=117"}],"version-history":[{"count":1,"href":"https:\/\/sisu.ut.ee\/mineraalid-ja-kivimid\/wp-json\/wp\/v2\/pages\/117\/revisions"}],"predecessor-version":[{"id":742,"href":"https:\/\/sisu.ut.ee\/mineraalid-ja-kivimid\/wp-json\/wp\/v2\/pages\/117\/revisions\/742"}],"wp:attachment":[{"href":"https:\/\/sisu.ut.ee\/mineraalid-ja-kivimid\/wp-json\/wp\/v2\/media?parent=117"}],"curies":[{"name":"wp","href":"https:\/\/api.w.org\/{rel}","templated":true}]}}