{"id":115,"date":"2024-04-04T06:11:45","date_gmt":"2024-04-04T03:11:45","guid":{"rendered":"https:\/\/sisu.ut.ee\/mineraalid-ja-kivimid\/graniit\/"},"modified":"2024-04-04T06:13:03","modified_gmt":"2024-04-04T03:13:03","slug":"graniit","status":"publish","type":"page","link":"https:\/\/sisu.ut.ee\/mineraalid-ja-kivimid\/graniit\/","title":{"rendered":"Graniit"},"content":{"rendered":"<p>\n\t<font face=\"Arial\"><font style=\"medium;font-style:normal;font-weight:400;letter-spacing:normal;text-align:start;text-indent:0px;text-transform:none\"><b>Graniit<\/b>\u00a0on \u00fcldiselt heledav\u00e4rviline kivim, mis koosneb\u00a0<\/font><\/font><a data-url=\"https:\/\/sisu.ut.ee\/mineraalid-ja-kivimid\/kvarts\" href=\"https:\/\/sisu.ut.ee\/mineraalid-ja-kivimid\/kvarts\" target=\"_blank\" title=\"\" rel=\"noopener\">kvartsist<\/a><font face=\"Arial\"><font style=\"medium;font-style:normal;font-weight:400;letter-spacing:normal;text-align:start;text-indent:0px;text-transform:none\">\u00a0(25%),\u00a0<\/font><\/font><a data-url=\"https:\/\/sisu.ut.ee\/mineraalid-ja-kivimid\/p2evakivid\" href=\"https:\/\/sisu.ut.ee\/mineraalid-ja-kivimid\/p2evakivid\" target=\"_blank\" title=\"\" rel=\"noopener\">p\u00e4evakividest<\/a><font face=\"Arial\"><font style=\"medium;font-style:normal;font-weight:400;letter-spacing:normal;text-align:start;text-indent:0px;text-transform:none\">\u00a0(65%) ja v\u00e4hesest hulgast tumedav\u00e4rvilistest mineraalidest \u2013\u00a0<\/font><\/font><a data-url=\"https:\/\/sisu.ut.ee\/mineraalid-ja-kivimid\/biotiit\" href=\"https:\/\/sisu.ut.ee\/mineraalid-ja-kivimid\/biotiit\" target=\"_blank\" title=\"\" rel=\"noopener\">biotiidist<\/a><font face=\"Arial\"><font style=\"medium;font-style:normal;font-weight:400;letter-spacing:normal;text-align:start;text-indent:0px;text-transform:none\">,\u00a0<\/font><\/font><a data-url=\"https:\/\/sisu.ut.ee\/mineraalid-ja-kivimid\/kyynekivi\" href=\"https:\/\/sisu.ut.ee\/mineraalid-ja-kivimid\/kyynekivi\" target=\"_blank\" title=\"\" rel=\"noopener\">k\u00fc\u00fcnekivist<\/a><font face=\"Arial\"><font style=\"medium;font-style:normal;font-weight:400;letter-spacing:normal;text-align:start;text-indent:0px;text-transform:none\">\u00a0v\u00f5i\u00a0<\/font><\/font><a data-url=\"https:\/\/sisu.ut.ee\/mineraalid-ja-kivimid\/pyrokseenid\" href=\"https:\/\/sisu.ut.ee\/mineraalid-ja-kivimid\/pyrokseenid\" target=\"_blank\" title=\"\" rel=\"noopener\">p\u00fcrokseenist<\/a><font face=\"Arial\"><font style=\"medium;font-style:normal;font-weight:400;letter-spacing:normal;text-align:start;text-indent:0px;text-transform:none\">. Graniidi v\u00e4rvuse m\u00e4\u00e4ravad kivimis esineva p\u00e4evakivi v\u00e4rvus ja mineraalide teraj\u00e4medus (fotod 1, 2, 3, 4, 5).<\/font><\/font>\n<\/p>\n<p>\n\t<font face=\"Arial\">Graniit on levinuim kivimt\u00fc\u00fcp maakoore pindmises osas ehk nn graniitses kihis ja seda ka Eesti aluskorras ja r\u00e4ndkivide seas. Suur osa (ligi 80%) suurtest r\u00e4ndrahnudest Eestis koosnevadki graniidist (foto 4).<\/font>\n<\/p>\n<p>\n\t<img loading=\"lazy\" decoding=\"async\" width=\"120\" height=\"77\" class=\"alignnone wp-image-366\" src=\"https:\/\/sisu.ut.ee\/wp-content\/uploads\/sites\/431\/graniit1a.jpg\" title=\"graniit1a.jpg\" alt=\"graniit1\"><img loading=\"lazy\" decoding=\"async\" width=\"120\" height=\"67\" class=\"alignnone wp-image-367\" src=\"https:\/\/sisu.ut.ee\/wp-content\/uploads\/sites\/431\/graniit4a.jpg\" title=\"graniit4a.jpg\" alt=\"graniit4\"><img loading=\"lazy\" decoding=\"async\" width=\"120\" height=\"83\" class=\"alignnone wp-image-368\" src=\"https:\/\/sisu.ut.ee\/wp-content\/uploads\/sites\/431\/graniit5a.jpg\" title=\"graniit5a.jpg\" alt=\"graniit5\">\n<\/p>\n<p>\n\t<font face=\"Arial\">Foto 1, 2, 3. Graniit<\/font>\n<\/p>\n<p>\n\t<img loading=\"lazy\" decoding=\"async\" width=\"120\" height=\"88\" class=\"alignnone wp-image-369\" src=\"https:\/\/sisu.ut.ee\/wp-content\/uploads\/sites\/431\/graniit6a.jpg\" title=\"graniit6a.jpg\" alt=\"graniit6\">\n<\/p>\n<p>\n\t<font face=\"Arial\">Foto 4. Graniit, Tallinn<\/font>\n<\/p>\n<p>\n\t<img loading=\"lazy\" decoding=\"async\" width=\"120\" height=\"29\" class=\"alignnone wp-image-370\" src=\"https:\/\/sisu.ut.ee\/wp-content\/uploads\/sites\/431\/graniit3a.jpg\" title=\"graniit3a.jpg\" alt=\"graniit3a\">\n<\/p>\n<p>\n\t<font face=\"Arial\">Foto 5. Kaaliumgraniit, Ereda, puurauk 319, s\u00fcgavus 315 m<\/font>\n<\/p>\n<p>\n\t<font face=\"Arial\">Graniitide r\u00fchma kuuluvad ka\u00a0<b>rabakivid<\/b>, mis on v\u00e4lja eraldatud peamiselt nende omap\u00e4rase struktuuri t\u00f5ttu (fotod 6, 7, 8). Neis esinevad roosad kaaliump\u00e4evakivide suured kristallid ja \u00fcmardunud kvartsiterakesed (l\u00e4bim\u00f5\u00f5duga kuni 6 mm). Oma eba\u00fchtlase struktuuri t\u00f5ttu on rabakivid kergesti murenevad ja ehituses neid seet\u00f5ttu ei kasutata.<\/font>\n<\/p>\n<p>\n\t<img loading=\"lazy\" decoding=\"async\" width=\"120\" height=\"96\" class=\"alignnone wp-image-371\" src=\"https:\/\/sisu.ut.ee\/wp-content\/uploads\/sites\/431\/rabakivi1a.jpg\" title=\"rabakivi1a.jpg\" alt=\"rabakivi1\"><img loading=\"lazy\" decoding=\"async\" width=\"120\" height=\"120\" class=\"alignnone wp-image-372\" src=\"https:\/\/sisu.ut.ee\/wp-content\/uploads\/sites\/431\/rabakivi3a.jpg\" title=\"rabakivi3a.jpg\" alt=\"rabakivi3\"><img loading=\"lazy\" decoding=\"async\" width=\"120\" height=\"43\" class=\"alignnone wp-image-373\" src=\"https:\/\/sisu.ut.ee\/wp-content\/uploads\/sites\/431\/rabakivi2a.jpg\" title=\"rabakivi2a.jpg\" alt=\"rabakivi2\">\n<\/p>\n<p>\n\t<font face=\"Arial\">Foto 6, 7, 8. Rabakivi<\/font>\n<\/p>\n<p>\n\t\u00a0\n<\/p>\n<p style=\"text-align:start\">\n\t<br><span><span style=\"color:#000000\"><span><span style=\"font-style:normal\"><span><span><span style=\"font-weight:400\"><span style=\"letter-spacing:normal\"><span><span style=\"text-transform:none\"><span><span><span><span><span>Koostanud ja fotografeerinud \u00a9 2003 Mare Isakar<\/span><\/span><\/span><\/span><\/span><\/span><\/span><\/span><\/span><\/span><\/span><\/span><\/span><\/span><\/span><\/p>\n","protected":false},"excerpt":{"rendered":"<p>Graniit\u00a0on \u00fcldiselt heledav\u00e4rviline kivim, mis koosneb\u00a0kvartsist\u00a0(25%),\u00a0p\u00e4evakividest\u00a0(65%) ja v\u00e4hesest hulgast tumedav\u00e4rvilistest mineraalidest \u2013\u00a0biotiidist,\u00a0k\u00fc\u00fcnekivist\u00a0v\u00f5i\u00a0p\u00fcrokseenist. Graniidi v\u00e4rvuse m\u00e4\u00e4ravad kivimis esineva p\u00e4evakivi v\u00e4rvus ja mineraalide teraj\u00e4medus (fotod 1, 2, 3, 4, 5). Graniit on levinuim kivimt\u00fc\u00fcp maakoore pindmises osas ehk nn graniitses kihis ja &#8230;<\/p>\n","protected":false},"author":226,"featured_media":0,"parent":0,"menu_order":0,"comment_status":"closed","ping_status":"closed","template":"","meta":{"_acf_changed":false,"inline_featured_image":false,"footnotes":""},"class_list":["post-115","page","type-page","status-publish","hentry"],"acf":[],"_links":{"self":[{"href":"https:\/\/sisu.ut.ee\/mineraalid-ja-kivimid\/wp-json\/wp\/v2\/pages\/115","targetHints":{"allow":["GET"]}}],"collection":[{"href":"https:\/\/sisu.ut.ee\/mineraalid-ja-kivimid\/wp-json\/wp\/v2\/pages"}],"about":[{"href":"https:\/\/sisu.ut.ee\/mineraalid-ja-kivimid\/wp-json\/wp\/v2\/types\/page"}],"author":[{"embeddable":true,"href":"https:\/\/sisu.ut.ee\/mineraalid-ja-kivimid\/wp-json\/wp\/v2\/users\/226"}],"replies":[{"embeddable":true,"href":"https:\/\/sisu.ut.ee\/mineraalid-ja-kivimid\/wp-json\/wp\/v2\/comments?post=115"}],"version-history":[{"count":1,"href":"https:\/\/sisu.ut.ee\/mineraalid-ja-kivimid\/wp-json\/wp\/v2\/pages\/115\/revisions"}],"predecessor-version":[{"id":740,"href":"https:\/\/sisu.ut.ee\/mineraalid-ja-kivimid\/wp-json\/wp\/v2\/pages\/115\/revisions\/740"}],"wp:attachment":[{"href":"https:\/\/sisu.ut.ee\/mineraalid-ja-kivimid\/wp-json\/wp\/v2\/media?parent=115"}],"curies":[{"name":"wp","href":"https:\/\/api.w.org\/{rel}","templated":true}]}}