{"id":11,"date":"2024-04-04T06:11:35","date_gmt":"2024-04-04T03:11:35","guid":{"rendered":"https:\/\/sisu.ut.ee\/mineraalid-ja-kivimid\/halogeniidid\/"},"modified":"2024-04-04T06:13:08","modified_gmt":"2024-04-04T03:13:08","slug":"halogeniidid","status":"publish","type":"page","link":"https:\/\/sisu.ut.ee\/mineraalid-ja-kivimid\/halogeniidid\/","title":{"rendered":"Halogeniidid"},"content":{"rendered":"<p>\n\t<font face=\"Arial\"><font style=\"medium;font-style:normal;font-weight:400;letter-spacing:normal;text-align:start;text-indent:0px;text-transform:none\">Levinumad halogeniidid on kloriidid ja fluoriidid. K\u00f5ik halogeniidid on suhteliselt v\u00e4ikese k\u00f5vadusega, klaasil\u00e4ikega ja tekkinud mineraliseeritud vetest v\u00f5i haloidseist gaasidest. Tuntuimad on soolaj\u00e4rvedes settiv mineraal\u00a0<\/font><\/font><a data-url=\"https:\/\/sisu.ut.ee\/mineraalid-ja-kivimid\/haliit\" href=\"https:\/\/sisu.ut.ee\/mineraalid-ja-kivimid\/haliit\" target=\"_blank\" title=\"\" rel=\"noopener\">haliit ehk kivisool<\/a><font face=\"Arial\"><font style=\"medium;font-style:normal;font-weight:400;letter-spacing:normal;text-align:start;text-indent:0px;text-transform:none\">\u00a0ja\u00a0<\/font><\/font><a data-url=\"https:\/\/sisu.ut.ee\/mineraalid-ja-kivimid\/sylviin\" href=\"https:\/\/sisu.ut.ee\/mineraalid-ja-kivimid\/sylviin\" target=\"_blank\" title=\"\" rel=\"noopener\">s\u00fclviin<\/a><font face=\"Arial\"><font style=\"medium;font-style:normal;font-weight:400;letter-spacing:normal;text-align:start;text-indent:0px;text-transform:none\">\u00a0p\u00f5hiliselt soontes esinev\u00a0<\/font><\/font><a data-url=\"https:\/\/sisu.ut.ee\/mineraalid-ja-kivimid\/fluoriit\" href=\"https:\/\/sisu.ut.ee\/mineraalid-ja-kivimid\/fluoriit\" target=\"_blank\" title=\"\" rel=\"noopener\">fluoriit<\/a><font face=\"Arial\"><font style=\"medium;font-style:normal;font-weight:400;letter-spacing:normal;text-align:start;text-indent:0px;text-transform:none\">.<\/font><\/font>\n<\/p>\n<p>\n\t<font face=\"Arial\">Fluoriiti esineb ka Eesti lubjakivides.<\/font>\n<\/p>\n<p style=\"text-align:start\">\n\t<br><span><span style=\"color:#000000\"><span><span style=\"font-style:normal\"><span><span><span style=\"font-weight:400\"><span style=\"letter-spacing:normal\"><span><span style=\"text-transform:none\"><span><span><span><span><span>Koostanud \u00a9 2003 Mare Isakar<\/span><\/span><\/span><\/span><\/span><\/span><\/span><\/span><\/span><\/span><\/span><\/span><\/span><\/span><\/span><\/p>\n","protected":false},"excerpt":{"rendered":"<p>Levinumad halogeniidid on kloriidid ja fluoriidid. K\u00f5ik halogeniidid on suhteliselt v\u00e4ikese k\u00f5vadusega, klaasil\u00e4ikega ja tekkinud mineraliseeritud vetest v\u00f5i haloidseist gaasidest. Tuntuimad on soolaj\u00e4rvedes settiv mineraal\u00a0haliit ehk kivisool\u00a0ja\u00a0s\u00fclviin\u00a0p\u00f5hiliselt soontes esinev\u00a0fluoriit. Fluoriiti esineb ka Eesti lubjakivides. Koostanud \u00a9 2003 Mare Isakar<\/p>\n","protected":false},"author":226,"featured_media":0,"parent":0,"menu_order":0,"comment_status":"closed","ping_status":"closed","template":"","meta":{"_acf_changed":false,"inline_featured_image":false,"footnotes":""},"class_list":["post-11","page","type-page","status-publish","hentry"],"acf":[],"_links":{"self":[{"href":"https:\/\/sisu.ut.ee\/mineraalid-ja-kivimid\/wp-json\/wp\/v2\/pages\/11","targetHints":{"allow":["GET"]}}],"collection":[{"href":"https:\/\/sisu.ut.ee\/mineraalid-ja-kivimid\/wp-json\/wp\/v2\/pages"}],"about":[{"href":"https:\/\/sisu.ut.ee\/mineraalid-ja-kivimid\/wp-json\/wp\/v2\/types\/page"}],"author":[{"embeddable":true,"href":"https:\/\/sisu.ut.ee\/mineraalid-ja-kivimid\/wp-json\/wp\/v2\/users\/226"}],"replies":[{"embeddable":true,"href":"https:\/\/sisu.ut.ee\/mineraalid-ja-kivimid\/wp-json\/wp\/v2\/comments?post=11"}],"version-history":[{"count":1,"href":"https:\/\/sisu.ut.ee\/mineraalid-ja-kivimid\/wp-json\/wp\/v2\/pages\/11\/revisions"}],"predecessor-version":[{"id":840,"href":"https:\/\/sisu.ut.ee\/mineraalid-ja-kivimid\/wp-json\/wp\/v2\/pages\/11\/revisions\/840"}],"wp:attachment":[{"href":"https:\/\/sisu.ut.ee\/mineraalid-ja-kivimid\/wp-json\/wp\/v2\/media?parent=11"}],"curies":[{"name":"wp","href":"https:\/\/api.w.org\/{rel}","templated":true}]}}