{"id":101,"date":"2024-04-04T06:11:44","date_gmt":"2024-04-04T03:11:44","guid":{"rendered":"https:\/\/sisu.ut.ee\/mineraalid-ja-kivimid\/lqhenevus-ja-murre\/"},"modified":"2024-04-04T06:13:04","modified_gmt":"2024-04-04T03:13:04","slug":"lqhenevus-ja-murre","status":"publish","type":"page","link":"https:\/\/sisu.ut.ee\/mineraalid-ja-kivimid\/lqhenevus-ja-murre\/","title":{"rendered":"L\u00f5henevus ja murre"},"content":{"rendered":"<h3>\n\t<b>L\u00f5henevus<\/b><br>\n<\/h3>\n<p>\n\t<b>L\u00f5henevus<\/b>\u00a0on mineraali omadus laguneda mehhaanilise toime m\u00f5jul kildudeks, millel on tasased pinnad \u2013 l\u00f5henevuspinnad. L\u00f5henevus on seotud kristallilise aine korrap\u00e4rase siseehitusega ja on mineraalile iseloomulikuks tunnuseks. L\u00f5henevuspinnad on tavaliselt paralleelsed kristalli tahkudele.\n<\/p>\n<p>\n\tL\u00f5henevusest erinevad\u00a0<b>eraldisvormid<\/b>, mis tekivad enamasti kristallis orienteeritud suletiste \u00f5hukestest kihtidest. Eraldisvormid avalduvad tugevamini murenemisprotsesside k\u00e4igus, n\u00e4iteks\u00a0<a data-url=\"https:\/\/sisu.ut.ee\/mineraalid-ja-kivimid\/korund\" href=\"https:\/\/sisu.ut.ee\/mineraalid-ja-kivimid\/korund\" target=\"_blank\" title=\"\" rel=\"noopener\">korundil<\/a>.\n<\/p>\n<p>\n\t<b>Eristatakse<\/b>\n<\/p>\n<ul>\n<li>\n\t\t\u00fclit\u00e4iuslikku (<a data-url=\"https:\/\/sisu.ut.ee\/mineraalid-ja-kivimid\/vilgud\" href=\"https:\/\/sisu.ut.ee\/mineraalid-ja-kivimid\/vilgud\" target=\"_blank\" title=\"\" rel=\"noopener\">vilgud<\/a>,\u00a0<a data-url=\"https:\/\/sisu.ut.ee\/mineraalid-ja-kivimid\/kips\" href=\"https:\/\/sisu.ut.ee\/mineraalid-ja-kivimid\/kips\" target=\"_blank\" title=\"\" rel=\"noopener\">kips<\/a>)\n\t<\/li>\n<li>\n\t\tt\u00e4iuslikku (<a data-url=\"https:\/\/sisu.ut.ee\/mineraalid-ja-kivimid\/kaltsiit\" href=\"https:\/\/sisu.ut.ee\/mineraalid-ja-kivimid\/kaltsiit\" target=\"_blank\" title=\"\" rel=\"noopener\">kaltsiit<\/a>,\u00a0<a data-url=\"https:\/\/sisu.ut.ee\/mineraalid-ja-kivimid\/galeniit\" href=\"https:\/\/sisu.ut.ee\/mineraalid-ja-kivimid\/galeniit\" target=\"_blank\" title=\"\" rel=\"noopener\">galeniit<\/a>,\u00a0<a data-url=\"https:\/\/sisu.ut.ee\/mineraalid-ja-kivimid\/haliit\" href=\"https:\/\/sisu.ut.ee\/mineraalid-ja-kivimid\/haliit\" target=\"_blank\" title=\"\" rel=\"noopener\">kivisool<\/a>)\n\t<\/li>\n<li>\n\t\tselget (<a data-url=\"https:\/\/sisu.ut.ee\/mineraalid-ja-kivimid\/p2evakivid\" href=\"https:\/\/sisu.ut.ee\/mineraalid-ja-kivimid\/p2evakivid\" target=\"_blank\" title=\"\" rel=\"noopener\">p\u00e4evakivid<\/a>,\u00a0<a data-url=\"https:\/\/sisu.ut.ee\/mineraalid-ja-kivimid\/kyynekivi\" href=\"https:\/\/sisu.ut.ee\/mineraalid-ja-kivimid\/kyynekivi\" target=\"_blank\" title=\"\" rel=\"noopener\">k\u00fc\u00fcnekivid<\/a>)\n\t<\/li>\n<li>\n\t\tebaselget (<a data-url=\"https:\/\/sisu.ut.ee\/mineraalid-ja-kivimid\/apatiit\" href=\"https:\/\/sisu.ut.ee\/mineraalid-ja-kivimid\/apatiit\" target=\"_blank\" title=\"\" rel=\"noopener\">apatiit<\/a>,\u00a0<a data-url=\"https:\/\/sisu.ut.ee\/mineraalid-ja-kivimid\/v%C3%A4%C3%A4vel\" href=\"https:\/\/sisu.ut.ee\/mineraalid-ja-kivimid\/v%C3%A4%C3%A4vel\" target=\"_blank\" title=\"\" rel=\"noopener\">vaavel<\/a>) l\u00f5henevust\n\t<\/li>\n<\/ul>\n<p>L\u00f5henevus v\u00f5ib ka\u00a0<b>t\u00e4iesti puududa<\/b>, nagu\u00a0<a data-url=\"https:\/\/sisu.ut.ee\/mineraalid-ja-kivimid\/kvarts\" href=\"https:\/\/sisu.ut.ee\/mineraalid-ja-kivimid\/kvarts\" target=\"_blank\" title=\"\" rel=\"noopener\">kvartsil<\/a>\u00a0ja\u00a0<a data-url=\"https:\/\/sisu.ut.ee\/mineraalid-ja-kivimid\/pyriit\" href=\"https:\/\/sisu.ut.ee\/mineraalid-ja-kivimid\/pyriit\" target=\"_blank\" title=\"\" rel=\"noopener\">p\u00fcriidil<\/a>.<\/p>\n<p>\n\t\u00a0\n<\/p>\n<h3>\n\t<b>Murdepind<\/b><br>\n<\/h3>\n<p>\n\tMineraalide ebatasased pinnad on\u00a0<b>murdepinnad<\/b>.\n<\/p>\n<p>\n\tEristatakse j\u00e4rgnevaid iseloomulikke murdepindu:\n<\/p>\n<ul>\n<li>\n\t\tkarpjat (n\u00e4iteks kvarts, kaltsedon,\u00a0<a data-url=\"https:\/\/sisu.ut.ee\/mineraalid-ja-kivimid\/vulk_kl1-jpg\" href=\"https:\/\/sisu.ut.ee\/mineraalid-ja-kivimid\/vulk_kl1-jpg\" target=\"_blank\" title=\"\" rel=\"noopener\">vulkaaniline klaas<\/a>)\n\t<\/li>\n<li>\n\t\tastmelist (<a data-url=\"https:\/\/sisu.ut.ee\/mineraalid-ja-kivimid\/pyroop1-jpg\" href=\"https:\/\/sisu.ut.ee\/mineraalid-ja-kivimid\/pyroop1-jpg\" target=\"_blank\" title=\"\" rel=\"noopener\">granaat<\/a>)\n\t<\/li>\n<li>\n\t\tkidajat (<a data-url=\"https:\/\/sisu.ut.ee\/mineraalid-ja-kivimid\/hqbe2-jpg\" href=\"https:\/\/sisu.ut.ee\/mineraalid-ja-kivimid\/hqbe2-jpg\" target=\"_blank\" title=\"\" rel=\"noopener\">h\u00f5be<\/a>)\n\t<\/li>\n<\/ul>\n","protected":false},"excerpt":{"rendered":"<p>L\u00f5henevus L\u00f5henevus\u00a0on mineraali omadus laguneda mehhaanilise toime m\u00f5jul kildudeks, millel on tasased pinnad \u2013 l\u00f5henevuspinnad. L\u00f5henevus on seotud kristallilise aine korrap\u00e4rase siseehitusega ja on mineraalile iseloomulikuks tunnuseks. L\u00f5henevuspinnad on tavaliselt paralleelsed kristalli tahkudele. L\u00f5henevusest erinevad\u00a0eraldisvormid, mis tekivad enamasti kristallis orienteeritud &#8230;<\/p>\n","protected":false},"author":226,"featured_media":0,"parent":0,"menu_order":0,"comment_status":"closed","ping_status":"closed","template":"","meta":{"_acf_changed":false,"inline_featured_image":false,"footnotes":""},"class_list":["post-101","page","type-page","status-publish","hentry"],"acf":[],"_links":{"self":[{"href":"https:\/\/sisu.ut.ee\/mineraalid-ja-kivimid\/wp-json\/wp\/v2\/pages\/101","targetHints":{"allow":["GET"]}}],"collection":[{"href":"https:\/\/sisu.ut.ee\/mineraalid-ja-kivimid\/wp-json\/wp\/v2\/pages"}],"about":[{"href":"https:\/\/sisu.ut.ee\/mineraalid-ja-kivimid\/wp-json\/wp\/v2\/types\/page"}],"author":[{"embeddable":true,"href":"https:\/\/sisu.ut.ee\/mineraalid-ja-kivimid\/wp-json\/wp\/v2\/users\/226"}],"replies":[{"embeddable":true,"href":"https:\/\/sisu.ut.ee\/mineraalid-ja-kivimid\/wp-json\/wp\/v2\/comments?post=101"}],"version-history":[{"count":1,"href":"https:\/\/sisu.ut.ee\/mineraalid-ja-kivimid\/wp-json\/wp\/v2\/pages\/101\/revisions"}],"predecessor-version":[{"id":747,"href":"https:\/\/sisu.ut.ee\/mineraalid-ja-kivimid\/wp-json\/wp\/v2\/pages\/101\/revisions\/747"}],"wp:attachment":[{"href":"https:\/\/sisu.ut.ee\/mineraalid-ja-kivimid\/wp-json\/wp\/v2\/media?parent=101"}],"curies":[{"name":"wp","href":"https:\/\/api.w.org\/{rel}","templated":true}]}}