{"id":10,"date":"2024-04-04T06:11:35","date_gmt":"2024-04-04T03:11:35","guid":{"rendered":"https:\/\/sisu.ut.ee\/mineraalid-ja-kivimid\/hapnikulised-uhendid\/"},"modified":"2024-04-04T06:13:08","modified_gmt":"2024-04-04T03:13:08","slug":"hapnikulised-uhendid","status":"publish","type":"page","link":"https:\/\/sisu.ut.ee\/mineraalid-ja-kivimid\/hapnikulised-uhendid\/","title":{"rendered":"Hapnikulised \u00fchendid"},"content":{"rendered":"<p>\n\t<font face=\"Arial\"><font style=\"medium;font-style:normal;font-weight:400;letter-spacing:normal;text-align:start;text-indent:0px;text-transform:none\">Kuna maakoores on hapnik k\u00f5ige levinuim element, siis on ka mineraalide seas k\u00f5ige rohkem hapnikulisi \u00fchendeid.<\/font><\/font>\n<\/p>\n<p>\n\t<font face=\"Arial\"><b>Oksiidide<\/b>\u00a0ja\u00a0<b>h\u00fcdroksiidide<\/b>\u00a0klassi kuuluvad\u00a0<\/font><a data-url=\"https:\/\/sisu.ut.ee\/mineraalid-ja-kivimid\/hematiit\" href=\"https:\/\/sisu.ut.ee\/mineraalid-ja-kivimid\/hematiit\" target=\"_blank\" title=\"\" rel=\"noopener\">hematiit<\/a><font face=\"Arial\">,\u00a0<\/font><a data-url=\"https:\/\/sisu.ut.ee\/mineraalid-ja-kivimid\/magnetiit\" href=\"https:\/\/sisu.ut.ee\/mineraalid-ja-kivimid\/magnetiit\" target=\"_blank\" title=\"\" rel=\"noopener\">magnetiit<\/a><font face=\"Arial\">,\u00a0<\/font><a data-url=\"https:\/\/sisu.ut.ee\/mineraalid-ja-kivimid\/opaal\" href=\"https:\/\/sisu.ut.ee\/mineraalid-ja-kivimid\/opaal\" target=\"_blank\" title=\"\" rel=\"noopener\">opaal<\/a><font face=\"Arial\">\u00a0ja\u00a0<\/font><a data-url=\"https:\/\/sisu.ut.ee\/mineraalid-ja-kivimid\/korund\" href=\"https:\/\/sisu.ut.ee\/mineraalid-ja-kivimid\/korund\" target=\"_blank\" title=\"\" rel=\"noopener\">korund<\/a><font face=\"Arial\">\u00a0ning ka\u00a0<\/font><a data-url=\"https:\/\/sisu.ut.ee\/mineraalid-ja-kivimid\/kvarts\" href=\"https:\/\/sisu.ut.ee\/mineraalid-ja-kivimid\/kvarts\" target=\"_blank\" title=\"\" rel=\"noopener\">kvartsi<\/a><font face=\"Arial\">\u00a0vaadeldakse oksiidide hulgas. H\u00fcdroksiididest on tuntumad raua (<\/font><a data-url=\"https:\/\/sisu.ut.ee\/mineraalid-ja-kivimid\/gqtiit\" href=\"https:\/\/sisu.ut.ee\/mineraalid-ja-kivimid\/gqtiit\" target=\"_blank\" title=\"\" rel=\"noopener\">g\u00f6tiit<\/a><font face=\"Arial\">) ja mangaani (<\/font><a data-url=\"https:\/\/sisu.ut.ee\/mineraalid-ja-kivimid\/psilomelaan\" href=\"https:\/\/sisu.ut.ee\/mineraalid-ja-kivimid\/psilomelaan\" target=\"_blank\" title=\"\" rel=\"noopener\">psilomelaan<\/a><font face=\"Arial\">) h\u00fcdroksiidid.<\/font>\n<\/p>\n<p>\n\t<font face=\"Arial\">K\u00f5ige arvukama mineraalide klassi moodustavad\u00a0<b>silikaadid<\/b>. Siia kuulub umbes 25% k\u00f5ikidest teadaolevatest mineraalidest, mis moodustavad ligikaudu 90% maakoore mahust. Levinumate silikaatide hulka kuuluvad:\u00a0<\/font><a data-url=\"https:\/\/sisu.ut.ee\/mineraalid-ja-kivimid\/oliviin\" href=\"https:\/\/sisu.ut.ee\/mineraalid-ja-kivimid\/oliviin\" target=\"_blank\" title=\"\" rel=\"noopener\">oliviin<\/a><font face=\"Arial\">,\u00a0<\/font><a data-url=\"https:\/\/sisu.ut.ee\/mineraalid-ja-kivimid\/granaat\" href=\"https:\/\/sisu.ut.ee\/mineraalid-ja-kivimid\/granaat\" target=\"_blank\" title=\"\" rel=\"noopener\">granaadid<\/a><font face=\"Arial\">, epidoot,\u00a0<\/font><a data-url=\"https:\/\/sisu.ut.ee\/mineraalid-ja-kivimid\/disteen\" href=\"https:\/\/sisu.ut.ee\/mineraalid-ja-kivimid\/disteen\" target=\"_blank\" title=\"\" rel=\"noopener\">k\u00fcaniit ehk disteen<\/a><font face=\"Arial\">,\u00a0<\/font><a data-url=\"https:\/\/sisu.ut.ee\/mineraalid-ja-kivimid\/topaas\" href=\"https:\/\/sisu.ut.ee\/mineraalid-ja-kivimid\/topaas\" target=\"_blank\" title=\"\" rel=\"noopener\">topaas<\/a><font face=\"Arial\">,\u00a0<\/font><a data-url=\"https:\/\/sisu.ut.ee\/mineraalid-ja-kivimid\/turmaliin\" href=\"https:\/\/sisu.ut.ee\/mineraalid-ja-kivimid\/turmaliin\" target=\"_blank\" title=\"\" rel=\"noopener\">turmaliin<\/a><font face=\"Arial\">,\u00a0<\/font><a data-url=\"https:\/\/sisu.ut.ee\/mineraalid-ja-kivimid\/ber%C3%BCll\" href=\"https:\/\/sisu.ut.ee\/mineraalid-ja-kivimid\/ber%C3%BCll\" target=\"_blank\" title=\"\" rel=\"noopener\">berull<\/a><font face=\"Arial\">, kordieriit,\u00a0<\/font><a data-url=\"https:\/\/sisu.ut.ee\/mineraalid-ja-kivimid\/pyrokseenid\" href=\"https:\/\/sisu.ut.ee\/mineraalid-ja-kivimid\/pyrokseenid\" target=\"_blank\" title=\"\" rel=\"noopener\">p\u00fcrokseenid<\/a><font face=\"Arial\">\u00a0ja\u00a0<\/font><a data-url=\"https:\/\/sisu.ut.ee\/mineraalid-ja-kivimid\/amfibool\" href=\"https:\/\/sisu.ut.ee\/mineraalid-ja-kivimid\/amfibool\" target=\"_blank\" title=\"\" rel=\"noopener\">amfiboolid<\/a><font face=\"Arial\">,\u00a0<\/font><a data-url=\"https:\/\/sisu.ut.ee\/mineraalid-ja-kivimid\/vilgud\" href=\"https:\/\/sisu.ut.ee\/mineraalid-ja-kivimid\/vilgud\" target=\"_blank\" title=\"\" rel=\"noopener\">vilgud<\/a><font face=\"Arial\">,\u00a0<\/font><a data-url=\"https:\/\/sisu.ut.ee\/mineraalid-ja-kivimid\/talk\" href=\"https:\/\/sisu.ut.ee\/mineraalid-ja-kivimid\/talk\" target=\"_blank\" title=\"\" rel=\"noopener\">talk<\/a><font face=\"Arial\">, kloriidid,\u00a0<\/font><a data-url=\"https:\/\/sisu.ut.ee\/mineraalid-ja-kivimid\/savimineraalid\" href=\"https:\/\/sisu.ut.ee\/mineraalid-ja-kivimid\/savimineraalid\" target=\"_blank\" title=\"\" rel=\"noopener\">savimineraalid<\/a><font face=\"Arial\">,\u00a0<\/font><a data-url=\"https:\/\/sisu.ut.ee\/mineraalid-ja-kivimid\/p2evakivid\" href=\"https:\/\/sisu.ut.ee\/mineraalid-ja-kivimid\/p2evakivid\" target=\"_blank\" title=\"\" rel=\"noopener\">p\u00e4evakivid<\/a><font face=\"Arial\">,\u00a0<\/font><a data-url=\"https:\/\/sisu.ut.ee\/mineraalid-ja-kivimid\/feld%C5%A1patoidid\" href=\"https:\/\/sisu.ut.ee\/mineraalid-ja-kivimid\/feld%C5%A1patoidid\" target=\"_blank\" title=\"\" rel=\"noopener\">feldspatoidid<\/a><font face=\"Arial\">.<\/font>\n<\/p>\n<p>\n\t<font face=\"Arial\"><b>Fosfaatide<\/b>\u00a0klassi tuntuimaks mineraaliks on\u00a0<\/font><a data-url=\"https:\/\/sisu.ut.ee\/mineraalid-ja-kivimid\/apatiit\" href=\"https:\/\/sisu.ut.ee\/mineraalid-ja-kivimid\/apatiit\" target=\"_blank\" title=\"\" rel=\"noopener\">apatiit<\/a><font face=\"Arial\">, siia klassi kuulub ka fosforiit.<\/font>\n<\/p>\n<p>\n\t<font face=\"Arial\"><b>Karbonaatide<\/b>\u00a0klassi kuuluvad sellised laialt levinud mineraalid nagu\u00a0<\/font><a data-url=\"https:\/\/sisu.ut.ee\/mineraalid-ja-kivimid\/kaltsiit\" href=\"https:\/\/sisu.ut.ee\/mineraalid-ja-kivimid\/kaltsiit\" target=\"_blank\" title=\"\" rel=\"noopener\">kaltsiit<\/a><font face=\"Arial\">,\u00a0<\/font><a data-url=\"https:\/\/sisu.ut.ee\/mineraalid-ja-kivimid\/dolomiit-0\" href=\"https:\/\/sisu.ut.ee\/mineraalid-ja-kivimid\/dolomiit-0\" target=\"_blank\" title=\"\" rel=\"noopener\">dolomiit<\/a><font face=\"Arial\">\u00a0ja\u00a0<\/font><a data-url=\"https:\/\/sisu.ut.ee\/mineraalid-ja-kivimid\/aragoniit\" href=\"https:\/\/sisu.ut.ee\/mineraalid-ja-kivimid\/aragoniit\" target=\"_blank\" title=\"\" rel=\"noopener\">aragoniit\u00a0<\/a><font face=\"Arial\">ning ka\u00a0<\/font><a data-url=\"https:\/\/sisu.ut.ee\/mineraalid-ja-kivimid\/malahhiit\" href=\"https:\/\/sisu.ut.ee\/mineraalid-ja-kivimid\/malahhiit\" target=\"_blank\" title=\"\" rel=\"noopener\">malahhiit<\/a><font face=\"Arial\">. Kaltsiit on silikaatide k\u00f5rval \u00fcks sagedaseim mineraal maakoores.<\/font>\n<\/p>\n<p>\n\t<font face=\"Arial\"><b>Sulfaatide<\/b>\u00a0klassi laialt levinud mineraaliks on\u00a0<\/font><a data-url=\"https:\/\/sisu.ut.ee\/mineraalid-ja-kivimid\/kips\" href=\"https:\/\/sisu.ut.ee\/mineraalid-ja-kivimid\/kips\" target=\"_blank\" title=\"\" rel=\"noopener\">kips<\/a><font face=\"Arial\">, laialt on levinud ka\u00a0<\/font><a data-url=\"https:\/\/sisu.ut.ee\/mineraalid-ja-kivimid\/baryyt\" href=\"https:\/\/sisu.ut.ee\/mineraalid-ja-kivimid\/baryyt\" target=\"_blank\" title=\"\" rel=\"noopener\">bar\u00fc\u00fct<\/a><font face=\"Arial\">\u00a0ja anh\u00fcdriit.<\/font>\n<\/p>\n<p style=\"text-align:start\">\n\t<br><span><span style=\"color:#000000\"><span><span style=\"font-style:normal\"><span><span><span style=\"font-weight:400\"><span style=\"letter-spacing:normal\"><span><span style=\"text-transform:none\"><span><span><span><span><span>Koostanud \u00a9 2003 Mare Isakar<\/span><\/span><\/span><\/span><\/span><\/span><\/span><\/span><\/span><\/span><\/span><\/span><\/span><\/span><\/span><\/p>\n","protected":false},"excerpt":{"rendered":"<p>Kuna maakoores on hapnik k\u00f5ige levinuim element, siis on ka mineraalide seas k\u00f5ige rohkem hapnikulisi \u00fchendeid. Oksiidide\u00a0ja\u00a0h\u00fcdroksiidide\u00a0klassi kuuluvad\u00a0hematiit,\u00a0magnetiit,\u00a0opaal\u00a0ja\u00a0korund\u00a0ning ka\u00a0kvartsi\u00a0vaadeldakse oksiidide hulgas. H\u00fcdroksiididest on tuntumad raua (g\u00f6tiit) ja mangaani (psilomelaan) h\u00fcdroksiidid. K\u00f5ige arvukama mineraalide klassi moodustavad\u00a0silikaadid. Siia kuulub umbes 25% k\u00f5ikidest &#8230;<\/p>\n","protected":false},"author":226,"featured_media":0,"parent":0,"menu_order":0,"comment_status":"closed","ping_status":"closed","template":"","meta":{"_acf_changed":false,"inline_featured_image":false,"footnotes":""},"class_list":["post-10","page","type-page","status-publish","hentry"],"acf":[],"_links":{"self":[{"href":"https:\/\/sisu.ut.ee\/mineraalid-ja-kivimid\/wp-json\/wp\/v2\/pages\/10","targetHints":{"allow":["GET"]}}],"collection":[{"href":"https:\/\/sisu.ut.ee\/mineraalid-ja-kivimid\/wp-json\/wp\/v2\/pages"}],"about":[{"href":"https:\/\/sisu.ut.ee\/mineraalid-ja-kivimid\/wp-json\/wp\/v2\/types\/page"}],"author":[{"embeddable":true,"href":"https:\/\/sisu.ut.ee\/mineraalid-ja-kivimid\/wp-json\/wp\/v2\/users\/226"}],"replies":[{"embeddable":true,"href":"https:\/\/sisu.ut.ee\/mineraalid-ja-kivimid\/wp-json\/wp\/v2\/comments?post=10"}],"version-history":[{"count":1,"href":"https:\/\/sisu.ut.ee\/mineraalid-ja-kivimid\/wp-json\/wp\/v2\/pages\/10\/revisions"}],"predecessor-version":[{"id":839,"href":"https:\/\/sisu.ut.ee\/mineraalid-ja-kivimid\/wp-json\/wp\/v2\/pages\/10\/revisions\/839"}],"wp:attachment":[{"href":"https:\/\/sisu.ut.ee\/mineraalid-ja-kivimid\/wp-json\/wp\/v2\/media?parent=10"}],"curies":[{"name":"wp","href":"https:\/\/api.w.org\/{rel}","templated":true}]}}