{"id":10,"date":"2024-04-04T07:27:02","date_gmt":"2024-04-04T04:27:02","guid":{"rendered":"https:\/\/sisu.ut.ee\/mindtour\/publication-and-further-reading-about-accessibility\/"},"modified":"2024-04-04T07:27:21","modified_gmt":"2024-04-04T04:27:21","slug":"publication-and-further-reading-about-accessibility","status":"publish","type":"page","link":"https:\/\/sisu.ut.ee\/mindtour\/publication-and-further-reading-about-accessibility\/","title":{"rendered":"Publication and further reading about accessibility"},"content":{"rendered":"<p>\r\n\t\u00a0\r\n<\/p>\r\n\r\n<p>\r\n\t<span style=\"font-size:18px\"><strong>General reading suggestions on the project topic:<\/strong><\/span>\r\n<\/p>\r\n\r\n<p>\r\n\t\u00a0\r\n<\/p>\r\n\r\n<p>\r\n\t<span style=\"font-size:18px\"><strong>Dissemination in partner countries:<\/strong><\/span>\r\n<\/p>\r\n\r\n<p>\r\n\t<span style=\"font-size:16px\">ESTONIA<\/span>\r\n<\/p>\r\n\r\n<ul>\r\n\t<li>\r\n\t\tUudisnupp projektist ajakirja \u201cSotsiaalt\u00f6\u00f6\u201d veebiv\u00e4ljaandes:\u00a0<a data-url=\"https:\/\/www.tai.ee\/et\/sotsiaaltoo\/parnu-kolledz-ja-muuseum-edendavad-erivajadusi-arvestavat-turismi\" href=\"https:\/\/www.tai.ee\/et\/sotsiaaltoo\/parnu-kolledz-ja-muuseum-edendavad-erivajadusi-arvestavat-turismi\" target=\"_blank\" title=\"Uudisnupp MindTour\" rel=\"noopener\">https:\/\/www.tai.ee\/et\/sotsiaaltoo\/parnu-kolledz-ja-muuseum-edendavad-erivajadusi-arvestavat-turismi<\/a>\r\n\t<\/li>\r\n\t<li>\r\n\t\tUudisnupp ligip\u00e4\u00e4setava turismi infop\u00e4eva kohta ajakirja \u201cSotsiaalt\u00f6\u00f6\u201d veebiv\u00e4ljaandes:\u00a0<a data-url=\"https:\/\/www.tai.ee\/et\/sotsiaaltoo\/ligipaasetava-turismi-infopaev\" href=\"https:\/\/www.tai.ee\/et\/sotsiaaltoo\/ligipaasetava-turismi-infopaev\" target=\"_blank\" title=\"\" rel=\"noopener\">https:\/\/www.tai.ee\/et\/sotsiaaltoo\/ligipaasetava-turismi-infopaev<\/a>\r\n\t<\/li>\r\n<\/ul>\r\n\r\n<p>\r\n\t<span style=\"font-size:16px\">LATVIA<\/span>\r\n<\/p>\r\n\r\n<p>\r\n\t\u00a0\r\n<\/p>\r\n\r\n<p>\r\n\t<span style=\"font-size:16px\">BELGIUM<\/span>\r\n<\/p>\r\n\r\n<ul>\r\n\t<li>\r\n\t\t<h1>\r\n\t\t\t<span style=\"font-size:14px\"><span style=\"font-family:Arial,Helvetica,sans-serif\"><a data-url=\"https:\/\/www.youtube.com\/watch?v=P4ftQRJnL6E\" href=\"https:\/\/www.youtube.com\/watch?v=P4ftQRJnL6E\" target=\"_blank\" title=\"\" rel=\"noopener\">Designing an Inclusive Museum Experience: Postgraduate Space and Service Design<\/a><\/span><\/span>\r\n\t\t<\/h1>\r\n\t<\/li>\r\n\t<li>\r\n\t\t<span style=\"font-size:14px\"><span style=\"font-family:Arial,Helvetica,sans-serif\">Students from Belgium participated with their prototype in EU competition New European Bauhaus Awards and were selected among the\u00a0finalists.<\/span><\/span>\r\n\t<\/li>\r\n<\/ul>\r\n<br><div class=\"wp-block-group attached-files-group is-layout-constrained wp-block-group-is-layout-constrained\"><div class=\"wp-block-file\"><a href=\"https:\/\/sisu.ut.ee\/wp-content\/uploads\/sites\/515\/finalists_new_european_bauhaus.pdf\" target=\"_blank\" rel=\"noreferrer noopener\">finalists_new_european_bauhaus.pdf<\/a><\/div><\/div>","protected":false},"excerpt":{"rendered":"<p>\u00a0 General reading suggestions on the project topic: \u00a0 Dissemination in partner countries: ESTONIA Uudisnupp projektist ajakirja \u201cSotsiaalt\u00f6\u00f6\u201d veebiv\u00e4ljaandes:\u00a0https:\/\/www.tai.ee\/et\/sotsiaaltoo\/parnu-kolledz-ja-muuseum-edendavad-erivajadusi-arvestavat-turismi Uudisnupp ligip\u00e4\u00e4setava turismi infop\u00e4eva kohta ajakirja \u201cSotsiaalt\u00f6\u00f6\u201d veebiv\u00e4ljaandes:\u00a0https:\/\/www.tai.ee\/et\/sotsiaaltoo\/ligipaasetava-turismi-infopaev LATVIA \u00a0 BELGIUM Designing an Inclusive Museum Experience: Postgraduate Space and Service Design &#8230;<\/p>\n","protected":false},"author":265,"featured_media":0,"parent":0,"menu_order":0,"comment_status":"closed","ping_status":"closed","template":"","meta":{"_acf_changed":false,"inline_featured_image":false,"footnotes":""},"class_list":["post-10","page","type-page","status-publish","hentry"],"acf":[],"_links":{"self":[{"href":"https:\/\/sisu.ut.ee\/mindtour\/wp-json\/wp\/v2\/pages\/10","targetHints":{"allow":["GET"]}}],"collection":[{"href":"https:\/\/sisu.ut.ee\/mindtour\/wp-json\/wp\/v2\/pages"}],"about":[{"href":"https:\/\/sisu.ut.ee\/mindtour\/wp-json\/wp\/v2\/types\/page"}],"author":[{"embeddable":true,"href":"https:\/\/sisu.ut.ee\/mindtour\/wp-json\/wp\/v2\/users\/265"}],"replies":[{"embeddable":true,"href":"https:\/\/sisu.ut.ee\/mindtour\/wp-json\/wp\/v2\/comments?post=10"}],"version-history":[{"count":2,"href":"https:\/\/sisu.ut.ee\/mindtour\/wp-json\/wp\/v2\/pages\/10\/revisions"}],"predecessor-version":[{"id":105,"href":"https:\/\/sisu.ut.ee\/mindtour\/wp-json\/wp\/v2\/pages\/10\/revisions\/105"}],"wp:attachment":[{"href":"https:\/\/sisu.ut.ee\/mindtour\/wp-json\/wp\/v2\/media?parent=10"}],"curies":[{"name":"wp","href":"https:\/\/api.w.org\/{rel}","templated":true}]}}