{"id":7,"date":"2024-04-04T04:46:39","date_gmt":"2024-04-04T01:46:39","guid":{"rendered":"https:\/\/sisu.ut.ee\/microlab\/projektid\/"},"modified":"2024-04-04T04:46:40","modified_gmt":"2024-04-04T01:46:40","slug":"projektid","status":"publish","type":"page","link":"https:\/\/sisu.ut.ee\/microlab\/projektid\/","title":{"rendered":"Projektid"},"content":{"rendered":"<ul>\n<li>\n\t\t<a href=\"http:\/\/www.biology.lu.se\/research\/research-groups\/soil-ecology\/research-projects\/soilclim\">Mulla elurikkuse ja \u00f6kos\u00fcsteemi teenuste kohandamine Euroopa agro\u00f6kos\u00fcsteemides kliimamuutuste tingimustes<\/a>\u00a0(ERA-NET COFUND BIODIVERSA3, 2017-2019)\n\t<\/li>\n<li>\n\t\t<a href=\"http:\/\/www.grace-oil-project.eu\/en-US\/\">\u00d5lireostustele reageerimise kompleksmeetmed ja nende m\u00f5ju keskkonnale<\/a>\u00a0(Horisont 2020, 2016-2019)\n\t<\/li>\n<li>\n\t\t<a href=\"http:\/\/www.geograafia.ut.ee\/et\/nanoARB\">Ravimij\u00e4\u00e4gid ja\u00a0s\u00fcnteetilised nanoosakesed reovees: m\u00f5ju reoveepuhastusprotsessile ja\u00a0ravimresistentsuse geenide levikule keskkonnas (2012-2015).<\/a>\n\t<\/li>\n<li>\n\t\tMetsa\u00f6kos\u00fcsteemi \u00f5huniiskusega manipuleerimise eksperimendi (<a href=\"http:\/\/fahm.ut.ee\/avaleht\" target=\"_blank\" rel=\"noopener\">FAHM<\/a>) mulla\u00a0mikroobikoosluse anal\u00fc\u00fcs.\n\t<\/li>\n<li>\n\t\tP\u00e4iderooga kultiveerimise ja v\u00e4etamise m\u00f5ju mulla arhede kooslusele ja selle metaanitootmise potentsiaalile mahaj\u00e4etud freesturba tootmisalal.\n\t<\/li>\n<li>\n\t\tOlentangy River Wetland Research Park (Ohio,\u00a0USA) poolloodusliku m\u00e4rgala mikroobikoosluse liigilise koosseisu ja denitrifikatsiooni potentsiaali uurimine.\n\t<\/li>\n<li>\n\t\tReo- ja j\u00e4rvevee segul p\u00f5hineva fotobioreaktori metagenoomide anal\u00fc\u00fcs.\n\t<\/li>\n<li>\n\t\tBakterikoosluse d\u00fcnaamika bios\u00f6ega kooskompostimisel trummelreaktoris.\n\t<\/li>\n<li>\n\t\tRohumaa mulla mikrobioomi muutus s\u00f5ltuvalt v\u00e4etamise viisist.\n\t<\/li>\n<\/ul>\n","protected":false},"excerpt":{"rendered":"<p>Mulla elurikkuse ja \u00f6kos\u00fcsteemi teenuste kohandamine Euroopa agro\u00f6kos\u00fcsteemides kliimamuutuste tingimustes\u00a0(ERA-NET COFUND BIODIVERSA3, 2017-2019) \u00d5lireostustele reageerimise kompleksmeetmed ja nende m\u00f5ju keskkonnale\u00a0(Horisont 2020, 2016-2019) Ravimij\u00e4\u00e4gid ja\u00a0s\u00fcnteetilised nanoosakesed reovees: m\u00f5ju reoveepuhastusprotsessile ja\u00a0ravimresistentsuse geenide levikule keskkonnas (2012-2015). Metsa\u00f6kos\u00fcsteemi \u00f5huniiskusega manipuleerimise eksperimendi (FAHM) mulla\u00a0mikroobikoosluse anal\u00fc\u00fcs. &#8230;<\/p>\n","protected":false},"author":176,"featured_media":0,"parent":0,"menu_order":0,"comment_status":"closed","ping_status":"closed","template":"","meta":{"_acf_changed":false,"inline_featured_image":false,"footnotes":""},"class_list":["post-7","page","type-page","status-publish","hentry"],"acf":[],"_links":{"self":[{"href":"https:\/\/sisu.ut.ee\/microlab\/wp-json\/wp\/v2\/pages\/7","targetHints":{"allow":["GET"]}}],"collection":[{"href":"https:\/\/sisu.ut.ee\/microlab\/wp-json\/wp\/v2\/pages"}],"about":[{"href":"https:\/\/sisu.ut.ee\/microlab\/wp-json\/wp\/v2\/types\/page"}],"author":[{"embeddable":true,"href":"https:\/\/sisu.ut.ee\/microlab\/wp-json\/wp\/v2\/users\/176"}],"replies":[{"embeddable":true,"href":"https:\/\/sisu.ut.ee\/microlab\/wp-json\/wp\/v2\/comments?post=7"}],"version-history":[{"count":1,"href":"https:\/\/sisu.ut.ee\/microlab\/wp-json\/wp\/v2\/pages\/7\/revisions"}],"predecessor-version":[{"id":17,"href":"https:\/\/sisu.ut.ee\/microlab\/wp-json\/wp\/v2\/pages\/7\/revisions\/17"}],"wp:attachment":[{"href":"https:\/\/sisu.ut.ee\/microlab\/wp-json\/wp\/v2\/media?parent=7"}],"curies":[{"name":"wp","href":"https:\/\/api.w.org\/{rel}","templated":true}]}}