{"id":6,"date":"2024-04-04T04:46:39","date_gmt":"2024-04-04T01:46:39","guid":{"rendered":"https:\/\/sisu.ut.ee\/microlab\/liikmed\/"},"modified":"2024-04-04T04:46:40","modified_gmt":"2024-04-04T01:46:40","slug":"liikmed","status":"publish","type":"page","link":"https:\/\/sisu.ut.ee\/microlab\/liikmed\/","title":{"rendered":"Liikmed"},"content":{"rendered":"<p>\n\tJaak Truu, mikrobioloogia professor, t\u00f6\u00f6r\u00fchma juht\n<\/p>\n<p>\n\tMarika Truu, mikrobioloogia vanemteadur\n<\/p>\n<p>\n\tKristjan Oopkaup, teadur\n<\/p>\n<p>\n\tHiie N\u00f5lvak, teadur<\/p>\n","protected":false},"excerpt":{"rendered":"<p>Jaak Truu, mikrobioloogia professor, t\u00f6\u00f6r\u00fchma juht Marika Truu, mikrobioloogia vanemteadur Kristjan Oopkaup, teadur Hiie N\u00f5lvak, teadur<\/p>\n","protected":false},"author":176,"featured_media":0,"parent":0,"menu_order":0,"comment_status":"closed","ping_status":"closed","template":"","meta":{"_acf_changed":false,"inline_featured_image":false,"footnotes":""},"class_list":["post-6","page","type-page","status-publish","hentry"],"acf":[],"_links":{"self":[{"href":"https:\/\/sisu.ut.ee\/microlab\/wp-json\/wp\/v2\/pages\/6","targetHints":{"allow":["GET"]}}],"collection":[{"href":"https:\/\/sisu.ut.ee\/microlab\/wp-json\/wp\/v2\/pages"}],"about":[{"href":"https:\/\/sisu.ut.ee\/microlab\/wp-json\/wp\/v2\/types\/page"}],"author":[{"embeddable":true,"href":"https:\/\/sisu.ut.ee\/microlab\/wp-json\/wp\/v2\/users\/176"}],"replies":[{"embeddable":true,"href":"https:\/\/sisu.ut.ee\/microlab\/wp-json\/wp\/v2\/comments?post=6"}],"version-history":[{"count":1,"href":"https:\/\/sisu.ut.ee\/microlab\/wp-json\/wp\/v2\/pages\/6\/revisions"}],"predecessor-version":[{"id":16,"href":"https:\/\/sisu.ut.ee\/microlab\/wp-json\/wp\/v2\/pages\/6\/revisions\/16"}],"wp:attachment":[{"href":"https:\/\/sisu.ut.ee\/microlab\/wp-json\/wp\/v2\/media?parent=6"}],"curies":[{"name":"wp","href":"https:\/\/api.w.org\/{rel}","templated":true}]}}