{"id":5,"date":"2024-04-04T04:46:39","date_gmt":"2024-04-04T01:46:39","guid":{"rendered":"https:\/\/sisu.ut.ee\/microlab\/avaleht\/"},"modified":"2024-04-21T19:51:41","modified_gmt":"2024-04-21T16:51:41","slug":"avaleht","status":"publish","type":"page","link":"https:\/\/sisu.ut.ee\/microlab\/","title":{"rendered":"Avaleht"},"content":{"rendered":"<p><strong>Keskkonnamikrobioloogia t\u00f6\u00f6r\u00fchm<\/strong><\/p>\n\n\n\n<p>Keskkonnamikrobioloogia t\u00f6\u00f6r\u00fchma peamiseks eesm\u00e4rgiks on uurida tehislikes ja looduslikes \u00f6kos\u00fcsteemides toimuvaid\u00a0 biogeokeemilisi protsesse. Olulisemad uurimisvaldkonnad on mikroobide poolt vahendatud protsessid l\u00e4mmastiku-, fosfori- ja s\u00fcsinikuringes tehism\u00e4rgalades ning looduslikes \u00f6kos\u00fcsteemides. Veel tegeletakse t\u00e4nap\u00e4eval v\u00e4ga aktuaalse antibiootikumide resistentsusgeenide leviku ning nanoosakestega keskkonnas. Koost\u00f6\u00f6s v\u00e4lis\u00fclikoolidega osaletakse mitmes keskkonna biotehnoloogiaga seotud uurimisprojektis.<\/p>\n\n\n\n<p>Erinevate keskkondade mikroobikoosluse mitmekesisust, aktiivsust ja funktsionaalsust uuritakse kaasaegselt sisustatud laboris kasutades v\u00e4ga erinevaid molekulaarseid meetodeid (nt kvantitatiivne PCR, metagenoomika). T\u00f6\u00f6r\u00fchma igap\u00e4evat\u00f6\u00f6s on ka v\u00e4ga olulisel kohal nii uute molekulaarsete kui ka bioinformaatiliste metoodikate v\u00e4ljat\u00f6\u00f6tamine.<\/p>\n\n\n\n<p>Prof. Jaak Truu juhitud t\u00f6\u00f6r\u00fchm on tegev juba aastast 2008 ja saavutanud selle ajaga v\u00e4ga k\u00f5rge teadusliku taseme. Koost\u00f6\u00f6d tehakse nii Eesti Maa\u00fclikooliga ja Tallinna Tehnika\u00fclikooliga kui ka paljude \u00fclikoolidega v\u00e4lismaal.<\/p>\n\n\n\n<p>Kontakt:\u00a0jaak.truu [at] ut.ee<\/p>\n\n\n\n<p>Riia 23b \u2013 303<\/p>\n","protected":false},"excerpt":{"rendered":"<p>Keskkonnamikrobioloogia t\u00f6\u00f6r\u00fchm Keskkonnamikrobioloogia t\u00f6\u00f6r\u00fchma peamiseks eesm\u00e4rgiks on uurida tehislikes ja looduslikes \u00f6kos\u00fcsteemides toimuvaid\u00a0 biogeokeemilisi protsesse. Olulisemad uurimisvaldkonnad on mikroobide poolt vahendatud protsessid l\u00e4mmastiku-, fosfori- ja s\u00fcsinikuringes tehism\u00e4rgalades ning looduslikes \u00f6kos\u00fcsteemides. Veel tegeletakse t\u00e4nap\u00e4eval v\u00e4ga aktuaalse antibiootikumide resistentsusgeenide leviku ning nanoosakestega &#8230;<\/p>\n","protected":false},"author":176,"featured_media":0,"parent":0,"menu_order":0,"comment_status":"closed","ping_status":"closed","template":"","meta":{"_acf_changed":false,"inline_featured_image":false,"footnotes":""},"class_list":["post-5","page","type-page","status-publish","hentry"],"acf":[],"_links":{"self":[{"href":"https:\/\/sisu.ut.ee\/microlab\/wp-json\/wp\/v2\/pages\/5","targetHints":{"allow":["GET"]}}],"collection":[{"href":"https:\/\/sisu.ut.ee\/microlab\/wp-json\/wp\/v2\/pages"}],"about":[{"href":"https:\/\/sisu.ut.ee\/microlab\/wp-json\/wp\/v2\/types\/page"}],"author":[{"embeddable":true,"href":"https:\/\/sisu.ut.ee\/microlab\/wp-json\/wp\/v2\/users\/176"}],"replies":[{"embeddable":true,"href":"https:\/\/sisu.ut.ee\/microlab\/wp-json\/wp\/v2\/comments?post=5"}],"version-history":[{"count":2,"href":"https:\/\/sisu.ut.ee\/microlab\/wp-json\/wp\/v2\/pages\/5\/revisions"}],"predecessor-version":[{"id":22,"href":"https:\/\/sisu.ut.ee\/microlab\/wp-json\/wp\/v2\/pages\/5\/revisions\/22"}],"wp:attachment":[{"href":"https:\/\/sisu.ut.ee\/microlab\/wp-json\/wp\/v2\/media?parent=5"}],"curies":[{"name":"wp","href":"https:\/\/api.w.org\/{rel}","templated":true}]}}