{"id":3,"date":"2024-04-04T07:56:17","date_gmt":"2024-04-04T04:56:17","guid":{"rendered":"https:\/\/sisu.ut.ee\/metsandus\/avaleht\/"},"modified":"2026-03-28T21:07:31","modified_gmt":"2026-03-28T19:07:31","slug":"avaleht","status":"publish","type":"page","link":"https:\/\/sisu.ut.ee\/metsandus\/","title":{"rendered":"Avaleht"},"content":{"rendered":"<h3 class=\"wp-block-heading\">Loengud<\/h3>\n\n\n\n<ul class=\"wp-block-list\">\n<li><span style=\"color: #ff0000;\">Viljandi, Luua<\/span> ja <span style=\"color: #ff0000;\">Puka<\/span> koolitusp\u00e4evade (2024, 2026) slaidid <a href=\"https:\/\/sisu.ut.ee\/wp-content\/uploads\/sites\/555\/Liira_260326_Viljandi_01.pdf\">PFD<\/a>.<\/li>\n\n\n\n<li><span style=\"color: #ff0000;\">Luua<\/span> GIS\u00a0koolitusp\u00e4eva (4 dets 2024) slaidid <a href=\"https:\/\/sisu.ut.ee\/wp-content\/uploads\/sites\/555\/Liira_241104_Luua_koolitus_GIS_levi.pdf\">PDF<\/a>.<\/li>\n\n\n\n<li>Ettekanne EPPK ja KIKi infop\u00e4eval \u201c<a title=\"\" href=\"https:\/\/epkk.ee\/invest_metsa_kliimamuutus\/\" target=\"_blank\" rel=\"noopener\" data-url=\"https:\/\/epkk.ee\/invest_metsa_kliimamuutus\/\">Investeeringud metsa kliimamuutustega kohanemiseks<\/a>\u201d \u2013 praktilisemad soovitused <a title=\"\" href=\"https:\/\/youtu.be\/OWyaUIk1Rh8?t=7171\" target=\"_blank\" rel=\"noopener\" data-url=\"https:\/\/youtu.be\/OWyaUIk1Rh8?t=7171\">videos minu ettekanne 1:59<\/a><\/li>\n\n\n\n<li>Metsa \u00f6koloogilisema majandamise infop\u00e4evade slaidid 2023 <a href=\"https:\/\/sisu.ut.ee\/wp-content\/uploads\/sites\/555\/liira_231206_tamsalu.pdf\" data-fid=\"81229\">slaidid<\/a><\/li>\n\n\n\n<li>PEFC info- ja koolitusp\u00e4evade\u00a02023\u00a0<a href=\"https:\/\/sisu.ut.ee\/wp-content\/uploads\/sites\/555\/liira_230703_pefc_saastev_metsandus_02_levi_opt.pdf\" data-fid=\"77922\">Slaidid<\/a><\/li>\n\n\n\n<li>\u00d6koloogilisema \u00fclevaatega video-ettekanne EPKK infop\u00e4eval\u00a0<b>\u201e<\/b><a title=\"\" href=\"https:\/\/epkk.ee\/25-03-2023-epkk-infopaev-elurikkuse-soodustamine-natura-2000-erametsades\/\" target=\"_blank\" rel=\"noopener\" data-url=\"https:\/\/epkk.ee\/25-03-2023-epkk-infopaev-elurikkuse-soodustamine-natura-2000-erametsades\/\">Elurikkuse soodustamine Natura 2000 erametsades<\/a><b>\u201c <\/b>teemaga\u00a0\u2018<a title=\"\" href=\"https:\/\/youtu.be\/UMQ0G-qn7_w?t=5141\" target=\"_blank\" rel=\"noopener\" data-url=\"https:\/\/youtu.be\/UMQ0G-qn7_w?t=5141\">Looduss\u00f5bralik metsa majandamine<\/a>\u2018\u00a0(algus 1:25:30)<\/li>\n\n\n\n<li>Luua seminar \u2013 Slaidid EN \u2013 <span class=\"file media-element file-os-files-link\" data-file_info=\"%7B%22fid%22:%2273641%22,%22view_mode%22:%22os_files_link%22,%22type%22:%22media%22%7D\"><img decoding=\"async\" class=\"file-icon\" src=\"\/profiles\/openscholar\/modules\/os\/modules\/os_files\/icons\/application-pdf.svg\" alt=\"\">\u00a0<\/span><strong><a href=\"https:\/\/sisu.ut.ee\/wp-content\/uploads\/sites\/555\/liira_220928_luua_seminar_forest_ecology.pdf\" data-fid=\"73641\">Ecological essence of sustanable forestry<\/a><\/strong>\u00a0\u2013 Luua Sept 2022<\/li>\n\n\n\n<li>Midagi vanemat ja \u00fcld-\u00f6koloogilisemat: e-Ettekanne <a href=\"https:\/\/panopto.ut.ee\/Panopto\/Pages\/Viewer.aspx?id=203f1cd2-f08d-42d4-87b8-ac610082075f\"> Elurikkuse kriis ja m\u00f5ju inimeste tarbitavatele h\u00fcvedele<\/a> (MAK, 28 sept 2020, T\u00dc looma\u00f6koloogia seminar 3 nov 2020)<\/li>\n<\/ul>\n\n\n\n<div style=\"height:54px\" aria-hidden=\"true\" class=\"wp-block-spacer\"><\/div>\n\n\n\n<h3 class=\"wp-block-heading\"><strong>Kaardip\u00f5hised abivahendid<\/strong><\/h3>\n\n\n\n<ul class=\"wp-block-list\">\n<li><a title=\"\" href=\"https:\/\/xgis.maaamet.ee\/xgis2\/page\/link\/ZfIYg5t\" target=\"_blank\" rel=\"noopener\" data-url=\"https:\/\/xgis.maaamet.ee\/xgis2\/page\/link\/ZfIYg5t\">MaaeluGIS<\/a> \u2013 P\u00fcsivam teemakaart, kus on palju kasulikke kihte ja ka Sentinel satipilte \u00fches paketis Maa-ameti XGIS keskkonnas.<\/li>\n\n\n\n<li><span style=\"color: #ff0000;\">Luua kursus:<\/span>\u00a0 <a href=\"https:\/\/xgis.maaamet.ee\/xgis2\/page\/link\/5OkYrHrt\">MaaeluGIS-Mets<\/a> \u2013\u00a0 metsandusliku vaatega<\/li>\n\n\n\n<li>MaaeluGIS\u2019i tutvustus ja baas\u00f5pe Maa-ameti seminaris \u2013 <a title=\"\" href=\"https:\/\/www.youtube.com\/watch?v=BcrHM9q53Xw\" target=\"_blank\" rel=\"noopener\" data-url=\"https:\/\/www.youtube.com\/watch?v=BcrHM9q53Xw\">video<\/a>. (24 jaan 2024)<\/li>\n\n\n\n<li>Surnud puude eri \u2013 <a title=\"\" href=\"https:\/\/xgis.maaamet.ee\/xgis2\/page\/link\/QZPbwog9\" target=\"_blank\" rel=\"noopener\" data-url=\"https:\/\/xgis.maaamet.ee\/xgis2\/page\/link\/QZPbwog9\">MaaeluGIS-puudega<\/a>.<\/li>\n\n\n\n<li>Loeng metsa ja maaelu riiklikest kaardivahenditest EPKK veebi-konverentsil \u201c<a title=\"\" href=\"https:\/\/epkk.ee\/digipoore2023\/\" target=\"_blank\" rel=\"noopener\" data-url=\"https:\/\/epkk.ee\/digipoore2023\/\">Digip\u00f6\u00f6re Eesti maamajanduses<\/a>\u201d\u00a0 \u2013\u00a0\u00a0 <a title=\"\" href=\"https:\/\/video.saundland.ee\/epkk121223\/\" target=\"_blank\" rel=\"noopener\" data-url=\"https:\/\/video.saundland.ee\/epkk121223\/\">ettekande video<\/a><\/li>\n\n\n\n<li>N\u00e4idisversioon \u201coma kihtidesse\u201d lisatud metsa piirjoontega ja looduskaitseliste kihtidega \u2013 <a title=\"\" href=\"https:\/\/xgis.maaamet.ee\/xgis2\/page\/link\/Q5XHmio\" target=\"_blank\" rel=\"noopener\" data-url=\"https:\/\/xgis.maaamet.ee\/xgis2\/page\/link\/Q5XHmio\">Vahastu<\/a><\/li>\n\n\n\n<li>Vana XGIS versioon, mis on \u00fcles ehitatud \u201coma kihtide\u201d baasil \u2013 <a title=\"\" href=\"https:\/\/xgis.maaamet.ee\/xgis2\/page\/link\/gu9uv-Ia\" target=\"_blank\" rel=\"noopener\" data-url=\"https:\/\/xgis.maaamet.ee\/xgis2\/page\/link\/gu9uv-Ia\">MetsaGIS<\/a> \u2013 koondatud metsandust abistavad\u00a0kihid.<\/li>\n\n\n\n<li><a title=\"\" href=\"https:\/\/register.metsad.ee\/#\/\" target=\"_blank\" rel=\"noopener\" data-url=\"https:\/\/register.metsad.ee\/#\/\">Metsaregister<\/a>\u00a0\u2013 Riiklikult metsandusele suunatud tavap\u00e4rane info<\/li>\n\n\n\n<li>Lisaks Maa-ameti <a title=\"\" href=\"https:\/\/fotoladu.maaamet.ee\/?basemap=digiaero&amp;minimap=1972%20Geoloogiakeskus&amp;zlevel=3,25.25902,58.81075&amp;overlay=avaleht\" target=\"_blank\" rel=\"noopener\" data-url=\"https:\/\/fotoladu.maaamet.ee\/?basemap=digiaero&amp;minimap=1972%20Geoloogiakeskus&amp;zlevel=3,25.25902,58.81075&amp;overlay=avaleht\">Fotoladu<\/a>, eelk\u00f5ige\u00a0<a title=\"\" href=\"https:\/\/fotoladu.maaamet.ee\/?basemap=digiaero&amp;minimap=1972%20Geoloogiakeskus&amp;zlevel=3,25.28514,58.81527&amp;fotoarhiiv=fotoplaan&amp;overlay=\" target=\"_blank\" rel=\"noopener\" data-url=\"https:\/\/fotoladu.maaamet.ee\/?basemap=digiaero&amp;minimap=1972%20Geoloogiakeskus&amp;zlevel=3,25.28514,58.81527&amp;fotoarhiiv=fotoplaan&amp;overlay=\">ajalooliste\u00a0aerofotode ja fotoplaanide<\/a>\u00a0rakendus (sh <a title=\"\" href=\"https:\/\/xgis.maaamet.ee\/xgis2\/page\/link\/ALxvwLeI\" target=\"_blank\" rel=\"noopener\" data-url=\"https:\/\/xgis.maaamet.ee\/xgis2\/page\/link\/ALxvwLeI\">Vormsi<\/a>\u00a0n\u00e4ide)<\/li>\n<\/ul>\n\n\n\n<p><strong>EstHUB Satiladu\u00a0(Copenicus)<\/strong><\/p>\n\n\n\n<ul class=\"wp-block-list\">\n<li>Suvepildid Luua\u00a0kohta:\u00a0<a title=\"\" href=\"https:\/\/teenus.maaamet.ee\/ows\/wms-satiladu?sensor=sentinel-2&amp;filter=rgb&amp;date=2021-07-03&amp;hybrid=1&amp;mapbox=624413,6489598,677980,6515080\" target=\"_blank\" rel=\"noopener\" data-url=\"https:\/\/teenus.maaamet.ee\/ows\/wms-satiladu?sensor=sentinel-2&amp;filter=rgb&amp;date=2021-07-03&amp;hybrid=1&amp;mapbox=624413,6489598,677980,6515080\">3.7.2021<\/a>\u00a0ja\u00a0<a title=\"\" href=\"https:\/\/teenus.maaamet.ee\/ows\/wms-satiladu?sensor=sentinel-2&amp;filter=rgb&amp;date=2021-07-25&amp;hybrid=1&amp;mapbox=608828,6498054,684172,6533895\" target=\"_blank\" rel=\"noopener\" data-url=\"https:\/\/teenus.maaamet.ee\/ows\/wms-satiladu?sensor=sentinel-2&amp;filter=rgb&amp;date=2021-07-25&amp;hybrid=1&amp;mapbox=608828,6498054,684172,6533895\">25.7.2021<\/a>\u00a0 (omavaheline v\u00f5rdlus <a title=\"\" href=\"https:\/\/teenus.maaamet.ee\/ows\/wms-satiladu?sensor=sentinel-2&amp;filter=ndvi&amp;date=2020-06-18&amp;csensor=sentinel-2&amp;cfilter=ndvi&amp;cdate=2021-06-03&amp;hybrid=1&amp;borders=1&amp;mapbox=648601,6503130,652356,6505421\" target=\"_blank\" rel=\"noopener\" data-url=\"https:\/\/teenus.maaamet.ee\/ows\/wms-satiladu?sensor=sentinel-2&amp;filter=ndvi&amp;date=2020-06-18&amp;csensor=sentinel-2&amp;cfilter=ndvi&amp;cdate=2021-06-03&amp;hybrid=1&amp;borders=1&amp;mapbox=648601,6503130,652356,6505421\">juunis<\/a> NDVI abil\u00a0<a title=\"\" href=\"https:\/\/teenus.maaamet.ee\/ows\/wms-satiladu?sensor=sentinel-2&amp;filter=pdb&amp;date=2020-07-18&amp;csensor=sentinel-2&amp;cfilter=pdb&amp;cdate=2021-07-25&amp;hybrid=1&amp;mask=0&amp;borders=1&amp;mapbox=649113,6503569,651645,6505265\" target=\"_blank\" rel=\"noopener\" data-url=\"https:\/\/teenus.maaamet.ee\/ows\/wms-satiladu?sensor=sentinel-2&amp;filter=pdb&amp;date=2020-07-18&amp;csensor=sentinel-2&amp;cfilter=pdb&amp;cdate=2021-07-25&amp;hybrid=1&amp;mask=0&amp;borders=1&amp;mapbox=649113,6503569,651645,6505265\">juulis<\/a>\u00a0Maakate-4 indeksi abil) ja X-GIS <a title=\"\" href=\"https:\/\/xgis.maaamet.ee\/xgis2\/page\/link\/6vxPiXEj\" target=\"_blank\" rel=\"noopener\" data-url=\"https:\/\/xgis.maaamet.ee\/xgis2\/page\/link\/6vxPiXEj\">Luua OF<\/a><\/li>\n\n\n\n<li>\u00dcraskir\u00fc\u00fcste Kurista\u00a0<a title=\"\" href=\"https:\/\/teenus.maaamet.ee\/ows\/wms-satiladu?sensor=sentinel-2&amp;filter=ngr&amp;date=2020-08-17&amp;csensor=sentinel-2&amp;cfilter=ngr&amp;cdate=2021-06-18&amp;hybrid=1&amp;mask=4&amp;borders=1&amp;mapbox=630783,6515116,631958,6515901\" target=\"_blank\" rel=\"noopener\" data-url=\"https:\/\/teenus.maaamet.ee\/ows\/wms-satiladu?sensor=sentinel-2&amp;filter=ngr&amp;date=2020-08-17&amp;csensor=sentinel-2&amp;cfilter=ngr&amp;cdate=2021-06-18&amp;hybrid=1&amp;mask=4&amp;borders=1&amp;mapbox=630783,6515116,631958,6515901\">juuni<\/a>\u00a0ja <a title=\"\" href=\"https:\/\/teenus.maaamet.ee\/ows\/wms-satiladu?sensor=sentinel-2&amp;filter=pdb&amp;date=2021-07-25&amp;csensor=sentinel-2&amp;cfilter=pdb&amp;cdate=2021-07-18&amp;hybrid=1&amp;mask=4&amp;borders=1&amp;orto=1&amp;mapbox=630787,6515111,632038,6515947\" target=\"_blank\" rel=\"noopener\" data-url=\"https:\/\/teenus.maaamet.ee\/ows\/wms-satiladu?sensor=sentinel-2&amp;filter=pdb&amp;date=2021-07-25&amp;csensor=sentinel-2&amp;cfilter=pdb&amp;cdate=2021-07-18&amp;hybrid=1&amp;mask=4&amp;borders=1&amp;orto=1&amp;mapbox=630787,6515111,632038,6515947\">juuli<\/a>, ning <a title=\"\" href=\"https:\/\/teenus.maaamet.ee\/ows\/wms-satiladu?sensor=sentinel-2&amp;filter=pdb&amp;date=2019-05-30&amp;csensor=sentinel-2&amp;cfilter=pdb&amp;cdate=2020-06-18&amp;hybrid=1&amp;mask=4&amp;orto=0&amp;mapbox=648198,6434409,649386,6435203\" target=\"_blank\" rel=\"noopener\" data-url=\"https:\/\/teenus.maaamet.ee\/ows\/wms-satiladu?sensor=sentinel-2&amp;filter=pdb&amp;date=2019-05-30&amp;csensor=sentinel-2&amp;cfilter=pdb&amp;cdate=2020-06-18&amp;hybrid=1&amp;mask=4&amp;orto=0&amp;mapbox=648198,6434409,649386,6435203\">Otep\u00e4\u00e4 RP<\/a> ja <a title=\"\" href=\"https:\/\/teenus.maaamet.ee\/ows\/wms-satiladu?sensor=sentinel-2&amp;filter=pdb&amp;date=2019-06-24&amp;csensor=sentinel-2&amp;cfilter=ndr&amp;cdate=2022-07-30&amp;hybrid=1&amp;mask=0&amp;mapbox=645740,6395479,650016,6397436\" target=\"_blank\" rel=\"noopener\" data-url=\"https:\/\/teenus.maaamet.ee\/ows\/wms-satiladu?sensor=sentinel-2&amp;filter=pdb&amp;date=2019-06-24&amp;csensor=sentinel-2&amp;cfilter=ndr&amp;cdate=2022-07-30&amp;hybrid=1&amp;mask=0&amp;mapbox=645740,6395479,650016,6397436\">Karula RP<\/a> n\u00e4ide<\/li>\n\n\n\n<li>Vikipalu <a title=\"\" href=\"https:\/\/teenus.maaamet.ee\/ows\/wms-satiladu?sensor=sentinel-2&amp;filter=pdb&amp;date=2018-06-14&amp;csensor=sentinel-2&amp;cfilter=pdb&amp;cdate=2018-06-09&amp;hybrid=1&amp;mapbox=584167,6572669,592931,6576839\" target=\"_blank\" rel=\"noopener\" data-url=\"https:\/\/teenus.maaamet.ee\/ows\/wms-satiladu?sensor=sentinel-2&amp;filter=pdb&amp;date=2018-06-14&amp;csensor=sentinel-2&amp;cfilter=pdb&amp;cdate=2018-06-09&amp;hybrid=1&amp;mapbox=584167,6572669,592931,6576839\">p\u00f5leng<\/a> juuni 2018<\/li>\n\n\n\n<li>Talvevaate n\u00e4ide\u00a0<a title=\"\" href=\"https:\/\/teenus.maaamet.ee\/ows\/wms-satiladu?sensor=sentinel-2&amp;filter=rgb&amp;date=2022-03-27&amp;csensor=sentinel-2&amp;cfilter=rgb&amp;cdate=2022-02-15&amp;hybrid=1&amp;borders=4&amp;mapbox=670775,6488797,675395,6491685\" target=\"_blank\" rel=\"noopener\" data-url=\"https:\/\/teenus.maaamet.ee\/ows\/wms-satiladu?sensor=sentinel-2&amp;filter=rgb&amp;date=2022-03-27&amp;csensor=sentinel-2&amp;cfilter=rgb&amp;cdate=2022-02-15&amp;hybrid=1&amp;borders=4&amp;mapbox=670775,6488797,675395,6491685\">RGB<\/a>\u00a02022<\/li>\n\n\n\n<li>Lihtne loeng\u00a0satipiltide kasutamisest ja optimeerimisest: <a title=\"\" href=\"https:\/\/www.youtube.com\/watch?v=G1-lwqvRAEc\" target=\"_blank\" rel=\"noopener\" data-url=\"https:\/\/www.youtube.com\/watch?v=G1-lwqvRAEc\">kanalid ja kombineerimine (<\/a>R.G. Congalton, VTgeospatial, 40min)<\/li>\n\n\n\n<li>Rahvusvahelised tuletised:\u00a0<a href=\"https:\/\/glad.earthengine.app\/view\/global-forest-change#dl=0;old=off;bl=off;lon=24.70462414347739;lat=58.71046737290831;zoom=8;\">Global Forest Change<\/a><\/li>\n<\/ul>\n\n\n\n<p><strong>Rahvusarhiiv<\/strong>:\u00a0<a title=\"\" href=\"https:\/\/www.ra.ee\/kaardid\/\" target=\"_blank\" rel=\"noopener\" data-url=\"https:\/\/www.ra.ee\/kaardid\/\">kaardikogu<\/a><\/p>\n\n\n\n<h2 class=\"wp-block-heading\">\u00a0<\/h2>\n\n\n\n<p class=\"has-regular-font-size\">____________________________________________________________<\/p>\n\n\n\n<p>KONTAKT<\/p>\n\n\n\n<p>Jaan Liira\u00a0\u00a0<a href=\"mailto:jaan.liira@ut.ee\">jaan.liira@ut.ee<\/a><br>Tartu \u00dclikool \u00d6MI<\/p>\n\n\n\n<p>Liivi 2-609; k\u00f5neklots 5240798<\/p>\n\n\n\n<p>Personaalne info:\u00a0<a title=\"\" href=\"https:\/\/kodu.ut.ee\/~jliira\/Jaan_Liira_CV_EE.html\" target=\"_blank\" rel=\"noopener\">kodukas<\/a>\u00a0ja\u00a0<a title=\"\" href=\"https:\/\/www.etis.ee\/CV\/Jaan_Liira\/est\" target=\"_blank\" rel=\"noopener\">info ETIS\u2019s<\/a><\/p>\n\n\n\n<p><\/p>\n","protected":false},"excerpt":{"rendered":"<p>Loengud Kaardip\u00f5hised abivahendid EstHUB Satiladu\u00a0(Copenicus) Rahvusarhiiv:\u00a0kaardikogu \u00a0 ____________________________________________________________ KONTAKT Jaan Liira\u00a0\u00a0jaan.liira@ut.eeTartu \u00dclikool \u00d6MI Liivi 2-609; k\u00f5neklots 5240798 Personaalne info:\u00a0kodukas\u00a0ja\u00a0info ETIS\u2019s<\/p>\n","protected":false},"author":198,"featured_media":0,"parent":0,"menu_order":0,"comment_status":"closed","ping_status":"closed","template":"","meta":{"_acf_changed":false,"inline_featured_image":false,"footnotes":""},"class_list":["post-3","page","type-page","status-publish","hentry"],"acf":[],"_links":{"self":[{"href":"https:\/\/sisu.ut.ee\/metsandus\/wp-json\/wp\/v2\/pages\/3","targetHints":{"allow":["GET"]}}],"collection":[{"href":"https:\/\/sisu.ut.ee\/metsandus\/wp-json\/wp\/v2\/pages"}],"about":[{"href":"https:\/\/sisu.ut.ee\/metsandus\/wp-json\/wp\/v2\/types\/page"}],"author":[{"embeddable":true,"href":"https:\/\/sisu.ut.ee\/metsandus\/wp-json\/wp\/v2\/users\/198"}],"replies":[{"embeddable":true,"href":"https:\/\/sisu.ut.ee\/metsandus\/wp-json\/wp\/v2\/comments?post=3"}],"version-history":[{"count":13,"href":"https:\/\/sisu.ut.ee\/metsandus\/wp-json\/wp\/v2\/pages\/3\/revisions"}],"predecessor-version":[{"id":38,"href":"https:\/\/sisu.ut.ee\/metsandus\/wp-json\/wp\/v2\/pages\/3\/revisions\/38"}],"wp:attachment":[{"href":"https:\/\/sisu.ut.ee\/metsandus\/wp-json\/wp\/v2\/media?parent=3"}],"curies":[{"name":"wp","href":"https:\/\/api.w.org\/{rel}","templated":true}]}}