{"id":8,"date":"2024-04-04T06:25:00","date_gmt":"2024-04-04T03:25:00","guid":{"rendered":"https:\/\/sisu.ut.ee\/metoodika\/avaleht\/"},"modified":"2024-04-17T11:36:32","modified_gmt":"2024-04-17T08:36:32","slug":"avaleht","status":"publish","type":"page","link":"https:\/\/sisu.ut.ee\/metoodika\/","title":{"rendered":"Avaleht"},"content":{"rendered":"<blockquote><p>Tere tulemast!<\/p><\/blockquote>\n<p>Olete sattunud lehele, kuhu jooksvalt\u00a0koonduvad metoodilised juhendid \u00f5ppet\u00f6\u00f6\u00a0planeerimiseks ja l\u00e4biviimiseks. Paremal men\u00fc\u00fcs leiate soovitusi\u00a0erinevateks kontakt\u00f5ppe\u00a0stsenaariumiteks ja hindamise kohandamiseks;\u00a0juhiseid\u00a0\u00fcli\u00f5pilaste\u00a0veebi\u00f5ppes kaasamiseks ja nende t\u00f6\u00f6mahu arvestamiseks. Lisatud on ka k\u00e4siraamat \u00f5ppemeetodite kirjeldustega.<\/p>\n<p>Leht on pidevas t\u00e4ienemises.<\/p>\n<p><strong>Head uurimist ja \u00f5ppimist!<\/strong><\/p>\n<p><img loading=\"lazy\" decoding=\"async\" class=\"alignnone size-medium wp-image-21 aligncenter\" src=\"https:\/\/sisu.ut.ee\/wp-content\/uploads\/sites\/450\/motlebki-266x300.jpg\" alt=\"\" width=\"266\" height=\"300\" srcset=\"https:\/\/sisu.ut.ee\/wp-content\/uploads\/sites\/450\/motlebki-266x300.jpg 266w, https:\/\/sisu.ut.ee\/wp-content\/uploads\/sites\/450\/motlebki-907x1024.jpg 907w, https:\/\/sisu.ut.ee\/wp-content\/uploads\/sites\/450\/motlebki-768x867.jpg 768w\" sizes=\"auto, (max-width: 266px) 100vw, 266px\"><\/p>\n","protected":false},"excerpt":{"rendered":"<p>Tere tulemast! Olete sattunud lehele, kuhu jooksvalt\u00a0koonduvad metoodilised juhendid \u00f5ppet\u00f6\u00f6\u00a0planeerimiseks ja l\u00e4biviimiseks. Paremal men\u00fc\u00fcs leiate soovitusi\u00a0erinevateks kontakt\u00f5ppe\u00a0stsenaariumiteks ja hindamise kohandamiseks;\u00a0juhiseid\u00a0\u00fcli\u00f5pilaste\u00a0veebi\u00f5ppes kaasamiseks ja nende t\u00f6\u00f6mahu arvestamiseks. Lisatud on ka k\u00e4siraamat \u00f5ppemeetodite kirjeldustega. Leht on pidevas t\u00e4ienemises. Head uurimist ja \u00f5ppimist!<\/p>\n","protected":false},"author":235,"featured_media":0,"parent":0,"menu_order":0,"comment_status":"closed","ping_status":"closed","template":"","meta":{"_acf_changed":false,"inline_featured_image":false,"footnotes":""},"class_list":["post-8","page","type-page","status-publish","hentry"],"acf":[],"_links":{"self":[{"href":"https:\/\/sisu.ut.ee\/metoodika\/wp-json\/wp\/v2\/pages\/8","targetHints":{"allow":["GET"]}}],"collection":[{"href":"https:\/\/sisu.ut.ee\/metoodika\/wp-json\/wp\/v2\/pages"}],"about":[{"href":"https:\/\/sisu.ut.ee\/metoodika\/wp-json\/wp\/v2\/types\/page"}],"author":[{"embeddable":true,"href":"https:\/\/sisu.ut.ee\/metoodika\/wp-json\/wp\/v2\/users\/235"}],"replies":[{"embeddable":true,"href":"https:\/\/sisu.ut.ee\/metoodika\/wp-json\/wp\/v2\/comments?post=8"}],"version-history":[{"count":5,"href":"https:\/\/sisu.ut.ee\/metoodika\/wp-json\/wp\/v2\/pages\/8\/revisions"}],"predecessor-version":[{"id":122,"href":"https:\/\/sisu.ut.ee\/metoodika\/wp-json\/wp\/v2\/pages\/8\/revisions\/122"}],"wp:attachment":[{"href":"https:\/\/sisu.ut.ee\/metoodika\/wp-json\/wp\/v2\/media?parent=8"}],"curies":[{"name":"wp","href":"https:\/\/api.w.org\/{rel}","templated":true}]}}