{"id":7,"date":"2024-04-04T06:25:00","date_gmt":"2024-04-04T03:25:00","guid":{"rendered":"https:\/\/sisu.ut.ee\/metoodika\/opetamismeetodid-korgkoolis\/"},"modified":"2024-04-17T09:19:41","modified_gmt":"2024-04-17T06:19:41","slug":"opetamismeetodid-korgkoolis","status":"publish","type":"page","link":"https:\/\/sisu.ut.ee\/metoodika\/opetamismeetodid-korgkoolis\/","title":{"rendered":"\u00d5petamismeetodid k\u00f5rgkoolis"},"content":{"rendered":"<blockquote>Milliseid \u00f5ppemeetodeid kasutada?<\/blockquote>\n<p>Igal \u00f5ppej\u00f5ul on oma l\u00e4biproovitud \u00f5petamisviis, mille abil ta loob just temale omaste vahenditega keskkonna, milles aine \u00f5ppimine toimub. Hoolimata v\u00e4ljakujunenud t\u00f6\u00f6viisist ning harjumusp\u00e4rasest \u00f5pikeskkonnast, kerkib iga \u00f5ppej\u00f5u ette aeg-ajalt vajadus leida m\u00f5ni uus \u00f5ppemeetod, sest vanad v\u00f5tted on ennastki \u00e4ra t\u00fc\u00fcdanud, \u00fcli\u00f5pilased muutunud, teemad uuenenud v\u00f5i probleemid keerukamaks l\u00e4inud. Ei ole \u00fchte universaalset viisi, mis alati \u00fchtviisi t\u00f5husalt eesm\u00e4rgile viiks, ent mida rohkem on \u00f5ppej\u00f5ul vahendeid, \u00f5ppemeetodeid, v\u00f5tteid ja ideid \u00f5pikeskkonna kujundamiseks, seda rohkem on tal v\u00f5imalusi \u00fcli\u00f5pilaste \u00f5ppimist toetada ja suunata.<\/p>\n<p>K\u00e4siraamat \u201d\u00d5ppemeetodid k\u00f5rgkoolis\u201d on m\u00f5eldud \u00f5ppej\u00f5ududele, kellel on tahtmist mitmekesistada \u00f5ppemeetodite valikut oma aines ning kes on huvitatud, et \u00fcli\u00f5pilased \u00f5piksid huvi ja r\u00f5\u00f5muga nii k\u00f5rgkoolis kui ka edasises elus. R\u00f5\u00f5m \u00f5ppimisest on suurem s\u00fcgava \u00f5ppimise korral ning k\u00e4siraamatust on v\u00f5imalik leida hulganisti \u00f5ppemeetodeid, mis toetavad j\u00e4relem\u00f5tlemist ja edasim\u00f5tlemist.<\/p>\n\n\n<div class=\"wp-block-group attached-files-group is-layout-constrained wp-block-group-is-layout-constrained\">\n<div class=\"wp-block-file\"><a id=\"wp-block-file--media-a39198ca-4a88-44bb-9c0d-25f94d7f9d85\" href=\"https:\/\/sisu.ut.ee\/wp-content\/uploads\/sites\/450\/oppemeetodid_mari_karm.pdf\" target=\"_blank\" rel=\"noreferrer noopener\">\u00d5ppemeetodid k\u00f5rgkoolis_k\u00e4siraamat<\/a><\/div>\n<\/div>\n","protected":false},"excerpt":{"rendered":"<p>Milliseid \u00f5ppemeetodeid kasutada? Igal \u00f5ppej\u00f5ul on oma l\u00e4biproovitud \u00f5petamisviis, mille abil ta loob just temale omaste vahenditega keskkonna, milles aine \u00f5ppimine toimub. Hoolimata v\u00e4ljakujunenud t\u00f6\u00f6viisist ning harjumusp\u00e4rasest \u00f5pikeskkonnast, kerkib iga \u00f5ppej\u00f5u ette aeg-ajalt vajadus leida m\u00f5ni uus \u00f5ppemeetod, sest vanad &#8230;<\/p>\n","protected":false},"author":235,"featured_media":0,"parent":0,"menu_order":0,"comment_status":"closed","ping_status":"closed","template":"","meta":{"_acf_changed":false,"inline_featured_image":false,"footnotes":""},"class_list":["post-7","page","type-page","status-publish","hentry"],"acf":[],"_links":{"self":[{"href":"https:\/\/sisu.ut.ee\/metoodika\/wp-json\/wp\/v2\/pages\/7","targetHints":{"allow":["GET"]}}],"collection":[{"href":"https:\/\/sisu.ut.ee\/metoodika\/wp-json\/wp\/v2\/pages"}],"about":[{"href":"https:\/\/sisu.ut.ee\/metoodika\/wp-json\/wp\/v2\/types\/page"}],"author":[{"embeddable":true,"href":"https:\/\/sisu.ut.ee\/metoodika\/wp-json\/wp\/v2\/users\/235"}],"replies":[{"embeddable":true,"href":"https:\/\/sisu.ut.ee\/metoodika\/wp-json\/wp\/v2\/comments?post=7"}],"version-history":[{"count":4,"href":"https:\/\/sisu.ut.ee\/metoodika\/wp-json\/wp\/v2\/pages\/7\/revisions"}],"predecessor-version":[{"id":71,"href":"https:\/\/sisu.ut.ee\/metoodika\/wp-json\/wp\/v2\/pages\/7\/revisions\/71"}],"wp:attachment":[{"href":"https:\/\/sisu.ut.ee\/metoodika\/wp-json\/wp\/v2\/media?parent=7"}],"curies":[{"name":"wp","href":"https:\/\/api.w.org\/{rel}","templated":true}]}}