{"id":6,"date":"2024-04-04T06:25:00","date_gmt":"2024-04-04T03:25:00","guid":{"rendered":"https:\/\/sisu.ut.ee\/metoodika\/uliopilase-toomahu-arvestamine\/"},"modified":"2024-04-17T09:20:10","modified_gmt":"2024-04-17T06:20:10","slug":"uliopilase-toomahu-arvestamine","status":"publish","type":"page","link":"https:\/\/sisu.ut.ee\/metoodika\/uliopilase-toomahu-arvestamine\/","title":{"rendered":"\u00dcli\u00f5pilase t\u00f6\u00f6mahu arvestamine"},"content":{"rendered":"<blockquote>Kuidas \u00fcli\u00f5pilase\u00a0t\u00f6\u00f6mahtu arvestada?<\/blockquote>\n<p>\u00dcli\u00f5pilase t\u00f6\u00f6mahtu arvestatakse ainepunktides.\u00a0Alates 2009\/2010\u00a0\u00f5ppeaastast on Eestis kasutusel Euroopa ainepunktis\u00fcsteem (<em>European Credit Transfer and Accumulation System, ECTS<\/em>), kus \u00fcks ainepunkt vastab 26 tunnile t\u00f6\u00f6le, mille \u00fcli\u00f5pilane on \u00f5ppeks kulutanud. \u00dcli\u00f5pilase poolt \u00f5ppet\u00f6\u00f6le kulutatud aja sisse arvestatakse nii kontakt\u00f5ppes osalemist (sh e-\u00f5pe), praktikat, iseseisvat t\u00f6\u00f6d kui ka \u00f5piv\u00e4ljundite hindamist (sh eksam).\u00a0\u00a0<\/p>\n<p>Kuidas oma \u00f5ppeainet selliselt kavandada, et kogu \u00fcli\u00f5pilase tehtav t\u00f6\u00f6 mahuks \u00f5ppeaine EAP-de sisse \u00e4ra?<\/p>\n<p>Uuri l\u00e4hemalt.<\/p>\n\n\n<div class=\"wp-block-group attached-files-group is-layout-constrained wp-block-group-is-layout-constrained\">\n<div class=\"wp-block-file\"><a id=\"wp-block-file--media-1d532614-bd3b-44d9-b190-e987bad3e2d1\" href=\"https:\/\/sisu.ut.ee\/wp-content\/uploads\/sites\/450\/uliopilase_toomahu_hindamine.pdf\" target=\"_blank\" rel=\"noreferrer noopener\">\u00dcliopilase t\u00f6\u00f6mahu hindamine.pdf<\/a><\/div>\n<\/div>\n","protected":false},"excerpt":{"rendered":"<p>Kuidas \u00fcli\u00f5pilase\u00a0t\u00f6\u00f6mahtu arvestada? \u00dcli\u00f5pilase t\u00f6\u00f6mahtu arvestatakse ainepunktides.\u00a0Alates 2009\/2010\u00a0\u00f5ppeaastast on Eestis kasutusel Euroopa ainepunktis\u00fcsteem (European Credit Transfer and Accumulation System, ECTS), kus \u00fcks ainepunkt vastab 26 tunnile t\u00f6\u00f6le, mille \u00fcli\u00f5pilane on \u00f5ppeks kulutanud. \u00dcli\u00f5pilase poolt \u00f5ppet\u00f6\u00f6le kulutatud aja sisse arvestatakse nii &#8230;<\/p>\n","protected":false},"author":235,"featured_media":0,"parent":0,"menu_order":0,"comment_status":"closed","ping_status":"closed","template":"","meta":{"_acf_changed":false,"inline_featured_image":false,"footnotes":""},"class_list":["post-6","page","type-page","status-publish","hentry"],"acf":[],"_links":{"self":[{"href":"https:\/\/sisu.ut.ee\/metoodika\/wp-json\/wp\/v2\/pages\/6","targetHints":{"allow":["GET"]}}],"collection":[{"href":"https:\/\/sisu.ut.ee\/metoodika\/wp-json\/wp\/v2\/pages"}],"about":[{"href":"https:\/\/sisu.ut.ee\/metoodika\/wp-json\/wp\/v2\/types\/page"}],"author":[{"embeddable":true,"href":"https:\/\/sisu.ut.ee\/metoodika\/wp-json\/wp\/v2\/users\/235"}],"replies":[{"embeddable":true,"href":"https:\/\/sisu.ut.ee\/metoodika\/wp-json\/wp\/v2\/comments?post=6"}],"version-history":[{"count":4,"href":"https:\/\/sisu.ut.ee\/metoodika\/wp-json\/wp\/v2\/pages\/6\/revisions"}],"predecessor-version":[{"id":73,"href":"https:\/\/sisu.ut.ee\/metoodika\/wp-json\/wp\/v2\/pages\/6\/revisions\/73"}],"wp:attachment":[{"href":"https:\/\/sisu.ut.ee\/metoodika\/wp-json\/wp\/v2\/media?parent=6"}],"curies":[{"name":"wp","href":"https:\/\/api.w.org\/{rel}","templated":true}]}}