{"id":7,"date":"2024-04-04T00:18:29","date_gmt":"2024-04-03T21:18:29","guid":{"rendered":"https:\/\/sisu.ut.ee\/metobs150\/komiteed\/"},"modified":"2024-04-04T00:18:32","modified_gmt":"2024-04-03T21:18:32","slug":"komiteed","status":"publish","type":"page","link":"https:\/\/sisu.ut.ee\/metobs150\/komiteed\/","title":{"rendered":"Korraldajad"},"content":{"rendered":"<p><strong>Metobs 150 k\u00f5igi s\u00fcndmuste korraldustoimkond:<\/strong><\/p>\n<p>J\u00fcri Elken, TT\u00dc Meres\u00fcsteemid instituut<br> Jaak Jaagus, T\u00dc geograafiaosakond<br> Erko Jakobson, Tartu Observatoorium<br> Arvo J\u00e4rvet, T\u00dc geograafiaosakond<br> Ain Kallis, Eesti Keskkonnagentuur<br> Kadri Kauksi, Eesti Keskkonnaagentuur<br> Laine Keppart, Eesti Taimekasvatuse Instituut<br> Peeter K\u00f5iva<br> Lea Leppik, T\u00dc muuseum<br> Tiia Lillemaa, Tartu Observatoorium<br> Sander Mirme, T\u00dc f\u00fc\u00fcsika instituut<br> Aarne M\u00e4nnik, Eesti Keskkonnagentuur<br> Piia Post, T\u00dc f\u00fc\u00fcsika instituut (esimees)<br> Heli Raagmaa, T\u00dc geograafiaosakond<br> Anu Reinart, Tartu Observatoorium<br> Rein R\u00f5\u00f5m,T\u00dc f\u00fc\u00fcsika instituut\u00a0<br> Erki Tammiksaar, T\u00dc geograafiaosakond<br> Karin Tuvikene, T\u00dc f\u00fc\u00fcsika instituut<br>Kristel Uiboupin, T\u00dc f\u00fc\u00fcsika instituut<br>Ellu Vibur, ilm.ee<br>Marko Zirk, T\u00dc f\u00fc\u00fcsika instituut<\/p>\n<p><strong style=\"line-height: 1.6em\">Metobs 150 ajalookonverentsi komitee:<\/strong><\/p>\n<p>Arvo J\u00e4rvet, T\u00dc geograafiaosakond<br> Ain Kallis, Eesti Keskkonnagentuur<br> Peeter K\u00f5iva<br> Lea Leppik, T\u00dc muuseum (esimees)<br> Piia Post, T\u00dc f\u00fc\u00fcsika instituut <br> Erki Tammiksaar, T\u00dc geograafiaosakond<\/p>\n<p><strong style=\"line-height: 1.6em\">Geof\u00fc\u00fcsika 2015 konverentsi teadusn\u00f5ukogu:<\/strong><\/p>\n<p>J\u00fcri Elken, TT\u00dc Meres\u00fcsteemid instituut (esimees)<br> Artu Ellmann, TT\u00dc Geodeesia \u00f5ppetool<br> Jaak Jaagus, T\u00dc geograafiaosakond<br> Erko Jakobson, Tartu Observatoorium<br> Aarne M\u00e4nnik, Eesti Keskkonnagentuur<br> Piia Post, T\u00dc f\u00fc\u00fcsika instituut <br> Anu Reinart, Tartu Observatoorium<br> Rein R\u00f5\u00f5m, T\u00dc f\u00fc\u00fcsika instituut\u00a0<\/p>\n","protected":false},"excerpt":{"rendered":"<p>Metobs 150 k\u00f5igi s\u00fcndmuste korraldustoimkond: J\u00fcri Elken, TT\u00dc Meres\u00fcsteemid instituut Jaak Jaagus, T\u00dc geograafiaosakond Erko Jakobson, Tartu Observatoorium Arvo J\u00e4rvet, T\u00dc geograafiaosakond Ain Kallis, Eesti Keskkonnagentuur Kadri Kauksi, Eesti Keskkonnaagentuur Laine Keppart, Eesti Taimekasvatuse Instituut Peeter K\u00f5iva Lea Leppik, T\u00dc &#8230;<\/p>\n","protected":false},"author":49,"featured_media":0,"parent":0,"menu_order":0,"comment_status":"closed","ping_status":"closed","template":"","meta":{"_acf_changed":false,"inline_featured_image":false,"footnotes":""},"class_list":["post-7","page","type-page","status-publish","hentry"],"acf":[],"_links":{"self":[{"href":"https:\/\/sisu.ut.ee\/metobs150\/wp-json\/wp\/v2\/pages\/7","targetHints":{"allow":["GET"]}}],"collection":[{"href":"https:\/\/sisu.ut.ee\/metobs150\/wp-json\/wp\/v2\/pages"}],"about":[{"href":"https:\/\/sisu.ut.ee\/metobs150\/wp-json\/wp\/v2\/types\/page"}],"author":[{"embeddable":true,"href":"https:\/\/sisu.ut.ee\/metobs150\/wp-json\/wp\/v2\/users\/49"}],"replies":[{"embeddable":true,"href":"https:\/\/sisu.ut.ee\/metobs150\/wp-json\/wp\/v2\/comments?post=7"}],"version-history":[{"count":1,"href":"https:\/\/sisu.ut.ee\/metobs150\/wp-json\/wp\/v2\/pages\/7\/revisions"}],"predecessor-version":[{"id":35,"href":"https:\/\/sisu.ut.ee\/metobs150\/wp-json\/wp\/v2\/pages\/7\/revisions\/35"}],"wp:attachment":[{"href":"https:\/\/sisu.ut.ee\/metobs150\/wp-json\/wp\/v2\/media?parent=7"}],"curies":[{"name":"wp","href":"https:\/\/api.w.org\/{rel}","templated":true}]}}