{"id":6,"date":"2024-04-04T00:18:29","date_gmt":"2024-04-03T21:18:29","guid":{"rendered":"https:\/\/sisu.ut.ee\/metobs150\/kogumik\/"},"modified":"2024-10-18T09:13:42","modified_gmt":"2024-10-18T06:13:42","slug":"kogumik","status":"publish","type":"page","link":"https:\/\/sisu.ut.ee\/metobs150\/kogumik\/","title":{"rendered":"Kogumik"},"content":{"rendered":"<p>Metobs 150 konverentsi (nii ajaloo kui \u00a0ka geof\u00fc\u00fcsika) ettekannetest anti v\u00e4lja eestikeelne kogumik sarjast Publicationes Geophysicales Universitatis Tartuensis. Toimetajateks on Piia Post, Arvo J\u00e4rvet ning Erki Tammiksaar.\u00a0<\/p>\n<p>Kogumik ilmus 2016. aasta detsembris.<\/p>\n<p>Kogumik on vabalt allalaetav digiarhiivist DSpace<\/p>\n<p><a href=\"http:\/\/dspace.ut.ee\/bitstream\/handle\/10062\/55025\/metobs_150_2016.pdf?sequence=1&amp;isAllowed=y\" target=\"_blank\" rel=\"noopener\">Tartu \u00dclikooli Ilmade Observatooriumi 150. aastap\u00e4eva konverentside artiklid.<\/a><\/p>\n<p><a style=\"line-height: 1.6em\" href=\"http:\/\/dspace.ut.ee\/bitstream\/handle\/10062\/55025\/metobs_150_2016.pdf?sequence=1&amp;isAllowed=y\" target=\"_blank\" rel=\"noopener\">PUBLICATIONES GEOPHYSICALES UNIVERSITATIS TARTUENSIS 51<\/a><\/p>\n","protected":false},"excerpt":{"rendered":"<p>Metobs 150 konverentsi (nii ajaloo kui \u00a0ka geof\u00fc\u00fcsika) ettekannetest anti v\u00e4lja eestikeelne kogumik sarjast Publicationes Geophysicales Universitatis Tartuensis. Toimetajateks on Piia Post, Arvo J\u00e4rvet ning Erki Tammiksaar.\u00a0 Kogumik ilmus 2016. aasta detsembris. Kogumik on vabalt allalaetav digiarhiivist DSpace Tartu \u00dclikooli &#8230;<\/p>\n","protected":false},"author":49,"featured_media":0,"parent":0,"menu_order":0,"comment_status":"closed","ping_status":"closed","template":"","meta":{"_acf_changed":false,"inline_featured_image":false,"footnotes":""},"class_list":["post-6","page","type-page","status-publish","hentry"],"acf":[],"_links":{"self":[{"href":"https:\/\/sisu.ut.ee\/metobs150\/wp-json\/wp\/v2\/pages\/6","targetHints":{"allow":["GET"]}}],"collection":[{"href":"https:\/\/sisu.ut.ee\/metobs150\/wp-json\/wp\/v2\/pages"}],"about":[{"href":"https:\/\/sisu.ut.ee\/metobs150\/wp-json\/wp\/v2\/types\/page"}],"author":[{"embeddable":true,"href":"https:\/\/sisu.ut.ee\/metobs150\/wp-json\/wp\/v2\/users\/49"}],"replies":[{"embeddable":true,"href":"https:\/\/sisu.ut.ee\/metobs150\/wp-json\/wp\/v2\/comments?post=6"}],"version-history":[{"count":1,"href":"https:\/\/sisu.ut.ee\/metobs150\/wp-json\/wp\/v2\/pages\/6\/revisions"}],"predecessor-version":[{"id":36,"href":"https:\/\/sisu.ut.ee\/metobs150\/wp-json\/wp\/v2\/pages\/6\/revisions\/36"}],"wp:attachment":[{"href":"https:\/\/sisu.ut.ee\/metobs150\/wp-json\/wp\/v2\/media?parent=6"}],"curies":[{"name":"wp","href":"https:\/\/api.w.org\/{rel}","templated":true}]}}