{"id":5,"date":"2024-04-04T00:18:29","date_gmt":"2024-04-03T21:18:29","guid":{"rendered":"https:\/\/sisu.ut.ee\/metobs150\/ajalookonverents\/"},"modified":"2024-10-18T09:28:59","modified_gmt":"2024-10-18T06:28:59","slug":"ajalookonverents","status":"publish","type":"page","link":"https:\/\/sisu.ut.ee\/metobs150\/ajalookonverents\/","title":{"rendered":"Ajalookonverents"},"content":{"rendered":"<p>Metobs \u2013 150 ajalookonverents toimub 2. detsembril \u00a02015 kell 11.00-15.00 Tartus Tiigi Seltsimajas (Tiigi 11)<\/p>\n<p>P\u00e4evakord:<\/p>\n<p>Konverentsi avamine<\/p>\n<p>Ettekanded:<\/p>\n<ol>\n<li><em>Erki Tammiksaar<\/em> <a href=\"https:\/\/sisu.ut.ee\/wp-content\/uploads\/sites\/116\/tammiksaar_metobs.pdf\" data-fid=\"12320\">\u00a0Metobsi eel- ja algusaastad<\/a><\/li>\n<li><em>Ain Kallis <\/em><a href=\"https:\/\/sisu.ut.ee\/wp-content\/uploads\/sites\/116\/kallis_metobs.pdf\" data-fid=\"12322\">Jaamade asukohtade muutused 150 aasta jooksul<\/a><\/li>\n<li><em>Arvo J\u00e4rvet\u00a0<\/em><a href=\"https:\/\/sisu.ut.ee\/wp-content\/uploads\/sites\/116\/jarvet_metobs.pdf\" data-fid=\"12318\">Sisevete h\u00fcdroloogiliste vaatluste algusest Eestis<\/a><\/li>\n<li><em>Janet Laidla<\/em>\u00a0<a href=\"https:\/\/sisu.ut.ee\/wp-content\/uploads\/sites\/116\/tallinna_mereobservatoorium_0.pdf\" data-fid=\"12315\">Mereobservatooriumist Tallinnas ja selle sidemetest Tartu T\u00e4hetorniga<\/a><\/li>\n<li><em>Piia Post <\/em><a href=\"https:\/\/prezi.com\/ochh-ef5dek3\/present\/?follow=jnzqfmmwe0kj&amp;auth_key=4qvev8m#16_1759998\" data-url=\"https:\/\/prezi.com\/ochh-ef5dek3\/present\/?follow=jnzqfmmwe0kj&amp;auth_key=4qvev8m#16_1759998\">Metobsi j\u00e4reltulijad<\/a><\/li>\n<\/ol>\n<p>Kohvipaus<\/p>\n<ol>\n<li><em>Peeter K\u00f5iva <\/em>Arthur von Oettingeni eluk\u00e4igust<\/li>\n<li><em>Mart Humal<\/em> \u00a0Arthur von Oettingen ja paljuhelilised h\u00e4\u00e4lestuss\u00fcsteemid<\/li>\n<li><em>Taavi Pae<\/em> August <a href=\"https:\/\/sisu.ut.ee\/wp-content\/uploads\/sites\/116\/pae_metobs.pdf\" data-fid=\"12319\">T\u00f5llasepp 130<\/a><\/li>\n<li><em>Tiina Tammets\u00a0<\/em><a href=\"https:\/\/sisu.ut.ee\/wp-content\/uploads\/sites\/116\/t.tammets2.xii2015_0.pdf\" data-fid=\"12316\">Eesti meteoroloogilise digitaalse andmebaasi kujunemise ajaloost<\/a><\/li>\n<li><em>T\u00f5nu Viik\u00a0<\/em><a href=\"https:\/\/sisu.ut.ee\/wp-content\/uploads\/sites\/116\/viik_metobs.pdf\" data-fid=\"12321\">Kuidas Eesti sai EUMETSATi, ECMWF ja HIRLAMI liikmeks?<\/a><\/li>\n<\/ol>\n<p>Kell 15 toimub <a href=\"http:\/\/www.filateelia.ee\/foorum\/viewtopic.php?t=4615\" target=\"_blank\" title=\"mark\" rel=\"noopener\">Tartu \u00dclikooli Ilmade Observatoorium 150 margi<\/a> esitlus Tiigi Seltsimajas<\/p>\n<p>Orienteeruvalt kell 15.30 j\u00e4rgneb konverentsile jalutusk\u00e4ik Metobsi tegevusega seotud paikadesse (algus Tiigi Seltsimaja juurest, T\u00e4hetorn, Riigiarhiiv, Emaj\u00f5e\u00e4\u00e4rne m\u00f5\u00f5dupunkt \u2026)<\/p>\n<p>Kell 18 pidulik \u00f5htus\u00f6\u00f6k \u00dclikooli kohvikus<\/p>\n<p>Palume registreeruda nii konverentsile kui ka \u00f5htus\u00f6\u00f6gile allj\u00e4rgneval lingil v\u00f5i telefonitsi 737 5523 (Karin Tuvikene)<\/p>\n<p><a href=\"http:\/\/galerii.to.ee\/album\/metobs_150_ajalookonverents_tartus\" data-url=\"http:\/\/galerii.to.ee\/album\/metobs_150_ajalookonverents_tartus\">Fotogalerii 2. dets s\u00fcndmustest<\/a><\/p>\n\n<p>\u00a0<\/p>\n","protected":false},"excerpt":{"rendered":"<p>Metobs \u2013 150 ajalookonverents toimub 2. detsembril \u00a02015 kell 11.00-15.00 Tartus Tiigi Seltsimajas (Tiigi 11) P\u00e4evakord: Konverentsi avamine Ettekanded: Erki Tammiksaar \u00a0Metobsi eel- ja algusaastad Ain Kallis Jaamade asukohtade muutused 150 aasta jooksul Arvo J\u00e4rvet\u00a0Sisevete h\u00fcdroloogiliste vaatluste algusest Eestis Janet &#8230;<\/p>\n","protected":false},"author":49,"featured_media":0,"parent":0,"menu_order":0,"comment_status":"closed","ping_status":"closed","template":"","meta":{"_acf_changed":false,"inline_featured_image":false,"footnotes":""},"class_list":["post-5","page","type-page","status-publish","hentry"],"acf":[],"_links":{"self":[{"href":"https:\/\/sisu.ut.ee\/metobs150\/wp-json\/wp\/v2\/pages\/5","targetHints":{"allow":["GET"]}}],"collection":[{"href":"https:\/\/sisu.ut.ee\/metobs150\/wp-json\/wp\/v2\/pages"}],"about":[{"href":"https:\/\/sisu.ut.ee\/metobs150\/wp-json\/wp\/v2\/types\/page"}],"author":[{"embeddable":true,"href":"https:\/\/sisu.ut.ee\/metobs150\/wp-json\/wp\/v2\/users\/49"}],"replies":[{"embeddable":true,"href":"https:\/\/sisu.ut.ee\/metobs150\/wp-json\/wp\/v2\/comments?post=5"}],"version-history":[{"count":3,"href":"https:\/\/sisu.ut.ee\/metobs150\/wp-json\/wp\/v2\/pages\/5\/revisions"}],"predecessor-version":[{"id":48,"href":"https:\/\/sisu.ut.ee\/metobs150\/wp-json\/wp\/v2\/pages\/5\/revisions\/48"}],"wp:attachment":[{"href":"https:\/\/sisu.ut.ee\/metobs150\/wp-json\/wp\/v2\/media?parent=5"}],"curies":[{"name":"wp","href":"https:\/\/api.w.org\/{rel}","templated":true}]}}