{"id":3,"date":"2024-04-04T00:18:29","date_gmt":"2024-04-03T21:18:29","guid":{"rendered":"https:\/\/sisu.ut.ee\/metobs150\/meedia\/"},"modified":"2024-04-04T00:18:32","modified_gmt":"2024-04-03T21:18:32","slug":"meedia","status":"publish","type":"page","link":"https:\/\/sisu.ut.ee\/metobs150\/meedia\/","title":{"rendered":"METOBS 150 meedias"},"content":{"rendered":"<p><\/p><ol><li><div class=\"ArticleAuthorInfo\">Rein Raudvere. <a href=\"http:\/\/maaleht.delfi.ee\/news\/maaleht\/uudised\/alanud-on-sundmusterikas-ilma-aasta?id=70616021\" target=\"_blank\" rel=\"noopener\">Alanud on s\u00fcndmusterikas ilma-aasta<\/a>. Maaleht (24. jaanuar 2015).<\/div><\/li><li>Ain Kallis. <a href=\"http:\/\/maaleht.delfi.ee\/news\/lehelood\/koik\/rahva-huvi-ilma-vastu-aina-kasvab?id=71099039\" target=\"_blank\" rel=\"noopener\">Rahva huvi ilma vastu aina kasvab<\/a>. Maaleht (26. m\u00e4rts 2015).<\/li><li><span class=\"titleToLink\"><a href=\"http:\/\/tartu.postimees.ee\/3165397\/ilmajaama-avamisel-touseb-katuselt-lendu-ohupall\" data-url=\"http:\/\/tartu.postimees.ee\/3165397\/ilmajaama-avamisel-touseb-katuselt-lendu-ohupall\">Ilmajaama avamisel t\u00f5useb katuselt lendu \u00f5hupall. <\/a>Tartu Postimees (22. aprill 2015)<\/span><\/li><li>Sven Paulus. <a href=\"http:\/\/novaator.err.ee\/v\/uudis\/abd35f06-720a-4eac-9d0c-6b0656a77685\" target=\"_blank\" rel=\"noopener\">Tartu \u00fclikooli uus ilmajaam avatakse \u00fcleilmse \u00f5hupalliv\u00e4ljakutsega<\/a>. ERR Novaator (23. aprill 2015).<\/li><li>\u00d5htulehe video ja galerii: <a href=\"http:\/\/m.ohtuleht.ee\/674710\" data-url=\"http:\/\/m.ohtuleht.ee\/674710\">Tartus avati uhiuus ilmajaam<\/a>. \u00d5htuleht (24.aprill 2015)<\/li><li>UTTV fotod:\u00a0<a href=\"http:\/\/www.uttv.ee\/fotod#id_galerii=9442\" data-url=\"http:\/\/www.uttv.ee\/fotod#id_galerii=9442\">T\u00dc f\u00fc\u00fcsika instituudi uue ilmajaama avamine.<\/a> (24.04.2015)<\/li><li><a href=\"http:\/\/www.reporter.ee\/2015\/04\/24\/tartlaste-heeliumohupall-viib-kaamera-korgustesse\/\" data-url=\"http:\/\/www.reporter.ee\/2015\/04\/24\/tartlaste-heeliumohupall-viib-kaamera-korgustesse\/\">Tartlaste heelium\u00f5hupall viis kaamera k\u00f5rgustesse. <\/a>Reporter\u00a0(24.04.2015)<\/li><li>Rein Raudvere. <a href=\"http:\/\/maaleht.delfi.ee\/news\/maaleht\/uudised\/emajoelinn-sai-uue-moodsa-ilmajaama?id=71303109\" target=\"_blank\" rel=\"noopener\">Emaj\u00f5elinn sai uue moodsa ilmajaama<\/a>. Maaleht (24. aprill 2015)<\/li><li><a href=\"http:\/\/ilm.ee\/?513691\" target=\"_blank\" rel=\"noopener\">Globaalse \u00f5hupalliv\u00e4ljakutsega avatakse Tartu \u00fclikooli uus ilmajaam.<\/a> ilm.ee (24.05.2015)<\/li><li><a href=\"https:\/\/arhiiv.err.ee\/vaata\/aktuaalne-kaamera-424-181535\" data-url=\"https:\/\/arhiiv.err.ee\/vaata\/aktuaalne-kaamera-424-181535\">Uudis ilmapalli kohta saates Aktuaalne kaamera<\/a>\u00a0(alates 25:07) (24. aprill 2015)<\/li><li>Ain Kallis. <a href=\"http:\/\/maaleht.delfi.ee\/news\/maaleht\/uudised\/milline-see-porgu-kliima-siis-on?id=71350441\" target=\"_blank\" rel=\"noopener\">Milline see p\u00f5rgu kliima siis on? <\/a>Maaleht (4. mai 2015)<\/li><li>Ain Kallis. <a style=\"line-height: 1.6em\" href=\"http:\/\/maaleht.delfi.ee\/news\/lehelood\/koik\/paikeseuurijatel-on-mitu-juubelit?id=71672897\" target=\"_blank\" rel=\"noopener\">P\u00e4ikeseuurijatel on mitu juubelit<\/a>. Maaleht (11. juuni 2015).<\/li><li>Victor Vernik, Karl Te\u00e4r. <a href=\"https:\/\/sisu.ut.ee\/wp-content\/uploads\/sites\/116\/vilsandi-ilmajaam-150.pdf\" target=\"_blank\" rel=\"noopener\">Vilsandi ilmajaam 150<\/a>. Vilsandi p\u00e4evade erileht, lk. 3 \u2013 4 (juuli 2015).<\/li><li>Laine Keppart<a href=\"http:\/\/www.vooremaa.ee\/ilmahuviliste-ja-aikesevaatlejate-kokkutulek-tanavu-jogeval\/\" data-url=\"http:\/\/www.vooremaa.ee\/ilmahuviliste-ja-aikesevaatlejate-kokkutulek-tanavu-jogeval\/\"> Ilmahuviliste ja \u00e4ikesevaatlejate kokkutulek t\u00e4navu J\u00f5geval<\/a>. Vooremaa (7.07.2015)<\/li><li>Mati Alev <a href=\"http:\/\/www.vooremaa.ee\/tuulekulmast-on-koige-parem-raakida-suvel\/\" data-url=\"http:\/\/www.vooremaa.ee\/tuulekulmast-on-koige-parem-raakida-suvel\/\">Tuulek\u00fclmast on k\u00f5ige parem r\u00e4\u00e4kida suvel<\/a>. Vooremaa (21.07.2105)<\/li><li>Mati Alev\u00a0<a href=\"http:\/\/www.vooremaa.ee\/kuhu-siis-ikkagi-jai-tanavune-talv\/\" data-url=\"http:\/\/www.vooremaa.ee\/kuhu-siis-ikkagi-jai-tanavune-talv\/\">Kuhu siis ikkagi j\u00e4i t\u00e4navune talv?<\/a> Vooremaa (28.07.2015)<\/li><li>Mati Alev <a href=\"http:\/\/www.vooremaa.ee\/eesti-on-viinamarjakasvatusmaa\/\" data-url=\"http:\/\/www.vooremaa.ee\/eesti-on-viinamarjakasvatusmaa\/\">Eesti on viinamarjakasvatusmaa.<\/a>\u00a0Vooremaa (4.08.2015)<\/li><li>Mati Alev <a href=\"http:\/\/www.vooremaa.ee\/jogevamaa-asub-trombide-teel\/\" data-url=\"http:\/\/www.vooremaa.ee\/jogevamaa-asub-trombide-teel\/\">J\u00f5gevamaa asub trombide teel. <\/a>Vooremaa (11.08.2015)<\/li><li><a href=\"http:\/\/www.eas.ee\/kosmos\/en\/estonian-space-office\/news\/article\/429-eng-uudis-3-july\">Estonian Annual Meeting of Weather Enthusiasts and Thunderstorm Observers Took Place in J\u00f5geva This Year <\/a><\/li><li>Victor Vernik, Karl Te\u00e4r. <a href=\"http:\/\/maaleht.delfi.ee\/news\/lehelood\/koik\/vilsandi-ilmajaam-pidas-150-sunnipaeva?id=71970755\" target=\"_blank\" rel=\"noopener\">Vilsandi ilmajaam pidas 150. s\u00fcnnip\u00e4eva<\/a>. Maaleht (24. juuli 2015)<\/li><li>Sirli Tooming. Vilsandi <a href=\"https:\/\/sisu.ut.ee\/wp-content\/uploads\/sites\/116\/vilsandi-ilmajaama-juubelit-tahistatakse-konverentsiga.png\" target=\"_blank\" rel=\"noopener\">ilmajaama juubelit t\u00e4histatakse konverentsiga<\/a>. Saarte H\u00e4\u00e4l (14. august 2015)<\/li><li>Victor Vernik, Karl Te\u00e4r. <a href=\"https:\/\/sisu.ut.ee\/wp-content\/uploads\/sites\/116\/150-aastat-ilmavaatlusi-vilsandil.pdf\" target=\"_blank\" rel=\"noopener\">150 aastat ilmavaatlusi Vilsandil<\/a>. Saarte H\u00e4\u00e4l (15. august 2015).<\/li><li>Kadri Kauksi. <a href=\"http:\/\/www.ilmateenistus.ee\/2015\/09\/vilsandi-ilmajaamal-taitus-150-aastapaev\/\" target=\"_blank\" rel=\"noopener\">Vilsandi ilmajaamal t\u00e4itus 150. aastap\u00e4ev<\/a>. Riigi Ilmateenistus, pressiteade (3. september 2015)<\/li><li><a href=\"http:\/\/www.bioneer.ee\/eluviis\/loodus\/aid-19803\/Vilsandi-ilmajaamal-t%C3%A4itus-150.-aastap%C3%A4ev\" target=\"_blank\" rel=\"noopener\">Vilsandi ilmajaamal t\u00e4itus 150. aastap\u00e4ev<\/a>. Bioneer (3. september 2015)<\/li><li><a href=\"http:\/\/www.sindigymnaasium.ee\/2015\/10\/09\/fotokonkurss-vihm\/\" target=\"_blank\" rel=\"noopener\">Vihmav\u00f5istlus<\/a> (kuulutus Puka Keskkooli kodulehel)<\/li><li><a href=\"http:\/\/www.sindigymnaasium.ee\/2015\/10\/09\/fotokonkurss-vihm\/\" target=\"_blank\" rel=\"noopener\">Sindi G\u00fcmnaasiumist p\u00e4rit vihmav\u00f5istluse v\u00f5itjad\u00a0<\/a>(Sindi G\u00fcmnaasiumi kodulehelt)<\/li><li><a href=\"http:\/\/issuu.com\/merikehein\/docs\/poska_sonumid_mai_2015\" target=\"_blank\" rel=\"noopener\">Vihmav\u00f5istlus <\/a>(Poska kooli lehe kuulutus , lk 11)<\/li><li><a href=\"http:\/\/www.ut.ee\/et\/uudised\/regulaarsetest-ilmamootmistest-moodub-tartu-ulikoolis-150-aastat\" data-url=\"http:\/\/www.ut.ee\/et\/uudised\/regulaarsetest-ilmamootmistest-moodub-tartu-ulikoolis-150-aastat\">Regulaarsetest ilmam\u00f5\u00f5tmistest m\u00f6\u00f6dub Tartu \u00fclikoolis 150 aastat. T\u00dc pressiteade<\/a> (1. detsember 2015)<\/li><li><a href=\"http:\/\/www.reporter.ee\/2015\/12\/02\/150-aastat-tagasi-moodeti-eestis-esmakordselt-ilmastikunahtusi\/\" data-url=\"http:\/\/www.reporter.ee\/2015\/12\/02\/150-aastat-tagasi-moodeti-eestis-esmakordselt-ilmastikunahtusi\/\">150 aastat tagasi m\u00f5\u00f5deti Eestis esmakordselt ilmastikun\u00e4htusi<\/a>. Reporter Kanal 2 (2. detsember 2015)<\/li><li><a href=\"http:\/\/www.ilmateenistus.ee\/2015\/11\/150-aasta-taitumist-meteoroloogiliste-vaatluste-algusest-tahistatakse-konverentside-ja-uue-margiga\/\" data-url=\"http:\/\/www.ilmateenistus.ee\/2015\/11\/150-aasta-taitumist-meteoroloogiliste-vaatluste-algusest-tahistatakse-konverentside-ja-uue-margiga\/\">150 aasta t\u00e4itumist meteoroloogiliste vaatluste algusest t\u00e4histatakse konverentside ja uue margiga.<\/a>\u00a0KAURi pressiteade (30. nov 2015)<\/li><li><a href=\"http:\/\/www.eas.ee\/kosmos\/et\/eas-kosmosebueroo\/uudised\/artikkel\/506-150-aastat-pidevaid-ilmavaatlusi-eestis\" data-url=\"http:\/\/www.eas.ee\/kosmos\/et\/eas-kosmosebueroo\/uudised\/artikkel\/506-150-aastat-pidevaid-ilmavaatlusi-eestis\"><span>150 aastat pidevaid ilmavaatlusi Eestis.<\/span> Eesti Kosmoseb\u00fcroo <\/a>(2. detsember 2015)<\/li><li><a href=\"http:\/\/www.filateelia.ee\/02-12-2015-tartu-ulikooli-ilmade-observatoorium-150\/\" data-url=\"http:\/\/www.filateelia.ee\/02-12-2015-tartu-ulikooli-ilmade-observatoorium-150\/\">02.12.2015 \u2013 Tartu \u00dclikooli Ilmade Observatoorium 150<\/a> post margist (www.filateelia.ee)<\/li><li><a href=\"http:\/\/lounaeestlane.ee\/science\/item\/4730-regulaarsetest-ilmamootmistest-moeoedub-tartu-ulikoolis-150-aastat\" data-url=\"http:\/\/lounaeestlane.ee\/science\/item\/4730-regulaarsetest-ilmamootmistest-moeoedub-tartu-ulikoolis-150-aastat\">Regulaarsetest ilmam\u00f5\u00f5tmistest m\u00f6\u00f6dub Tartu \u00dclikoolis 150 aastat.<\/a>\u00a0L\u00f5unaeestlane (30.nov 2015)<\/li><li><div>Ain Kallis ja Miina Krabbi. Ilmav\u00f5rgu areng Eestis. Eesti Loodus, Nr 12, 2015, 22-25<\/div><\/li><li><div><\/div><div>Ain Kallis. Ilmade ettekuulutuse tabel. EL, Nr 12, 26-27.<\/div><\/li><li><div><\/div><div>Ain Kallis. Paljude t\u00e4htp\u00e4evadega aastal\u00f5pp. Maaleht, 26.11.2015<\/div><\/li><li><div><\/div><div>Ain Kallis. Paljude t\u00e4htp\u00e4evadega aastal\u00f5pp. ERR saade, 6.11.2015<\/div><\/li><li><div><\/div>Ilma ilmata poleks ilma ollagi! Sakala, 13.06.2015 (Intervjuu A Kallisega).<\/li><li>Ain Kallis. Niiskusm\u00f5\u00f5turid ilmamuuseumides. Eesti Loodus, august, 2015, 45-47.<\/li><li>ETV osoon 18. jaanuar.<\/li><\/ol><br><figure class=\"wp-block-gallery has-nested-images columns-3 is-cropped wp-block-gallery-1 is-layout-flex wp-block-gallery-is-layout-flex\"><figure class=\"wp-block-image size-large\"><a href=\"https:\/\/sisu.ut.ee\/wp-content\/uploads\/sites\/116\/vilsandi-ilmajaama-juubelit-tahistatakse-konverentsiga.png\"><img decoding=\"async\" data-id=\"10\" src=\"https:\/\/sisu.ut.ee\/wp-content\/uploads\/sites\/116\/vilsandi-ilmajaama-juubelit-tahistatakse-konverentsiga.png\" alt=\"\" class=\"wp-ima&lt;\/figcaption&gt;&lt;\/figure&gt;&lt;\/figure&gt;&lt;br&gt;&lt;div class=\" wp-block-group attached-files-group is-layout-constrained wp-block-group-is-layout-constrained><div class=\"wp-block-file\"><a href=\"https:\/\/sisu.ut.ee\/wp-content\/uploads\/sites\/116\/vilsandi-ilmajaam-150.pdf\" target=\"_blank\" rel=\"noreferrer noopener\">vilsandi-ilmajaam-150.pdf<\/a><\/div><div class=\"wp-block-file\"><a href=\"https:\/\/sisu.ut.ee\/wp-content\/uploads\/sites\/116\/150-aastat-ilmavaatlusi-vilsandil.pdf\" target=\"_blank\" rel=\"noreferrer noopener\">150-aastat-ilmavaatlusi-vilsandil.pdf<\/a><\/div><\/a><\/figure><\/figure>","protected":false},"excerpt":{"rendered":"<p>Rein Raudvere. Alanud on s\u00fcndmusterikas ilma-aasta. Maaleht (24. jaanuar 2015). Ain Kallis. Rahva huvi ilma vastu aina kasvab. Maaleht (26. m\u00e4rts 2015). Ilmajaama avamisel t\u00f5useb katuselt lendu \u00f5hupall. Tartu Postimees (22. aprill 2015) Sven Paulus. Tartu \u00fclikooli uus ilmajaam avatakse &#8230;<\/p>\n","protected":false},"author":49,"featured_media":0,"parent":0,"menu_order":0,"comment_status":"closed","ping_status":"closed","template":"","meta":{"_acf_changed":false,"inline_featured_image":false,"footnotes":""},"class_list":["post-3","page","type-page","status-publish","hentry"],"acf":[],"_links":{"self":[{"href":"https:\/\/sisu.ut.ee\/metobs150\/wp-json\/wp\/v2\/pages\/3","targetHints":{"allow":["GET"]}}],"collection":[{"href":"https:\/\/sisu.ut.ee\/metobs150\/wp-json\/wp\/v2\/pages"}],"about":[{"href":"https:\/\/sisu.ut.ee\/metobs150\/wp-json\/wp\/v2\/types\/page"}],"author":[{"embeddable":true,"href":"https:\/\/sisu.ut.ee\/metobs150\/wp-json\/wp\/v2\/users\/49"}],"replies":[{"embeddable":true,"href":"https:\/\/sisu.ut.ee\/metobs150\/wp-json\/wp\/v2\/comments?post=3"}],"version-history":[{"count":2,"href":"https:\/\/sisu.ut.ee\/metobs150\/wp-json\/wp\/v2\/pages\/3\/revisions"}],"predecessor-version":[{"id":42,"href":"https:\/\/sisu.ut.ee\/metobs150\/wp-json\/wp\/v2\/pages\/3\/revisions\/42"}],"wp:attachment":[{"href":"https:\/\/sisu.ut.ee\/metobs150\/wp-json\/wp\/v2\/media?parent=3"}],"curies":[{"name":"wp","href":"https:\/\/api.w.org\/{rel}","templated":true}]}}