{"id":85,"date":"2025-06-27T17:03:15","date_gmt":"2025-06-27T14:03:15","guid":{"rendered":"https:\/\/sisu.ut.ee\/metafest\/?page_id=85"},"modified":"2025-06-28T18:08:15","modified_gmt":"2025-06-28T15:08:15","slug":"kontakt","status":"publish","type":"page","link":"https:\/\/sisu.ut.ee\/metafest\/kontakt\/","title":{"rendered":"Kontakt"},"content":{"rendered":"<p><\/p>\n\n\n\n<p>Kui tunned meie tegemiste vastu rohkem huvi, v\u00f5ta \u00fchendust:<\/p>\n\n\n\n<p><strong>Ann Veismann<\/strong>: ann.veismann@ut.ee<\/p>\n\n\n\n<p>Jakobi 2-402<br>Eesti ja \u00fcldkeeleteaduse instituut<br>Tartu \u00dclikool<br>51005 Tartu<\/p>\n\n\n\n<p><\/p>\n","protected":false},"excerpt":{"rendered":"<p>Kui tunned meie tegemiste vastu rohkem huvi, v\u00f5ta \u00fchendust: Ann Veismann: ann.veismann@ut.ee Jakobi 2-402Eesti ja \u00fcldkeeleteaduse instituutTartu \u00dclikool51005 Tartu<\/p>\n","protected":false},"author":22,"featured_media":0,"parent":0,"menu_order":0,"comment_status":"closed","ping_status":"closed","template":"","meta":{"_acf_changed":false,"inline_featured_image":false,"footnotes":""},"class_list":["post-85","page","type-page","status-publish","hentry"],"acf":[],"_links":{"self":[{"href":"https:\/\/sisu.ut.ee\/metafest\/wp-json\/wp\/v2\/pages\/85","targetHints":{"allow":["GET"]}}],"collection":[{"href":"https:\/\/sisu.ut.ee\/metafest\/wp-json\/wp\/v2\/pages"}],"about":[{"href":"https:\/\/sisu.ut.ee\/metafest\/wp-json\/wp\/v2\/types\/page"}],"author":[{"embeddable":true,"href":"https:\/\/sisu.ut.ee\/metafest\/wp-json\/wp\/v2\/users\/22"}],"replies":[{"embeddable":true,"href":"https:\/\/sisu.ut.ee\/metafest\/wp-json\/wp\/v2\/comments?post=85"}],"version-history":[{"count":3,"href":"https:\/\/sisu.ut.ee\/metafest\/wp-json\/wp\/v2\/pages\/85\/revisions"}],"predecessor-version":[{"id":100,"href":"https:\/\/sisu.ut.ee\/metafest\/wp-json\/wp\/v2\/pages\/85\/revisions\/100"}],"wp:attachment":[{"href":"https:\/\/sisu.ut.ee\/metafest\/wp-json\/wp\/v2\/media?parent=85"}],"curies":[{"name":"wp","href":"https:\/\/api.w.org\/{rel}","templated":true}]}}