{"id":74,"date":"2025-06-27T16:44:48","date_gmt":"2025-06-27T13:44:48","guid":{"rendered":"https:\/\/sisu.ut.ee\/metafest\/?page_id=74"},"modified":"2025-07-03T13:45:57","modified_gmt":"2025-07-03T10:45:57","slug":"teadustoo","status":"publish","type":"page","link":"https:\/\/sisu.ut.ee\/metafest\/teadustoo\/","title":{"rendered":"Teadust\u00f6\u00f6"},"content":{"rendered":"<h2 class=\"wp-block-heading has-light-color has-primary-background-color has-text-color has-background has-link-color wp-elements-19468de7c111021a9d9709cbfc0f856f\" style=\"font-style:normal;font-weight:100;text-transform:capitalize\">Ettekanded<\/h2>\n\n\n<div class=\"accordion-block mb-3\">\n\t\t<div class=\"accordion \" id=\"accordion-accordion-69e23e1fedd0c\">\n\t\t\t\t\t\t\t<div class=\"accordion-item accordion-item--white\">\n\t\t\t\t\t<h2 class=\"accordion-header\" id=\"accordion-69e23e1fedd0c-heading-1\">\n\t\t\t\t\t\t<button class=\"accordion-button collapsed\" type=\"button\" data-bs-toggle=\"collapse\" data-bs-target=\"#accordion-69e23e1fedd0c-collapse-1\" aria-expanded=\"true\" aria-controls=\"accordion-69e23e1fedd0c-collapse-1\">\n\t\t\t\t\t\t\t2025\n\t\t\t\t\t\t<\/button>\n\t\t\t\t\t<\/h2>\n\t\t\t\t\t<div id=\"accordion-69e23e1fedd0c-collapse-1\" class=\"accordion-collapse collapse \" aria-labelledby=\"accordion-69e23e1fedd0c-heading-1\">\n\t\t\t\t\t\t<div class=\"accordion-body\">\n\t\t\t\t\t\t\t<p>Vainik, Ene (2025, June 13). Climbing out of the black hole. The conceptual metaphors of mental health in experience stories. CERLIS2025 Metaphors in Specialized Discourses in and across cultures University of Bergamo, 12-14 June 2025<\/p>\n<p>Veismann, Ann, Marge K\u00e4sper, Mai Ellerm\u00e4e &amp; Karl P\u00fctsepp (2025, June 12). Perception of Danger by Metaphors of Motion. Climate Crisis in Estonian and in French. CERLIS2025 Metaphors in Specialized Discourses in and across cultures University of Bergamo, 12-14 June 2025<\/p>\n<p>Vainik, Ene &amp; Geda Paulsen (2025, May 19). Dictionary \u2013 A PERSON and A CONTAINER. Cognitive Linguistics on the Flowering Banks of the Aura River (19\u201320 May 2025), Turku.<\/p>\n<p>Veismann, Ann &amp; Piia Taremaa (2025, May 19). The continuum between metaphors and literal language. Cognitive Linguistics on the Flowering Banks of the Aura River (19\u201320 May 2025), Turku.<\/p>\n\n\t\t\t\t\t\t<\/div>\n\t\t\t\t\t<\/div>\n\t\t\t\t<\/div>\n\t\t\t\t\t\t\t<div class=\"accordion-item accordion-item--white\">\n\t\t\t\t\t<h2 class=\"accordion-header\" id=\"accordion-69e23e1fedd0c-heading-2\">\n\t\t\t\t\t\t<button class=\"accordion-button collapsed\" type=\"button\" data-bs-toggle=\"collapse\" data-bs-target=\"#accordion-69e23e1fedd0c-collapse-2\" aria-expanded=\"true\" aria-controls=\"accordion-69e23e1fedd0c-collapse-2\">\n\t\t\t\t\t\t\t2024\n\t\t\t\t\t\t<\/button>\n\t\t\t\t\t<\/h2>\n\t\t\t\t\t<div id=\"accordion-69e23e1fedd0c-collapse-2\" class=\"accordion-collapse collapse \" aria-labelledby=\"accordion-69e23e1fedd0c-heading-2\">\n\t\t\t\t\t\t<div class=\"accordion-body\">\n\t\t\t\t\t\t\t<p>Veismann, Ann &amp; Piia Taremaa (2024). Encoding path and manner in metaphorical motion sentences. AFLiCo-9 \u201cEmbodied and Ecolinguistic Approaches to Cognitive Linguistics\u201d, 15-17 mai 2024 Lyon. <a href=\"https:\/\/aflico9.sciencesconf.org\/\">https:\/\/aflico9.sciencesconf.org\/<\/a><\/p>\n<p>Vainik, Ene &amp; Geda Paulsen (2024). The value-driven metaphors of LANGUAGE during the debates of \u201clanguage crisis\u201d in Estonia (2020\u20142022). AFLiCo-9 \u201cEmbodied and Ecolinguistic Approaches to Cognitive Linguistics\u201d, 15-17 mai 2024 Lyon. <a href=\"https:\/\/aflico9.sciencesconf.org\/\">https:\/\/aflico9.sciencesconf.org\/<\/a><\/p>\n<p>Vainik, Ene &amp; Geda Paulsen (2024). Pelastakaa kieli! Kielen metaforat kielikiistassa. Ettekanne 20. s\u00fcmpoosiumil Spr\u00e5kets funktion, 27.\u201328.5.2024, \u00c5bo Akademi, Turku.<\/p>\n<p>K\u00e4sper, Marge &amp; Ann Veismann (2024). Inclusion and Exclusion in the Normalization of Remote Work: A Comparative Analysis of Media Coverage during the COVID-19 Pandemic. In: RaAM 2024 specialised seminar \u2013 Metaphor, Inclusion, and Accessibility, 6-7 Jun 2024 Macerata, Italy. <a href=\"https:\/\/raam2024.sciencesconf.org\/\">https:\/\/raam2024.sciencesconf.org\/<\/a>.<\/p>\n<p>Veismann, Ann &amp; Ene Vainik (2024). EURALEX conference Workshop Figurative Language and Large Language Models, organized by Kristina \u0160. Despot, Ana Ostro\u0161ki Ani\u0107, 8th october 2024, Dubrovnik, Croatia. <a href=\"https:\/\/euralex.jezik.hr\/workshops\/\">https:\/\/euralex.jezik.hr\/workshops\/<\/a><\/p>\n\n\t\t\t\t\t\t<\/div>\n\t\t\t\t\t<\/div>\n\t\t\t\t<\/div>\n\t\t\t\t\t<\/div>\n\t<\/div>\n\n\n\n<h2 class=\"wp-block-heading has-light-color has-primary-background-color has-text-color has-background has-link-color wp-elements-29773e7a8f0f1bd6caf078a04625e0d7\" style=\"font-style:normal;font-weight:100\">Artiklid<\/h2>\n\n\n<div class=\"accordion-block mb-3\">\n\t\t<div class=\"accordion \" id=\"accordion-accordion-69e23e1fee1d5\">\n\t\t\t\t\t\t\t<div class=\"accordion-item accordion-item--white\">\n\t\t\t\t\t<h2 class=\"accordion-header\" id=\"accordion-69e23e1fee1d5-heading-1\">\n\t\t\t\t\t\t<button class=\"accordion-button collapsed\" type=\"button\" data-bs-toggle=\"collapse\" data-bs-target=\"#accordion-69e23e1fee1d5-collapse-1\" aria-expanded=\"true\" aria-controls=\"accordion-69e23e1fee1d5-collapse-1\">\n\t\t\t\t\t\t\t2025\n\t\t\t\t\t\t<\/button>\n\t\t\t\t\t<\/h2>\n\t\t\t\t\t<div id=\"accordion-69e23e1fee1d5-collapse-1\" class=\"accordion-collapse collapse \" aria-labelledby=\"accordion-69e23e1fee1d5-heading-1\">\n\t\t\t\t\t\t<div class=\"accordion-body\">\n\t\t\t\t\t\t\t<p>TBA<\/p>\n\n\t\t\t\t\t\t<\/div>\n\t\t\t\t\t<\/div>\n\t\t\t\t<\/div>\n\t\t\t\t\t<\/div>\n\t<\/div>\n","protected":false},"excerpt":{"rendered":"<p>Ettekanded Artiklid<\/p>\n","protected":false},"author":22,"featured_media":0,"parent":0,"menu_order":0,"comment_status":"closed","ping_status":"closed","template":"","meta":{"_acf_changed":false,"inline_featured_image":false,"footnotes":""},"class_list":["post-74","page","type-page","status-publish","hentry"],"acf":[],"_links":{"self":[{"href":"https:\/\/sisu.ut.ee\/metafest\/wp-json\/wp\/v2\/pages\/74","targetHints":{"allow":["GET"]}}],"collection":[{"href":"https:\/\/sisu.ut.ee\/metafest\/wp-json\/wp\/v2\/pages"}],"about":[{"href":"https:\/\/sisu.ut.ee\/metafest\/wp-json\/wp\/v2\/types\/page"}],"author":[{"embeddable":true,"href":"https:\/\/sisu.ut.ee\/metafest\/wp-json\/wp\/v2\/users\/22"}],"replies":[{"embeddable":true,"href":"https:\/\/sisu.ut.ee\/metafest\/wp-json\/wp\/v2\/comments?post=74"}],"version-history":[{"count":11,"href":"https:\/\/sisu.ut.ee\/metafest\/wp-json\/wp\/v2\/pages\/74\/revisions"}],"predecessor-version":[{"id":135,"href":"https:\/\/sisu.ut.ee\/metafest\/wp-json\/wp\/v2\/pages\/74\/revisions\/135"}],"wp:attachment":[{"href":"https:\/\/sisu.ut.ee\/metafest\/wp-json\/wp\/v2\/media?parent=74"}],"curies":[{"name":"wp","href":"https:\/\/api.w.org\/{rel}","templated":true}]}}